{"id":1808777,"date":"2025-03-28T20:34:25","date_gmt":"2025-03-28T18:34:25","guid":{"rendered":"https:\/\/liquidmaster.pl\/autoglym-rapid-ceramic-spray-500ml-powloka-ceramiczna-w-sprayu\/"},"modified":"2026-04-18T04:44:26","modified_gmt":"2026-04-18T02:44:26","slug":"autoglym-rapid-ceramic-spray-500ml-powloka-ceramiczna-w-sprayu","status":"publish","type":"product","link":"https:\/\/liquidmaster.pl\/en\/autoglym-rapid-ceramic-spray-500ml-powloka-ceramiczna-w-sprayu\/","title":{"rendered":"Autoglym Rapid Ceramic Spray 500ml \u2013 ceramic coating spray"},"content":{"rendered":"<p>Applying a protective ceramic coating often takes time to achieve the best results. Rapid Ceramic Spray is a quick and easy way to provide paint protection. The ceramic-hybrid formula bonds quickly with the paint with a simple spray and buff with a microfiber cloth. The tropically scented coating provides up to 3 months of lasting hydrophobic protection, and the unique, deep, glass-like finish will make your car stand out from the crowd.<\/p>\n<p>Instructions on how to use the product correctly:<\/p>\n<li>Wash your car thoroughly and decontaminate the paintwork using Autoglym Magma or the Clay Detailing Complete Kit.<\/li>\n<li>Shake the bottle well. Work on a wet or dry painted surface, no larger than arms&#039; reach. On a dry car: Spray sparingly directly onto the paintwork or onto a clean microfiber cloth or applicator and spread evenly. On a wet car: Spray sparingly directly onto the paintwork and spread with a drying cloth, such as Autoglym InstaDry. Two to three pumps of the spray bottle are sufficient for a wet panel. For a smaller panel, a maximum of two pumps is sufficient.<\/li>\n<li>Use an Autoglym Hi-Tech Finishing Cloth and buff the treated panel to a high shine before moving on to the next area of paintwork. Use additional cloths as needed.<\/li>\n<li>You can apply a second layer of the product if you wait 24 hours between applications.<\/li>\n<p>Important: May cause mild eye irritation. In case of contact with eyes, rinse thoroughly with water and seek medical advice if irritation persists.<\/p>\n<p>Note: If the product is left on the surface for too long without polishing, it may be difficult to remove. If this happens, spray the surface with the same product and polish immediately. Remove the product from plastic or glass with Autoglym Intensive Tar Remover.<\/p>\n<p>Capacity 500 ml<\/p>","protected":false},"excerpt":{"rendered":"<p>Aplikowanie ochronnej pow\u0142oki ceramicznej bardzo cz\u0119sto wymaga czasu, aby osi\u0105gn\u0105\u0107 najlepszy rezultat. Rapid Ceramic Spray to szybki i \u0142atwy w aplikacji spos\u00f3b na zapewnienie ochrony dla lakieru. Ceramiczno &#8211; Hybrydowa formu\u0142a szybko wi\u0105\u017ce si\u0119 z lakierem za pomoc\u0105 prostego sprayu i polerowania mikrofibr\u0105. Pow\u0142oka o zapachu tropikalnym zapewnia do 3 miesi\u0119cy trwa\u0142ej hydrofobowej ochrony, a&hellip;&nbsp;<a href=\"https:\/\/liquidmaster.pl\/en\/autoglym-rapid-ceramic-spray-500ml-powloka-ceramiczna-w-sprayu\/\" rel=\"bookmark\">Read More \u00bb<span class=\"screen-reader-text\">Autoglym Rapid Ceramic Spray 500ml \u2013 ceramic coating spray<\/span><\/a><\/p>","protected":false},"featured_media":1849574,"comment_status":"open","ping_status":"open","template":"","meta":{"neve_meta_sidebar":"","neve_meta_container":"","neve_meta_enable_content_width":"","neve_meta_content_width":0,"neve_meta_title_alignment":"","neve_meta_author_avatar":"","neve_post_elements_order":"","neve_meta_disable_header":"","neve_meta_disable_footer":"","neve_meta_disable_title":"","_themeisle_gutenberg_block_has_review":false},"product_brand":[],"product_cat":[733,766,767],"product_tag":[265],"class_list":{"0":"post-1808777","1":"product","2":"type-product","3":"status-publish","4":"has-post-thumbnail","6":"product_cat-na-zewnatrz","7":"product_cat-ochrona-lakieru","8":"product_cat-quick-detailery","9":"product_tag-autoglym","11":"first","12":"instock","13":"taxable","14":"shipping-taxable","15":"purchasable","16":"product-type-simple"},"_links":{"self":[{"href":"https:\/\/liquidmaster.pl\/en\/wp-json\/wp\/v2\/product\/1808777","targetHints":{"allow":["GET"]}}],"collection":[{"href":"https:\/\/liquidmaster.pl\/en\/wp-json\/wp\/v2\/product"}],"about":[{"href":"https:\/\/liquidmaster.pl\/en\/wp-json\/wp\/v2\/types\/product"}],"replies":[{"embeddable":true,"href":"https:\/\/liquidmaster.pl\/en\/wp-json\/wp\/v2\/comments?post=1808777"}],"wp:featuredmedia":[{"embeddable":true,"href":"https:\/\/liquidmaster.pl\/en\/wp-json\/wp\/v2\/media\/1849574"}],"wp:attachment":[{"href":"https:\/\/liquidmaster.pl\/en\/wp-json\/wp\/v2\/media?parent=1808777"}],"wp:term":[{"taxonomy":"product_brand","embeddable":true,"href":"https:\/\/liquidmaster.pl\/en\/wp-json\/wp\/v2\/product_brand?post=1808777"},{"taxonomy":"product_cat","embeddable":true,"href":"https:\/\/liquidmaster.pl\/en\/wp-json\/wp\/v2\/product_cat?post=1808777"},{"taxonomy":"product_tag","embeddable":true,"href":"https:\/\/liquidmaster.pl\/en\/wp-json\/wp\/v2\/product_tag?post=1808777"}],"curies":[{"name":"wp","href":"https:\/\/api.w.org\/{rel}","templated":true}]}}