{"id":1808773,"date":"2025-03-28T20:34:05","date_gmt":"2025-03-28T18:34:05","guid":{"rendered":"https:\/\/liquidmaster.pl\/autoglym-polar-seal-1l-nablyszczajaca-powloka-hydrofobowa\/"},"modified":"2026-04-18T04:44:25","modified_gmt":"2026-04-18T02:44:25","slug":"autoglym-polar-seal-1l-nablyszczajaca-powloka-hydrofobowa","status":"publish","type":"product","link":"https:\/\/liquidmaster.pl\/en\/autoglym-polar-seal-1l-nablyszczajaca-powloka-hydrofobowa\/","title":{"rendered":"Autoglym Polar Seal 1L - glossy hydrophobic coating"},"content":{"rendered":"<p>Hydrofobowa pow\u0142oka ochronna dla szybkiego i \u0142atwego uzyskania wyko\u0144czenia o wysokim po\u0142ysku.<\/p>\n<p>Polar Seal&#8217; jest pow\u0142ok\u0105 ochronn\u0105, kt\u00f3ra zosta\u0142a specjalnie opracowana do stosowania za pomoc\u0105 myjki ci\u015bnieniowej z pistoletem do piany. Nadaje lakierowi hydrofobow\u0105 warstw\u0119, kt\u00f3ra powoduje sp\u0142ywanie wody na powierzchni\u0119, co redukuje czas schni\u0119cia samochodu. Po prostu spryskaj na czysty, mokry pojazd, sp\u0142ucz i osusz aby uzyska\u0107 wyko\u0144czenie o wysokim po\u0142ysku.<\/p>\n<p>Unikaj przedostawania si\u0119 nierozcie\u0144czonego produktu na asfalt, beton lub cement.<\/p>\n<p>Usage:<\/p>\n<li>Before starting, check that the bodywork and wheels are cool to the touch and not exposed to direct sunlight.<\/li>\n<li>Zalecamy rozpocz\u0105\u0107 ze \u015bnie\u017cn\u0105 pian\u0105 tak jak w przypadku 'Polar Blast&#8217;aby \u0142agodnie rozpu\u015bci\u0107 brud, a nast\u0119pnie u\u017cy\u0107 'Polar Wash&#8217; w celu usuni\u0119cia brudu lub zanieczyszcze\u0144 z lakieru.<\/li>\n<li>Wymagana jest jedynie ma\u0142a ilo\u015b\u0107 \u015brodka 'Polar Seal&#8217;. Wlej nie wi\u0119cej ni\u017c 40 ml (4 nakr\u0119tki) do butelki na pian\u0119 a nast\u0119pnie dodaj przynajmniej 200ml wody. To powinno by\u0107 wszystko czego potrzebujesz do stworzenia gotowego roztworu potrzebnego do pokrycia twojego pojazdu. Nie przyniesie to \u017cadnych korzy\u015bci je\u017celi zastosujesz wi\u0119cej ni\u017c 40 ml, gdy\u017c nadmierne zastosowanie mo\u017ce zagrozi\u0107 efektowi ko\u0144cowemu.<\/li>\n<li>Rozpyl 'Polar Seal&#8217; na czysty, mokry pojazd, upewniaj\u0105c si\u0119, \u017ce wszystkie powierzchnie zewn\u0119trzne s\u0105 nim pokryte, aczkolwiek unikaj bezpo\u015bredniej aplikacji na przedni\u0105 szyb\u0119.<\/li>\n<li>Dok\u0142adnie sp\u0142ucz i wysusz samoch\u00f3d w celu uzyskania wyko\u0144czenia o wysokim po\u0142ysku, kt\u00f3re dodatkowo chronione jest hydrofobow\u0105 pow\u0142ok\u0105. Samoch\u00f3d musi by\u0107 suszony za pomoc\u0105 \u015bciereczki, niedopuszczalne jest suszenie zostawiaj\u0105c samoch\u00f3d na powietrzu, gdy\u017c mog\u0105 si\u0119 pojawi\u0107 plamy po wodzie.<\/li>\n<p>Recommendations:<\/p>\n<ul>\n<li>U\u017cyj 'Autoglym Fast Glass&#8217; w celu wyczyszczenia przedniej szyby i pi\u00f3r wycieraczek aby zapewni\u0107, \u017ce nie b\u0119d\u0105 pojawia\u0107 si\u0119 \u017cadne smugi.<\/li>\n<li>Nie zalecamy stosowania cz\u0119\u015bciej ni\u017c raz w miesi\u0105cu.<\/li>\n<li>&#8217;Polar Seal&#8217; nie jest odpowiedni do u\u017cycia na kabrioletach oraz motocyklach.<\/li>\n<li>Nie przechowuj rozcie\u0144czonego produktu. Po u\u017cyciu przep\u0142ucz prosz\u0119 butelk\u0119 na pian\u0119 i lanc\u0119 myjki ci\u015bnieniowej.<\/li>\n<li>Najwa\u017cniejsza wskaz\u00f3wka: Dla optymalnego wyko\u0144czenia, wysusz za pomoc\u0105 \u015bciereczki &#8217; Autoglym InstaDry&#8217;<\/li>\n<\/ul>\n<p>Capacity 1 L<\/p>","protected":false},"excerpt":{"rendered":"<p>Hydrofobowa pow\u0142oka ochronna dla szybkiego i \u0142atwego uzyskania wyko\u0144czenia o wysokim po\u0142ysku. Polar Seal&#8217; jest pow\u0142ok\u0105 ochronn\u0105, kt\u00f3ra zosta\u0142a specjalnie opracowana do stosowania za pomoc\u0105 myjki ci\u015bnieniowej z pistoletem do piany. Nadaje lakierowi hydrofobow\u0105 warstw\u0119, kt\u00f3ra powoduje sp\u0142ywanie wody na powierzchni\u0119, co redukuje czas schni\u0119cia samochodu. Po prostu spryskaj na czysty, mokry pojazd, sp\u0142ucz i&hellip;&nbsp;<a href=\"https:\/\/liquidmaster.pl\/en\/autoglym-polar-seal-1l-nablyszczajaca-powloka-hydrofobowa\/\" rel=\"bookmark\">Read More \u00bb<span class=\"screen-reader-text\">Autoglym Polar Seal 1L - glossy hydrophobic coating<\/span><\/a><\/p>","protected":false},"featured_media":1849566,"comment_status":"open","ping_status":"open","template":"","meta":{"neve_meta_sidebar":"","neve_meta_container":"","neve_meta_enable_content_width":"","neve_meta_content_width":0,"neve_meta_title_alignment":"","neve_meta_author_avatar":"","neve_post_elements_order":"","neve_meta_disable_header":"","neve_meta_disable_footer":"","neve_meta_disable_title":"","_themeisle_gutenberg_block_has_review":false},"product_brand":[],"product_cat":[805,733,766],"product_tag":[265],"class_list":{"0":"post-1808773","1":"product","2":"type-product","3":"status-publish","4":"has-post-thumbnail","6":"product_cat-hydrowoski","7":"product_cat-na-zewnatrz","8":"product_cat-ochrona-lakieru","9":"product_tag-autoglym","11":"first","12":"instock","13":"taxable","14":"shipping-taxable","15":"purchasable","16":"product-type-simple"},"_links":{"self":[{"href":"https:\/\/liquidmaster.pl\/en\/wp-json\/wp\/v2\/product\/1808773","targetHints":{"allow":["GET"]}}],"collection":[{"href":"https:\/\/liquidmaster.pl\/en\/wp-json\/wp\/v2\/product"}],"about":[{"href":"https:\/\/liquidmaster.pl\/en\/wp-json\/wp\/v2\/types\/product"}],"replies":[{"embeddable":true,"href":"https:\/\/liquidmaster.pl\/en\/wp-json\/wp\/v2\/comments?post=1808773"}],"wp:featuredmedia":[{"embeddable":true,"href":"https:\/\/liquidmaster.pl\/en\/wp-json\/wp\/v2\/media\/1849566"}],"wp:attachment":[{"href":"https:\/\/liquidmaster.pl\/en\/wp-json\/wp\/v2\/media?parent=1808773"}],"wp:term":[{"taxonomy":"product_brand","embeddable":true,"href":"https:\/\/liquidmaster.pl\/en\/wp-json\/wp\/v2\/product_brand?post=1808773"},{"taxonomy":"product_cat","embeddable":true,"href":"https:\/\/liquidmaster.pl\/en\/wp-json\/wp\/v2\/product_cat?post=1808773"},{"taxonomy":"product_tag","embeddable":true,"href":"https:\/\/liquidmaster.pl\/en\/wp-json\/wp\/v2\/product_tag?post=1808773"}],"curies":[{"name":"wp","href":"https:\/\/api.w.org\/{rel}","templated":true}]}}