{"id":1808771,"date":"2025-03-28T20:34:05","date_gmt":"2025-03-28T18:34:05","guid":{"rendered":"https:\/\/liquidmaster.pl\/autoglym-polar-mitt-rekawica-do-mycia-karoserii\/"},"modified":"2026-04-18T04:44:25","modified_gmt":"2026-04-18T02:44:25","slug":"autoglym-polar-mitt-rekawica-do-mycia-karoserii","status":"publish","type":"product","link":"https:\/\/liquidmaster.pl\/en\/autoglym-polar-mitt-rekawica-do-mycia-karoserii\/","title":{"rendered":"Autoglym Polar Mitt \u2013 car body wash glove"},"content":{"rendered":"<p>R\u0119kawica do mycia (Polar Mitt) jest wyj\u0105tkowo mi\u0119kka i ch\u0142onna, a jej cieniutkie, bawe\u0142niane mikrow\u0142\u00f3kna nie powoduj\u0105 smug. R\u0119kawic\u0119 do mycia (Polar Mitt) mo\u017cna pra\u0107 w pralce i do\u0142\u0105czony jest do niej woreczek zapewniaj\u0105cy bezpieczne pranie w pralce i przechowywanie. R\u0119kawica doskonale sprawdza si\u0119 w po\u0142\u0105czeniu z szamponem samochodowym (Polar Wash).<\/p>\n<p>R\u0119kawica do mycia (Polar Mitt) jest wykonana z wysokiej jako\u015bci bawe\u0142nianych mikrow\u0142\u00f3kien. Jej wyj\u0105tkowo cienkie w\u0142\u00f3kna nadaj\u0105 jej lekko\u015b\u0107, r\u00f3wnie\u017c po zamoczeniu, co u\u0142atwia mycie pojazdu. R\u0119kawica jest bardzo ch\u0142onna i wytwarza du\u017c\u0105 ilo\u015b\u0107 piany, co umo\u017cliwia niezwykle skuteczne mycie. Zw\u0119\u017cany mankiet i szew tworz\u0105cy miejsce na palce zapewniaj\u0105 wygod\u0119, kontrol\u0119 i dopasowanie do d\u0142oni podczas u\u017cycia.<\/p>\n<p>Do r\u0119kawicy do mycia (Polar Mitt) do\u0142\u0105czony jest woreczek, kt\u00f3ry zapewnia jej ochron\u0119 podczas prania (mo\u017cna j\u0105 pra\u0107 w pralce w temperaturze do 40 stopni) oraz zapobiega jej ubrudzeniu podczas przechowywania w domu lub gara\u017cu.<\/p>\n<p>R\u0119kawica do mycia (Polar Mitt) doskonale sprawdza si\u0119 w po\u0142\u0105czeniu z szamponem samochodowym (Polar Wash). W celu uzyskania najlepszych efekt\u00f3w nale\u017cy nanie\u015b\u0107 szampon (Polar Wash) przy pomocy myjki ci\u015bnieniowej, a nast\u0119pnie u\u017cy\u0107 r\u0119kawicy do mycia (Polar Mitt), aby go spieni\u0107.<\/p>\n<p>R\u0119kawic\u0119 do mycia (Polar Mitt) mo\u017cna pra\u0107 w pralce w temperaturze 40 stopni. Zalecamy pranie jej oddzielnie od szmatek z mikrofibry i delikatnych materia\u0142\u00f3w. R\u0119kawic\u0119 do mycia (Polar Mitt) mo\u017cna tak\u017ce pra\u0107 r\u0119cznie w zimnej lub ciep\u0142ej wodze. Po zako\u0144czeniu prania r\u0119kawic\u0119 do mycia (Polar Mitt) nale\u017cy pozostawi\u0107 w woreczku i zawiesi\u0107 do wysuszenia. Woreczek zapobiega tak\u017ce przedostawaniu si\u0119 zanieczyszcze\u0144 na r\u0119kawic\u0119, co pozwoli unikn\u0105\u0107 zarysowa\u0144 pojazdu podczas nast\u0119pnego mycia.<\/p>\n<p>Uwaga: Nie u\u017cywa\u0107 z silnymi \u015brodkami czyszcz\u0105cymi i \u015brodkiem do czyszczenia k\u00f3\u0142.<\/p>\n<p>\u00a0<\/p>","protected":false},"excerpt":{"rendered":"<p>R\u0119kawica do mycia (Polar Mitt) jest wyj\u0105tkowo mi\u0119kka i ch\u0142onna, a jej cieniutkie, bawe\u0142niane mikrow\u0142\u00f3kna nie powoduj\u0105 smug. R\u0119kawic\u0119 do mycia (Polar Mitt) mo\u017cna pra\u0107 w pralce i do\u0142\u0105czony jest do niej woreczek zapewniaj\u0105cy bezpieczne pranie w pralce i przechowywanie. R\u0119kawica doskonale sprawdza si\u0119 w po\u0142\u0105czeniu z szamponem samochodowym (Polar Wash). R\u0119kawica do mycia (Polar&hellip;&nbsp;<a href=\"https:\/\/liquidmaster.pl\/en\/autoglym-polar-mitt-rekawica-do-mycia-karoserii\/\" rel=\"bookmark\">Read More \u00bb<span class=\"screen-reader-text\">Autoglym Polar Mitt \u2013 car body wash glove<\/span><\/a><\/p>","protected":false},"featured_media":1849564,"comment_status":"open","ping_status":"open","template":"","meta":{"neve_meta_sidebar":"","neve_meta_container":"","neve_meta_enable_content_width":"","neve_meta_content_width":0,"neve_meta_title_alignment":"","neve_meta_author_avatar":"","neve_post_elements_order":"","neve_meta_disable_header":"","neve_meta_disable_footer":"","neve_meta_disable_title":"","_themeisle_gutenberg_block_has_review":false},"product_brand":[],"product_cat":[734,733,764],"product_tag":[265],"class_list":{"0":"post-1808771","1":"product","2":"type-product","3":"status-publish","4":"has-post-thumbnail","6":"product_cat-mycie-i-osuszanie","7":"product_cat-na-zewnatrz","8":"product_cat-rekawice-i-gabki","9":"product_tag-autoglym","11":"first","12":"instock","13":"taxable","14":"shipping-taxable","15":"purchasable","16":"product-type-simple"},"_links":{"self":[{"href":"https:\/\/liquidmaster.pl\/en\/wp-json\/wp\/v2\/product\/1808771","targetHints":{"allow":["GET"]}}],"collection":[{"href":"https:\/\/liquidmaster.pl\/en\/wp-json\/wp\/v2\/product"}],"about":[{"href":"https:\/\/liquidmaster.pl\/en\/wp-json\/wp\/v2\/types\/product"}],"replies":[{"embeddable":true,"href":"https:\/\/liquidmaster.pl\/en\/wp-json\/wp\/v2\/comments?post=1808771"}],"wp:featuredmedia":[{"embeddable":true,"href":"https:\/\/liquidmaster.pl\/en\/wp-json\/wp\/v2\/media\/1849564"}],"wp:attachment":[{"href":"https:\/\/liquidmaster.pl\/en\/wp-json\/wp\/v2\/media?parent=1808771"}],"wp:term":[{"taxonomy":"product_brand","embeddable":true,"href":"https:\/\/liquidmaster.pl\/en\/wp-json\/wp\/v2\/product_brand?post=1808771"},{"taxonomy":"product_cat","embeddable":true,"href":"https:\/\/liquidmaster.pl\/en\/wp-json\/wp\/v2\/product_cat?post=1808771"},{"taxonomy":"product_tag","embeddable":true,"href":"https:\/\/liquidmaster.pl\/en\/wp-json\/wp\/v2\/product_tag?post=1808771"}],"curies":[{"name":"wp","href":"https:\/\/api.w.org\/{rel}","templated":true}]}}