{"id":1808769,"date":"2025-03-28T20:34:05","date_gmt":"2025-03-28T18:34:05","guid":{"rendered":"https:\/\/liquidmaster.pl\/autoglym-polar-blast-2-5l-neutralna-piana-do-mycia-samochodu\/"},"modified":"2026-04-18T04:44:24","modified_gmt":"2026-04-18T02:44:24","slug":"autoglym-polar-blast-2-5l-neutralna-piana-do-mycia-samochodu","status":"publish","type":"product","link":"https:\/\/liquidmaster.pl\/en\/autoglym-polar-blast-25l-neutralna-piana-do-mycia-samochodu\/","title":{"rendered":"Autoglym Polar Blast 2.5L \u2013 neutral car wash foam"},"content":{"rendered":"<p>A rich, snowy foam for application with a pressure washer or foam gun. &quot;Polar Blast&quot; is a snowy foam available in a 2.5-liter container and can be applied with a pressure washer or foam gun as a pre-wash. The thick foam covers the vehicle like a blanket, clinging to the paintwork to gently loosen dirt and stubborn contaminants before shampooing. This reduces the risk of scratches and swirl marks caused by a sponge or wash mitt sliding over stubborn dirt. &quot;Polar Blast&quot; can be used instead of shampoo if the vehicle is not heavily soiled. To be safe, rinse the vehicle with water first to remove the top layer of dirt. Its neutral pH formula will not remove any existing layers of polish or wax.<\/p>\n<p>Usage:<\/p>\n<li>Before starting, check that the bodywork and wheels are cool to the touch and not exposed to direct sunlight.<\/li>\n<li>&quot;Polar Blast&quot; can be used in various concentrations depending on the desired foam density. A good starting point is to pour 100ml of the agent and 500ml of water into the foam bottle. Adjust the foam gun settings as needed, increasing or decreasing the foam.<\/li>\n<li>Spray &quot;Polar Blast&quot; onto the vehicle, starting from the bottom, making sure all exterior surfaces are covered including the glass and wheels.<\/li>\n<li>Give Polar Blast up to 10 minutes to settle and loosen the dirt, but do not allow it to dry.<\/li>\n<li>Finally, rinse thoroughly with water from bottom to top.<\/li>\n<p>Capacity 2.5 L<\/p>","protected":false},"excerpt":{"rendered":"<p>Bogata, \u015bnie\u017cna piana do aplikacji za pomoc\u0105 myjki ci\u015bnieniowej lub pianownicy. \u201ePolar Blast\u201d to \u015bnie\u017cna piana dost\u0119pna w 2,5 litrowym pojemniku, mo\u017ce by\u0107 nak\u0142adana za pomoc\u0105 myjki ci\u015bnieniowej lub pistoletu piankowego jako mycie wst\u0119pne. G\u0119sta piana pokrywa pojazd niczym kocem, kt\u00f3ry przylega do lakieru w celu \u0142agodnego rozpuszczenia brudu i trudnych zanieczyszcze\u0144 przed myciem szamponem.&hellip;&nbsp;<a href=\"https:\/\/liquidmaster.pl\/en\/autoglym-polar-blast-25l-neutralna-piana-do-mycia-samochodu\/\" rel=\"bookmark\">Read More \u00bb<span class=\"screen-reader-text\">Autoglym Polar Blast 2.5L \u2013 neutral car wash foam<\/span><\/a><\/p>","protected":false},"featured_media":1849560,"comment_status":"open","ping_status":"open","template":"","meta":{"neve_meta_sidebar":"","neve_meta_container":"","neve_meta_enable_content_width":"","neve_meta_content_width":0,"neve_meta_title_alignment":"","neve_meta_author_avatar":"","neve_post_elements_order":"","neve_meta_disable_header":"","neve_meta_disable_footer":"","neve_meta_disable_title":"","_themeisle_gutenberg_block_has_review":false},"product_brand":[],"product_cat":[734,733,753],"product_tag":[265],"class_list":{"0":"post-1808769","1":"product","2":"type-product","3":"status-publish","4":"has-post-thumbnail","6":"product_cat-mycie-i-osuszanie","7":"product_cat-na-zewnatrz","8":"product_cat-piany-aktywne-i-pianownice","9":"product_tag-autoglym","11":"first","12":"instock","13":"taxable","14":"shipping-taxable","15":"purchasable","16":"product-type-simple"},"_links":{"self":[{"href":"https:\/\/liquidmaster.pl\/en\/wp-json\/wp\/v2\/product\/1808769","targetHints":{"allow":["GET"]}}],"collection":[{"href":"https:\/\/liquidmaster.pl\/en\/wp-json\/wp\/v2\/product"}],"about":[{"href":"https:\/\/liquidmaster.pl\/en\/wp-json\/wp\/v2\/types\/product"}],"replies":[{"embeddable":true,"href":"https:\/\/liquidmaster.pl\/en\/wp-json\/wp\/v2\/comments?post=1808769"}],"wp:featuredmedia":[{"embeddable":true,"href":"https:\/\/liquidmaster.pl\/en\/wp-json\/wp\/v2\/media\/1849560"}],"wp:attachment":[{"href":"https:\/\/liquidmaster.pl\/en\/wp-json\/wp\/v2\/media?parent=1808769"}],"wp:term":[{"taxonomy":"product_brand","embeddable":true,"href":"https:\/\/liquidmaster.pl\/en\/wp-json\/wp\/v2\/product_brand?post=1808769"},{"taxonomy":"product_cat","embeddable":true,"href":"https:\/\/liquidmaster.pl\/en\/wp-json\/wp\/v2\/product_cat?post=1808769"},{"taxonomy":"product_tag","embeddable":true,"href":"https:\/\/liquidmaster.pl\/en\/wp-json\/wp\/v2\/product_tag?post=1808769"}],"curies":[{"name":"wp","href":"https:\/\/api.w.org\/{rel}","templated":true}]}}