{"id":1808765,"date":"2025-03-28T20:32:48","date_gmt":"2025-03-28T18:32:48","guid":{"rendered":"https:\/\/liquidmaster.pl\/autoglym-magma-500ml-deironizer-do-felg-i-lakieru\/"},"modified":"2026-04-18T04:44:23","modified_gmt":"2026-04-18T02:44:23","slug":"autoglym-magma-500ml-deironizer-do-felg-i-lakieru","status":"publish","type":"product","link":"https:\/\/liquidmaster.pl\/en\/autoglym-magma-500ml-deironizer-do-felg-i-lakieru\/","title":{"rendered":"Autoglym Magma 500ml \u2013 deironizer for rims and paintwork"},"content":{"rendered":"<p>The color change technology reacts with iron particles on your bodywork and wheels, so they can be easily rinsed away for a deep clean.<\/p>\n<p>Your vehicle is constantly attacked by airborne contaminants. Many of these are tiny iron particles that appear on the paint surface as specks and brake dust on wheels, dulling their shine. The active ingredients in &#039;Magma&#039; turn red as they react with these iron particles to safely loosen them and then rinse them away.<\/p>\n<p>Usage:<\/p>\n<li>Before starting, check that the bodywork and wheels are cool to the touch and not exposed to direct sunlight.<\/li>\n<li>First, wash your car with shampoo and remove excess water.<\/li>\n<li>Spray &#039;Magma&#039; generously along the bodywork, windshield and wheels.<\/li>\n<li>Wait 3 to 5 minutes for the Magma to begin to react with any iron particles on the surface, turning red as it begins to remove them.<\/li>\n<li>Spread over the bodywork with a soft, damp sponge or washing mitt, and spread the agent on the wheels with a brush or sponge before rinsing them thoroughly with water.<\/li>\n<p>Note: &#039;Magma&#039; reacts with iron particles. To remove other types of contaminants such as tree sap or tar, use the &#039;Autoglym Clay Detailing Complete Kit&#039;<\/p>\n<p>Capacity 500 ml<\/p>","protected":false},"excerpt":{"rendered":"<p>Technologia zmiany koloru reaguje z cz\u0105steczkami \u017celaza na twojej karoserii i ko\u0142ach, wi\u0119c mog\u0105 by\u0107 one \u0142atwo sp\u0142ukane dla g\u0142\u0119bokiego czyszczenia. Tw\u00f3j pojazd jest ci\u0105gle atakowany przez unosz\u0105ce si\u0119 w powietrzu zanieczyszczenia. Wiele z nich s\u0105 drobnymi cz\u0105steczkami \u017celaza, kt\u00f3re pojawiaj\u0105 si\u0119 na powierzchni lakieru w postaci plamek i py\u0142u hamulcowego na ko\u0142ach, matowiej\u0105c ich&hellip;&nbsp;<a href=\"https:\/\/liquidmaster.pl\/en\/autoglym-magma-500ml-deironizer-do-felg-i-lakieru\/\" rel=\"bookmark\">Read More \u00bb<span class=\"screen-reader-text\">Autoglym Magma 500ml \u2013 deironizer for rims and paintwork<\/span><\/a><\/p>","protected":false},"featured_media":1849548,"comment_status":"open","ping_status":"open","template":"","meta":{"neve_meta_sidebar":"","neve_meta_container":"","neve_meta_enable_content_width":"","neve_meta_content_width":0,"neve_meta_title_alignment":"","neve_meta_author_avatar":"","neve_post_elements_order":"","neve_meta_disable_header":"","neve_meta_disable_footer":"","neve_meta_disable_title":"","_themeisle_gutenberg_block_has_review":false},"product_brand":[],"product_cat":[744,743,733],"product_tag":[265],"class_list":{"0":"post-1808765","1":"product","2":"type-product","3":"status-publish","4":"has-post-thumbnail","6":"product_cat-deironizacja","7":"product_cat-dekontaminacja","8":"product_cat-na-zewnatrz","9":"product_tag-autoglym","11":"first","12":"instock","13":"taxable","14":"shipping-taxable","15":"purchasable","16":"product-type-simple"},"_links":{"self":[{"href":"https:\/\/liquidmaster.pl\/en\/wp-json\/wp\/v2\/product\/1808765","targetHints":{"allow":["GET"]}}],"collection":[{"href":"https:\/\/liquidmaster.pl\/en\/wp-json\/wp\/v2\/product"}],"about":[{"href":"https:\/\/liquidmaster.pl\/en\/wp-json\/wp\/v2\/types\/product"}],"replies":[{"embeddable":true,"href":"https:\/\/liquidmaster.pl\/en\/wp-json\/wp\/v2\/comments?post=1808765"}],"wp:featuredmedia":[{"embeddable":true,"href":"https:\/\/liquidmaster.pl\/en\/wp-json\/wp\/v2\/media\/1849548"}],"wp:attachment":[{"href":"https:\/\/liquidmaster.pl\/en\/wp-json\/wp\/v2\/media?parent=1808765"}],"wp:term":[{"taxonomy":"product_brand","embeddable":true,"href":"https:\/\/liquidmaster.pl\/en\/wp-json\/wp\/v2\/product_brand?post=1808765"},{"taxonomy":"product_cat","embeddable":true,"href":"https:\/\/liquidmaster.pl\/en\/wp-json\/wp\/v2\/product_cat?post=1808765"},{"taxonomy":"product_tag","embeddable":true,"href":"https:\/\/liquidmaster.pl\/en\/wp-json\/wp\/v2\/product_tag?post=1808765"}],"curies":[{"name":"wp","href":"https:\/\/api.w.org\/{rel}","templated":true}]}}