{"id":1808763,"date":"2025-03-28T20:32:48","date_gmt":"2025-03-28T18:32:48","guid":{"rendered":"https:\/\/liquidmaster.pl\/autoglym-interior-shampoo-500ml-srodek-do-czyszczenia-tkanin\/"},"modified":"2026-04-18T04:44:23","modified_gmt":"2026-04-18T02:44:23","slug":"autoglym-interior-shampoo-500ml-srodek-do-czyszczenia-tkanin","status":"publish","type":"product","link":"https:\/\/liquidmaster.pl\/en\/autoglym-interior-shampoo-500ml-srodek-do-czyszczenia-tkanin\/","title":{"rendered":"Autoglym Interior Shampoo 500ml \u2013 fabric cleaner"},"content":{"rendered":"<p>Quickly and easily removes stubborn stains from all fabrics and interior surfaces.<\/p>\n<p>A spotless interior is just as important as a flawless paint job. Getting into a clean car not only feels great but also helps you focus on the road ahead. &#039;Interior Shampoo&#039; is designed for all interior fabrics and difficult surfaces. If you have leather-covered surfaces, use &#039;Leather Cleaner&#039;. Your carpets, doors, headliner, dashboard, steering wheel, switches, pedals, handles, and controls can all be cleaned with this safe and easy-to-use shampoo. It quickly removes accumulated dirt and odors, leaving a fresh, clean scent.<\/p>\n<p>For hard surfaces, simply spray and wipe. For fabric surfaces, lightly spray and spread with a clean cloth or stiff sponge, rinsing frequently with water. Finally, wipe the entire surface with &#039;Hi-Tech Aqua-Dry&#039;.<br \/>\nTo remove oil, ink or marker marks, use &#039;Intensive Tar Remover&#039;.<\/p>\n<p>Capacity 500 ml<\/p>","protected":false},"excerpt":{"rendered":"<p>Szybko i \u0142atwo usuwa uporczywe plamy ze wszystkich tkanin i powierzchni wewn\u0119trznych. Nieskazitelnie czyste wn\u0119trze jest r\u00f3wnie wa\u017cne jak idealny lakier. Wsiadaj\u0105c do czystego auta nie tylko czujemy si\u0119 wspaniale ale pomaga to r\u00f3wnie\u017c w skupieniu si\u0119 na je\u017adzie przed siebie. 'Interior Shampoo&#8217; jest przeznaczony dla wszystkich tkanin wewn\u0119trznych i trudnych powierzchni. Je\u017celi posiadasz powierzchnie&hellip;&nbsp;<a href=\"https:\/\/liquidmaster.pl\/en\/autoglym-interior-shampoo-500ml-srodek-do-czyszczenia-tkanin\/\" rel=\"bookmark\">Read More \u00bb<span class=\"screen-reader-text\">Autoglym Interior Shampoo 500ml \u2013 fabric cleaner<\/span><\/a><\/p>","protected":false},"featured_media":1849546,"comment_status":"open","ping_status":"open","template":"","meta":{"neve_meta_sidebar":"","neve_meta_container":"","neve_meta_enable_content_width":"","neve_meta_content_width":0,"neve_meta_title_alignment":"","neve_meta_author_avatar":"","neve_post_elements_order":"","neve_meta_disable_header":"","neve_meta_disable_footer":"","neve_meta_disable_title":"","_themeisle_gutenberg_block_has_review":false},"product_brand":[],"product_cat":[771,769,768],"product_tag":[265],"class_list":{"0":"post-1808763","1":"product","2":"type-product","3":"status-publish","4":"has-post-thumbnail","6":"product_cat-czyszczenie","7":"product_cat-tapicerka-i-dywaniki","8":"product_cat-wnetrze-auta","9":"product_tag-autoglym","10":"pa_promocja-promocje","12":"first","13":"instock","14":"taxable","15":"shipping-taxable","16":"purchasable","17":"product-type-simple"},"_links":{"self":[{"href":"https:\/\/liquidmaster.pl\/en\/wp-json\/wp\/v2\/product\/1808763","targetHints":{"allow":["GET"]}}],"collection":[{"href":"https:\/\/liquidmaster.pl\/en\/wp-json\/wp\/v2\/product"}],"about":[{"href":"https:\/\/liquidmaster.pl\/en\/wp-json\/wp\/v2\/types\/product"}],"replies":[{"embeddable":true,"href":"https:\/\/liquidmaster.pl\/en\/wp-json\/wp\/v2\/comments?post=1808763"}],"wp:featuredmedia":[{"embeddable":true,"href":"https:\/\/liquidmaster.pl\/en\/wp-json\/wp\/v2\/media\/1849546"}],"wp:attachment":[{"href":"https:\/\/liquidmaster.pl\/en\/wp-json\/wp\/v2\/media?parent=1808763"}],"wp:term":[{"taxonomy":"product_brand","embeddable":true,"href":"https:\/\/liquidmaster.pl\/en\/wp-json\/wp\/v2\/product_brand?post=1808763"},{"taxonomy":"product_cat","embeddable":true,"href":"https:\/\/liquidmaster.pl\/en\/wp-json\/wp\/v2\/product_cat?post=1808763"},{"taxonomy":"product_tag","embeddable":true,"href":"https:\/\/liquidmaster.pl\/en\/wp-json\/wp\/v2\/product_tag?post=1808763"}],"curies":[{"name":"wp","href":"https:\/\/api.w.org\/{rel}","templated":true}]}}