{"id":1808759,"date":"2025-03-28T20:32:26","date_gmt":"2025-03-28T18:32:26","guid":{"rendered":"https:\/\/liquidmaster.pl\/gyeon-q2m-ppf-slip-1l-skoncentrowany-plyn-do-instalacji-folii-ppf\/"},"modified":"2026-04-20T08:24:54","modified_gmt":"2026-04-20T06:24:54","slug":"gyeon-q2m-ppf-slip-1l-skoncentrowany-plyn-do-instalacji-folii-ppf","status":"publish","type":"product","link":"https:\/\/liquidmaster.pl\/en\/gyeon-q2m-ppf-slip-1l-skoncentrowany-plyn-do-instalacji-folii-ppf\/","title":{"rendered":"GYEON Q2M PPF Slip 1L \u2013 concentrated fluid for installing PPF foil"},"content":{"rendered":"<p>CONCENTRATED FLUID FOR INSTALLING ALL TYPES OF PPF FILM<\/p>\n<p>Q\u00b2M PPF SLIP is the latest addition to our PPF product line. It&#039;s designed to facilitate the application of GYEON protective films, but can also be used with materials from other manufacturers.<br \/>\nQ\u00b2M PPF Slip is highly concentrated, so it can be diluted up to 1:100.<\/p>\n<p>EFFICIENT<\/p>\n<p>Q\u00b2M PPF SLIP is designed with efficiency and cost-effectiveness in mind for both beginner PPF applicators and large studios specializing in wrapping. With a high 1:100 concentration, installers can easily adjust the dilution to their preferred slip level, preferences, and job site conditions, with minimal impact on the studio&#039;s daily operating costs.<\/p>\n<p>UNIQUE<\/p>\n<p>We added a small amount of ethyl alcohol to accelerate evaporation and gently activate the adhesive. This solution allows for quick and efficient installation on panels with complex shapes. At the same time, we saw an improvement in the film&#039;s appearance shortly after application.<\/p>\n<p>Capacity 1 L<\/p>","protected":false},"excerpt":{"rendered":"<p>SKONCENTROWANY P\u0141YN DO INSTALACJI WSZYSTKICH TYP\u00d3W FOLII PPF Q\u00b2M PPF SLIP to najnowszy element w linii produkt\u00f3w dedykowanych PPF. Zosta\u0142 zaprojektowany tak, aby u\u0142atwia\u0142 aplikacj\u0119 folii ochronnych GYEON, ale mo\u017cna go z powodzeniem stosowa\u0107 z materia\u0142ami innych producent\u00f3w. Q\u00b2M PPF Slip jest wysoce skoncentrowany, dzi\u0119ki czemu mo\u017cna go rozcie\u0144czy\u0107 nawet 1:100. WYDAJNY Q\u00b2M PPF SLIP&hellip;&nbsp;<a href=\"https:\/\/liquidmaster.pl\/en\/gyeon-q2m-ppf-slip-1l-skoncentrowany-plyn-do-instalacji-folii-ppf\/\" rel=\"bookmark\">Read More \u00bb<span class=\"screen-reader-text\">GYEON Q2M PPF Slip 1L \u2013 concentrated fluid for installing PPF foil<\/span><\/a><\/p>","protected":false},"featured_media":1849538,"comment_status":"open","ping_status":"open","template":"","meta":{"neve_meta_sidebar":"","neve_meta_container":"","neve_meta_enable_content_width":"","neve_meta_content_width":0,"neve_meta_title_alignment":"","neve_meta_author_avatar":"","neve_post_elements_order":"","neve_meta_disable_header":"","neve_meta_disable_footer":"","neve_meta_disable_title":"","_themeisle_gutenberg_block_has_review":false},"product_brand":[],"product_cat":[1111,879,1112],"product_tag":[302],"class_list":{"0":"post-1808759","1":"product","2":"type-product","3":"status-publish","4":"has-post-thumbnail","6":"product_cat-aplikacja-folii","7":"product_cat-oklejanie","8":"product_cat-zele-do-aplikacji","9":"product_tag-gyeon","11":"first","12":"instock","13":"taxable","14":"shipping-taxable","15":"purchasable","16":"product-type-simple"},"_links":{"self":[{"href":"https:\/\/liquidmaster.pl\/en\/wp-json\/wp\/v2\/product\/1808759","targetHints":{"allow":["GET"]}}],"collection":[{"href":"https:\/\/liquidmaster.pl\/en\/wp-json\/wp\/v2\/product"}],"about":[{"href":"https:\/\/liquidmaster.pl\/en\/wp-json\/wp\/v2\/types\/product"}],"replies":[{"embeddable":true,"href":"https:\/\/liquidmaster.pl\/en\/wp-json\/wp\/v2\/comments?post=1808759"}],"wp:featuredmedia":[{"embeddable":true,"href":"https:\/\/liquidmaster.pl\/en\/wp-json\/wp\/v2\/media\/1849538"}],"wp:attachment":[{"href":"https:\/\/liquidmaster.pl\/en\/wp-json\/wp\/v2\/media?parent=1808759"}],"wp:term":[{"taxonomy":"product_brand","embeddable":true,"href":"https:\/\/liquidmaster.pl\/en\/wp-json\/wp\/v2\/product_brand?post=1808759"},{"taxonomy":"product_cat","embeddable":true,"href":"https:\/\/liquidmaster.pl\/en\/wp-json\/wp\/v2\/product_cat?post=1808759"},{"taxonomy":"product_tag","embeddable":true,"href":"https:\/\/liquidmaster.pl\/en\/wp-json\/wp\/v2\/product_tag?post=1808759"}],"curies":[{"name":"wp","href":"https:\/\/api.w.org\/{rel}","templated":true}]}}