{"id":1808757,"date":"2025-03-28T20:32:26","date_gmt":"2025-03-28T18:32:26","guid":{"rendered":"https:\/\/liquidmaster.pl\/autoglym-hi-tech-flexi-water-blade-sciagaczka-do-wody\/"},"modified":"2026-04-20T08:24:53","modified_gmt":"2026-04-20T06:24:53","slug":"autoglym-hi-tech-flexi-water-blade-sciagaczka-do-wody","status":"publish","type":"product","link":"https:\/\/liquidmaster.pl\/en\/autoglym-hi-tech-flexi-water-blade-sciagaczka-do-wody\/","title":{"rendered":"Autoglym Hi-Tech Flexi Water Blade - Water Squeegee"},"content":{"rendered":"<p>Najszybsza droga do usuni\u0119cia wody z samochodu, jest szczeg\u00f3lnie przydatna dla wi\u0119kszych pojazd\u00f3w z du\u017c\u0105 ilo\u015bci\u0105 p\u0142askich powierzchni.<\/p>\n<p>Silikonowa konstrukcja stanowi idealne po\u0142\u0105czenie sztywno\u015bci przy jednoczesnym utrzymaniu zdolno\u015bci do wyginania wok\u00f3\u0142 kontur\u00f3w nadwozia samochodu. Bez twardej powierzchni, jest ca\u0142kowicie bezpieczny w u\u017cyciu, nie porysuje ani nie zostawi \u015blad\u00f3w pod warunkiem, \u017ce wcze\u015bniej samoch\u00f3d zosta\u0142 dok\u0142adnie wyczyszczony. Nie u\u017cywaj do usuwania wody deszczowej lub \u015bniegu, gdy\u017c razem z nimi mog\u0105 opa\u015b\u0107 zabrudzenia.<\/p>\n<p>Wskaz\u00f3wka profesjonalisty: Elastyczne ostrza silikonowe mia\u0142y przez wiele lat z\u0142\u0105 opini\u0119, cz\u0119sto na skutek b\u0142\u0119dnego u\u017cycia. Jedyn\u0105 mo\u017cliwo\u015bci\u0105 aby ostrze mog\u0142o zarysowa\u0107 jest to, \u017ce obszar nie jest poprawnie wyczyszczony i brud utkn\u0105\u0142 pod ostrzem i jest ci\u0105gni\u0119ty po karoserii. Utrzymuj karoseri\u0119 i ostrze Hi-Tech Flexi Water Blade czyste i dzi\u0119ki temu nie b\u0119dziesz mie\u0107 tego problemu.<\/p>\n<p>\u00a0<\/p>","protected":false},"excerpt":{"rendered":"<p>Najszybsza droga do usuni\u0119cia wody z samochodu, jest szczeg\u00f3lnie przydatna dla wi\u0119kszych pojazd\u00f3w z du\u017c\u0105 ilo\u015bci\u0105 p\u0142askich powierzchni. Silikonowa konstrukcja stanowi idealne po\u0142\u0105czenie sztywno\u015bci przy jednoczesnym utrzymaniu zdolno\u015bci do wyginania wok\u00f3\u0142 kontur\u00f3w nadwozia samochodu. Bez twardej powierzchni, jest ca\u0142kowicie bezpieczny w u\u017cyciu, nie porysuje ani nie zostawi \u015blad\u00f3w pod warunkiem, \u017ce wcze\u015bniej samoch\u00f3d zosta\u0142 dok\u0142adnie&hellip;&nbsp;<a href=\"https:\/\/liquidmaster.pl\/en\/autoglym-hi-tech-flexi-water-blade-sciagaczka-do-wody\/\" rel=\"bookmark\">Read More \u00bb<span class=\"screen-reader-text\">Autoglym Hi-Tech Flexi Water Blade - Water Squeegee<\/span><\/a><\/p>","protected":false},"featured_media":1849536,"comment_status":"open","ping_status":"open","template":"","meta":{"neve_meta_sidebar":"","neve_meta_container":"","neve_meta_enable_content_width":"","neve_meta_content_width":0,"neve_meta_title_alignment":"","neve_meta_author_avatar":"","neve_post_elements_order":"","neve_meta_disable_header":"","neve_meta_disable_footer":"","neve_meta_disable_title":"","_themeisle_gutenberg_block_has_review":false},"product_brand":[],"product_cat":[757,893,846],"product_tag":[265],"class_list":{"0":"post-1808757","1":"product","2":"type-product","3":"status-publish","4":"has-post-thumbnail","6":"product_cat-akcesoria","7":"product_cat-inne","8":"product_cat-reszta","9":"product_tag-autoglym","11":"first","12":"instock","13":"taxable","14":"shipping-taxable","15":"purchasable","16":"product-type-simple"},"_links":{"self":[{"href":"https:\/\/liquidmaster.pl\/en\/wp-json\/wp\/v2\/product\/1808757","targetHints":{"allow":["GET"]}}],"collection":[{"href":"https:\/\/liquidmaster.pl\/en\/wp-json\/wp\/v2\/product"}],"about":[{"href":"https:\/\/liquidmaster.pl\/en\/wp-json\/wp\/v2\/types\/product"}],"replies":[{"embeddable":true,"href":"https:\/\/liquidmaster.pl\/en\/wp-json\/wp\/v2\/comments?post=1808757"}],"wp:featuredmedia":[{"embeddable":true,"href":"https:\/\/liquidmaster.pl\/en\/wp-json\/wp\/v2\/media\/1849536"}],"wp:attachment":[{"href":"https:\/\/liquidmaster.pl\/en\/wp-json\/wp\/v2\/media?parent=1808757"}],"wp:term":[{"taxonomy":"product_brand","embeddable":true,"href":"https:\/\/liquidmaster.pl\/en\/wp-json\/wp\/v2\/product_brand?post=1808757"},{"taxonomy":"product_cat","embeddable":true,"href":"https:\/\/liquidmaster.pl\/en\/wp-json\/wp\/v2\/product_cat?post=1808757"},{"taxonomy":"product_tag","embeddable":true,"href":"https:\/\/liquidmaster.pl\/en\/wp-json\/wp\/v2\/product_tag?post=1808757"}],"curies":[{"name":"wp","href":"https:\/\/api.w.org\/{rel}","templated":true}]}}