{"id":1808755,"date":"2025-03-28T20:32:05","date_gmt":"2025-03-28T18:32:05","guid":{"rendered":"https:\/\/liquidmaster.pl\/autoglym-intensive-tar-remover-325ml-srodek-do-usuwania-smoly\/"},"modified":"2026-04-18T04:44:21","modified_gmt":"2026-04-18T02:44:21","slug":"autoglym-intensive-tar-remover-325ml-srodek-do-usuwania-smoly","status":"publish","type":"product","link":"https:\/\/liquidmaster.pl\/en\/autoglym-intensive-tar-remover-325ml-srodek-do-usuwania-smoly\/","title":{"rendered":"Autoglym Intensive Tar Remover 325ml \u2013 tar remover"},"content":{"rendered":"<p>Bezpieczny, szybko dzia\u0142aj\u0105cy roztw\u00f3r do usuwania uporczywych kropek smo\u0142y, resztek kleju, \u015blad\u00f3w po pisaku, oleju i plam po paliwie w \u015brodku jak i na zewn\u0105trz<\/p>\n<p>Podczas ciep\u0142ej pogody powierzchnia drogi mo\u017ce si\u0119 rozpada\u0107 i ma\u0142e drobinki smo\u0142y przedostaj\u0105 si\u0119 na tw\u00f3j samoch\u00f3d i mo\u017ce by\u0107 trudno je usun\u0105\u0107 stosuj\u0105c sam szampon. Te plamy s\u0105 szczeg\u00f3lnie dobrze widoczne na samochodach o jasnym lakierze i mog\u0105 zepsu\u0107 wygl\u0105d czystego samochodu. 'Intensive Tar Remover&#8217; mo\u017ce by\u0107 stosowany do usuwania zabrudze\u0144 ze smo\u0142y, resztek kleju, plam po paliwie i soku z drzewa z powierzchni zewn\u0119trznej samochodu. Mo\u017cemy by\u0107 r\u00f3wnie\u017c u\u017cywany we wn\u0119trzu samochodu do usuni\u0119cia tuszu, gumy do \u017cucia, resztek kleju i plam po oleju z siedze\u0144, dywanik\u00f3w i twardych powierzchni. Wskaz\u00f3wka profesjonalisty: Zastosuj aby usun\u0105\u0107 pozosta\u0142o\u015bci pasty polerskiej i wosku z gumowych i plastikowych element\u00f3w wyko\u0144czeniowych.<\/p>\n<p>U\u017cycie na zewn\u0105trz:<br \/>\nNanie\u015b bezpo\u015brednio na plamki ze smo\u0142y u\u017cywaj\u0105c czyst\u0105, bawe\u0142nian\u0105 \u015bciereczk\u0119. Plamki ze smo\u0142y rozpuszcz\u0105 i zaczn\u0105 sp\u0142ywa\u0107. Pozostaw tak przez 1-2 minuty a potem przetrzyj lub sp\u0142ucz wod\u0105. Uci\u0105\u017cliwe osady z wosku, oleju, plam paliwa lub resztek kleju mog\u0105 wymaga\u0107 delikatnego pocierania<\/p>\n<p>U\u017cycie wewn\u0105trz:<br \/>\nWst\u0119pnie sprawd\u017a tkanin\u0119 pod k\u0105tek trwa\u0142o\u015bci koloru na ma\u0142ym, niewidocznym miejscu. Nanie\u015b na czyst\u0105 bawe\u0142nian\u0105 \u015bciereczk\u0119 i rozprowad\u017a do wn\u0119trza plamy. Delikatnie pocieraj czyst\u0105 \u015bciereczk\u0105 w celu usuni\u0119cia resztek i pozostaw czyszczon\u0105 powierzchni\u0119 do wyschni\u0119cia. Wyczy\u015b\u0107 tkanin\u0119 za pomoc\u0105 'Interior Shampoo&#8217; aby usun\u0105\u0107 wszelkie pozosta\u0142o\u015bci.<\/p>\n<p>Pojemno\u015b\u0107 325 ml<\/p>","protected":false},"excerpt":{"rendered":"<p>Bezpieczny, szybko dzia\u0142aj\u0105cy roztw\u00f3r do usuwania uporczywych kropek smo\u0142y, resztek kleju, \u015blad\u00f3w po pisaku, oleju i plam po paliwie w \u015brodku jak i na zewn\u0105trz Podczas ciep\u0142ej pogody powierzchnia drogi mo\u017ce si\u0119 rozpada\u0107 i ma\u0142e drobinki smo\u0142y przedostaj\u0105 si\u0119 na tw\u00f3j samoch\u00f3d i mo\u017ce by\u0107 trudno je usun\u0105\u0107 stosuj\u0105c sam szampon. Te plamy s\u0105 szczeg\u00f3lnie&hellip;&nbsp;<a href=\"https:\/\/liquidmaster.pl\/en\/autoglym-intensive-tar-remover-325ml-srodek-do-usuwania-smoly\/\" rel=\"bookmark\">Read More \u00bb<span class=\"screen-reader-text\">Autoglym Intensive Tar Remover 325ml \u2013 tar remover<\/span><\/a><\/p>","protected":false},"featured_media":1849524,"comment_status":"open","ping_status":"open","template":"","meta":{"neve_meta_sidebar":"","neve_meta_container":"","neve_meta_enable_content_width":"","neve_meta_content_width":0,"neve_meta_title_alignment":"","neve_meta_author_avatar":"","neve_post_elements_order":"","neve_meta_disable_header":"","neve_meta_disable_footer":"","neve_meta_disable_title":"","_themeisle_gutenberg_block_has_review":false},"product_brand":[],"product_cat":[743,733,793],"product_tag":[265],"class_list":{"0":"post-1808755","1":"product","2":"type-product","3":"status-publish","4":"has-post-thumbnail","6":"product_cat-dekontaminacja","7":"product_cat-na-zewnatrz","8":"product_cat-usuwanie-smoly-i-kleju","9":"product_tag-autoglym","11":"first","12":"instock","13":"taxable","14":"shipping-taxable","15":"purchasable","16":"product-type-simple"},"_links":{"self":[{"href":"https:\/\/liquidmaster.pl\/en\/wp-json\/wp\/v2\/product\/1808755","targetHints":{"allow":["GET"]}}],"collection":[{"href":"https:\/\/liquidmaster.pl\/en\/wp-json\/wp\/v2\/product"}],"about":[{"href":"https:\/\/liquidmaster.pl\/en\/wp-json\/wp\/v2\/types\/product"}],"replies":[{"embeddable":true,"href":"https:\/\/liquidmaster.pl\/en\/wp-json\/wp\/v2\/comments?post=1808755"}],"wp:featuredmedia":[{"embeddable":true,"href":"https:\/\/liquidmaster.pl\/en\/wp-json\/wp\/v2\/media\/1849524"}],"wp:attachment":[{"href":"https:\/\/liquidmaster.pl\/en\/wp-json\/wp\/v2\/media?parent=1808755"}],"wp:term":[{"taxonomy":"product_brand","embeddable":true,"href":"https:\/\/liquidmaster.pl\/en\/wp-json\/wp\/v2\/product_brand?post=1808755"},{"taxonomy":"product_cat","embeddable":true,"href":"https:\/\/liquidmaster.pl\/en\/wp-json\/wp\/v2\/product_cat?post=1808755"},{"taxonomy":"product_tag","embeddable":true,"href":"https:\/\/liquidmaster.pl\/en\/wp-json\/wp\/v2\/product_tag?post=1808755"}],"curies":[{"name":"wp","href":"https:\/\/api.w.org\/{rel}","templated":true}]}}