{"id":1808753,"date":"2025-03-28T20:32:05","date_gmt":"2025-03-28T18:32:05","guid":{"rendered":"https:\/\/liquidmaster.pl\/autoglym-instadry-retail-50x44cm-superchlonna-mikrofibra\/"},"modified":"2026-04-18T04:44:20","modified_gmt":"2026-04-18T02:44:20","slug":"autoglym-instadry-retail-50x44cm-superchlonna-mikrofibra","status":"publish","type":"product","link":"https:\/\/liquidmaster.pl\/en\/autoglym-instadry-retail-50x44cm-superchlonna-mikrofibra\/","title":{"rendered":"Autoglym Instadry Retail 50x44cm \u2013 super absorbent microfiber"},"content":{"rendered":"<p>Superch\u0142onna, \u015bciereczka z mikrofibry ze specjaln\u0105 pow\u0142ok\u0105 dla szybkiego, wolnego od smug wyko\u0144czenia lakieru i szk\u0142a.<\/p>\n<p>Podj\u0119li\u015bmy wsp\u00f3\u0142prac\u0119 z firm\u0105 Vileda aby dostarczy\u0107 tobie mikrofibr\u0119 z pow\u0142ok\u0105 PVA, kt\u00f3ra oferuje doskona\u0142\u0105 wydajno\u015b\u0107. 'InstDry&#8217; jest niewiarygodnie ch\u0142onny. Nie tylko zapewnia idealne, wolne od smug wyko\u0144czenie na lakierze czy szkle ale znacz\u0105co skraca czas suszenia. Jego wyj\u0105tkowa pow\u0142oka pomaga uwolni\u0107 jakikolwiek uwi\u0119ziony brud zostawiaj\u0105c znacznie mniej cz\u0105stek w \u015bciereczce po jej wyp\u0142ukaniu. Najwa\u017cniejsza wskaz\u00f3wka &#8211; wi\u0119kszo\u015bci sk\u00f3r z irchy trzeba u\u017cy\u0107 kilka razy aby uzyska\u0107 po\u017c\u0105dany efekt ale InstaDry dzia\u0142a perfekcyjnie ju\u017c od pierwszego u\u017cycia.<\/p>\n<p>Po u\u017cyciu, wyp\u0142ucz r\u0119cznie w zimnej wodzie i pozostaw do wyschni\u0119cia. Jakkolwiek je\u017celi to b\u0119dzie konieczne mo\u017ce by\u0107 wybrany w pralce z dodatkiem \u0142agodnego \u015brodka czyszcz\u0105cego.<\/p>\n<p>Rozmiar 50&#215;44 cm<\/p>","protected":false},"excerpt":{"rendered":"<p>Superch\u0142onna, \u015bciereczka z mikrofibry ze specjaln\u0105 pow\u0142ok\u0105 dla szybkiego, wolnego od smug wyko\u0144czenia lakieru i szk\u0142a. Podj\u0119li\u015bmy wsp\u00f3\u0142prac\u0119 z firm\u0105 Vileda aby dostarczy\u0107 tobie mikrofibr\u0119 z pow\u0142ok\u0105 PVA, kt\u00f3ra oferuje doskona\u0142\u0105 wydajno\u015b\u0107. 'InstDry&#8217; jest niewiarygodnie ch\u0142onny. Nie tylko zapewnia idealne, wolne od smug wyko\u0144czenie na lakierze czy szkle ale znacz\u0105co skraca czas suszenia. Jego wyj\u0105tkowa&hellip;&nbsp;<a href=\"https:\/\/liquidmaster.pl\/en\/autoglym-instadry-retail-50x44cm-superchlonna-mikrofibra\/\" rel=\"bookmark\">Read More \u00bb<span class=\"screen-reader-text\">Autoglym Instadry Retail 50x44cm \u2013 super absorbent microfiber<\/span><\/a><\/p>","protected":false},"featured_media":1849522,"comment_status":"open","ping_status":"open","template":"","meta":{"neve_meta_sidebar":"","neve_meta_container":"","neve_meta_enable_content_width":"","neve_meta_content_width":0,"neve_meta_title_alignment":"","neve_meta_author_avatar":"","neve_post_elements_order":"","neve_meta_disable_header":"","neve_meta_disable_footer":"","neve_meta_disable_title":"","_themeisle_gutenberg_block_has_review":false},"product_brand":[],"product_cat":[757,758,798],"product_tag":[265],"class_list":{"0":"post-1808753","1":"product","2":"type-product","3":"status-publish","4":"has-post-thumbnail","6":"product_cat-akcesoria","7":"product_cat-mikrofibry-i-reczniki","8":"product_cat-uniwersalne","9":"product_tag-autoglym","11":"first","12":"instock","13":"taxable","14":"shipping-taxable","15":"purchasable","16":"product-type-simple"},"_links":{"self":[{"href":"https:\/\/liquidmaster.pl\/en\/wp-json\/wp\/v2\/product\/1808753","targetHints":{"allow":["GET"]}}],"collection":[{"href":"https:\/\/liquidmaster.pl\/en\/wp-json\/wp\/v2\/product"}],"about":[{"href":"https:\/\/liquidmaster.pl\/en\/wp-json\/wp\/v2\/types\/product"}],"replies":[{"embeddable":true,"href":"https:\/\/liquidmaster.pl\/en\/wp-json\/wp\/v2\/comments?post=1808753"}],"wp:featuredmedia":[{"embeddable":true,"href":"https:\/\/liquidmaster.pl\/en\/wp-json\/wp\/v2\/media\/1849522"}],"wp:attachment":[{"href":"https:\/\/liquidmaster.pl\/en\/wp-json\/wp\/v2\/media?parent=1808753"}],"wp:term":[{"taxonomy":"product_brand","embeddable":true,"href":"https:\/\/liquidmaster.pl\/en\/wp-json\/wp\/v2\/product_brand?post=1808753"},{"taxonomy":"product_cat","embeddable":true,"href":"https:\/\/liquidmaster.pl\/en\/wp-json\/wp\/v2\/product_cat?post=1808753"},{"taxonomy":"product_tag","embeddable":true,"href":"https:\/\/liquidmaster.pl\/en\/wp-json\/wp\/v2\/product_tag?post=1808753"}],"curies":[{"name":"wp","href":"https:\/\/api.w.org\/{rel}","templated":true}]}}