{"id":1808751,"date":"2025-03-28T20:32:05","date_gmt":"2025-03-28T18:32:05","guid":{"rendered":"https:\/\/liquidmaster.pl\/autoglym-glass-spray-450ml-plyn-do-mycia-szyb-w-aerozolu\/"},"modified":"2026-04-18T04:44:20","modified_gmt":"2026-04-18T02:44:20","slug":"autoglym-glass-spray-450ml-plyn-do-mycia-szyb-w-aerozolu","status":"publish","type":"product","link":"https:\/\/liquidmaster.pl\/en\/autoglym-glass-spray-450ml-plyn-do-mycia-szyb-w-aerozolu\/","title":{"rendered":"Autoglym Glass Spray 450ml \u2013 aerosol glass cleaner"},"content":{"rendered":"<p>Fast-acting window cleaning spray<\/p>\n<p>Characteristics<\/p>\n<ul>\n<li>Cleans all glass, acrylic, plexiglass and plastic windows<\/li>\n<li>Super fast, non-abrasive formula<\/li>\n<li>Aerosol<\/li>\n<li>Streak-free finish<\/li>\n<li>Silicone-free<\/li>\n<\/ul>\n<p>Advantages<\/p>\n<ul>\n<li>Quick and easy application saves time and effort<\/li>\n<li>Ensures pristine windows to enhance the customer experience<\/li>\n<li>Perfect for use in showrooms, forecourts and events to get the best vehicle presentation.<\/li>\n<\/ul>\n<p>Usage:<\/p>\n<li>Shake well. Spray sparingly on the surface from a distance of 20\u201330 cm.<\/li>\n<li>For best results, spread evenly with a paper towel.<\/li>\n<p>Capacity 450 ml<\/p>","protected":false},"excerpt":{"rendered":"<p>Szybko dzia\u0142aj\u0105cy aerozol do czyszczenia szyb Cechy Czy\u015bci wszystkie okna szklane, akrylowe, pleksi i plastikowe Super szybka, nie\u015bcierna formu\u0142a Aerozol Wyko\u0144czenie bez smug Bez silikonu Zalety Szybka i \u0142atwa aplikacja oszcz\u0119dza czas i wysi\u0142ek Zapewnia nieskaziteln\u0105 czysto\u015b\u0107 okien, aby poprawi\u0107 wra\u017cenia klienta Idealny do stosowania w salonach wystawowych, na placach i imprezach, aby uzyska\u0107 najlepsz\u0105&hellip;&nbsp;<a href=\"https:\/\/liquidmaster.pl\/en\/autoglym-glass-spray-450ml-plyn-do-mycia-szyb-w-aerozolu\/\" rel=\"bookmark\">Read More \u00bb<span class=\"screen-reader-text\">Autoglym Glass Spray 450ml \u2013 aerosol glass cleaner<\/span><\/a><\/p>","protected":false},"featured_media":1849520,"comment_status":"open","ping_status":"open","template":"","meta":{"neve_meta_sidebar":"","neve_meta_container":"","neve_meta_enable_content_width":"","neve_meta_content_width":0,"neve_meta_title_alignment":"","neve_meta_author_avatar":"","neve_post_elements_order":"","neve_meta_disable_header":"","neve_meta_disable_footer":"","neve_meta_disable_title":"","_themeisle_gutenberg_block_has_review":false},"product_brand":[],"product_cat":[733,774,773],"product_tag":[265],"class_list":{"0":"post-1808751","1":"product","2":"type-product","3":"status-publish","4":"has-post-thumbnail","6":"product_cat-na-zewnatrz","7":"product_cat-plyny-do-szyb","8":"product_cat-szyby","9":"product_tag-autoglym","11":"first","12":"instock","13":"taxable","14":"shipping-taxable","15":"purchasable","16":"product-type-simple"},"_links":{"self":[{"href":"https:\/\/liquidmaster.pl\/en\/wp-json\/wp\/v2\/product\/1808751","targetHints":{"allow":["GET"]}}],"collection":[{"href":"https:\/\/liquidmaster.pl\/en\/wp-json\/wp\/v2\/product"}],"about":[{"href":"https:\/\/liquidmaster.pl\/en\/wp-json\/wp\/v2\/types\/product"}],"replies":[{"embeddable":true,"href":"https:\/\/liquidmaster.pl\/en\/wp-json\/wp\/v2\/comments?post=1808751"}],"wp:featuredmedia":[{"embeddable":true,"href":"https:\/\/liquidmaster.pl\/en\/wp-json\/wp\/v2\/media\/1849520"}],"wp:attachment":[{"href":"https:\/\/liquidmaster.pl\/en\/wp-json\/wp\/v2\/media?parent=1808751"}],"wp:term":[{"taxonomy":"product_brand","embeddable":true,"href":"https:\/\/liquidmaster.pl\/en\/wp-json\/wp\/v2\/product_brand?post=1808751"},{"taxonomy":"product_cat","embeddable":true,"href":"https:\/\/liquidmaster.pl\/en\/wp-json\/wp\/v2\/product_cat?post=1808751"},{"taxonomy":"product_tag","embeddable":true,"href":"https:\/\/liquidmaster.pl\/en\/wp-json\/wp\/v2\/product_tag?post=1808751"}],"curies":[{"name":"wp","href":"https:\/\/api.w.org\/{rel}","templated":true}]}}