{"id":1808749,"date":"2025-03-28T20:30:49","date_gmt":"2025-03-28T18:30:49","guid":{"rendered":"https:\/\/liquidmaster.pl\/autoglym-fast-glass-500ml-plyn-do-mycia-szyb\/"},"modified":"2026-04-19T03:32:05","modified_gmt":"2026-04-19T01:32:05","slug":"autoglym-fast-glass-500ml-plyn-do-mycia-szyb","status":"publish","type":"product","link":"https:\/\/liquidmaster.pl\/en\/autoglym-fast-glass-500ml-plyn-do-mycia-szyb\/","title":{"rendered":"Autoglym Fast Glass 500ml \u2013 glass cleaner"},"content":{"rendered":"<p>&#039;Fast Glass&#039; is a fast-acting cleaner for glass, mirrors, plexiglass, acrylic and plastic windows.<\/p>\n<p>Fast Glass is a highly effective cleaner, free from abrasives, waxes, and silicones, leaving no residue, just a crystal-clear finish. Ideal for both interior and exterior use, this cleaner cuts through dirt and grime, easily removing road grime, insect debris, oil, grease, and bird droppings. It was recognized in the 2015 Auto Express product awards. Pro tip: Fast Glass can be used to remove polish, wax, and sealant from unpainted rubber and plastic trim.<\/p>\n<p>Usage:<\/p>\n<li>Spray a light coating onto the glass and spread it with a microfiber cloth. Polish until crystal-clear, flipping the cloth regularly.<\/li>\n<li>Before using on car interior and navigation screens, spray the product onto a cloth.<\/li>\n<p>Capacity 500 ml<\/p>","protected":false},"excerpt":{"rendered":"<p>\u015arodek 'Fast Glass&#8217; jest szybko dzia\u0142aj\u0105cym \u015brodek do czyszczenia szk\u0142a, lusterek, plexi, akrylowych i plastikowych szyb. Fast Glass&#8217; jest bardzo skutecznym \u015brodkiem czyszcz\u0105cym, wolny od \u015brodk\u00f3w \u015bciernych, wosk\u00f3w i silikon\u00f3w, kt\u00f3re nie pozostawiaj\u0105 \u017cadnych osad\u00f3w ale jedynie krystalicznie czyste wyko\u0144czenie. Ten \u015brodek jest idealny do zastosowania wewn\u0105trz jak i na zewn\u0105trz, wgryza si\u0119 w brud&hellip;&nbsp;<a href=\"https:\/\/liquidmaster.pl\/en\/autoglym-fast-glass-500ml-plyn-do-mycia-szyb\/\" rel=\"bookmark\">Read More \u00bb<span class=\"screen-reader-text\">Autoglym Fast Glass 500ml \u2013 glass cleaner<\/span><\/a><\/p>","protected":false},"featured_media":1849514,"comment_status":"open","ping_status":"open","template":"","meta":{"neve_meta_sidebar":"","neve_meta_container":"","neve_meta_enable_content_width":"","neve_meta_content_width":0,"neve_meta_title_alignment":"","neve_meta_author_avatar":"","neve_post_elements_order":"","neve_meta_disable_header":"","neve_meta_disable_footer":"","neve_meta_disable_title":"","_themeisle_gutenberg_block_has_review":false},"product_brand":[],"product_cat":[733,774,773],"product_tag":[265],"class_list":{"0":"post-1808749","1":"product","2":"type-product","3":"status-publish","4":"has-post-thumbnail","6":"product_cat-na-zewnatrz","7":"product_cat-plyny-do-szyb","8":"product_cat-szyby","9":"product_tag-autoglym","11":"first","12":"outofstock","13":"taxable","14":"shipping-taxable","15":"purchasable","16":"product-type-simple"},"_links":{"self":[{"href":"https:\/\/liquidmaster.pl\/en\/wp-json\/wp\/v2\/product\/1808749","targetHints":{"allow":["GET"]}}],"collection":[{"href":"https:\/\/liquidmaster.pl\/en\/wp-json\/wp\/v2\/product"}],"about":[{"href":"https:\/\/liquidmaster.pl\/en\/wp-json\/wp\/v2\/types\/product"}],"replies":[{"embeddable":true,"href":"https:\/\/liquidmaster.pl\/en\/wp-json\/wp\/v2\/comments?post=1808749"}],"wp:featuredmedia":[{"embeddable":true,"href":"https:\/\/liquidmaster.pl\/en\/wp-json\/wp\/v2\/media\/1849514"}],"wp:attachment":[{"href":"https:\/\/liquidmaster.pl\/en\/wp-json\/wp\/v2\/media?parent=1808749"}],"wp:term":[{"taxonomy":"product_brand","embeddable":true,"href":"https:\/\/liquidmaster.pl\/en\/wp-json\/wp\/v2\/product_brand?post=1808749"},{"taxonomy":"product_cat","embeddable":true,"href":"https:\/\/liquidmaster.pl\/en\/wp-json\/wp\/v2\/product_cat?post=1808749"},{"taxonomy":"product_tag","embeddable":true,"href":"https:\/\/liquidmaster.pl\/en\/wp-json\/wp\/v2\/product_tag?post=1808749"}],"curies":[{"name":"wp","href":"https:\/\/api.w.org\/{rel}","templated":true}]}}