{"id":1808745,"date":"2025-03-28T20:30:49","date_gmt":"2025-03-28T18:30:49","guid":{"rendered":"https:\/\/liquidmaster.pl\/autoglym-custom-wheel-cleaner-500ml-bezkwasowy-srodek-do-czyszczenia-kol\/"},"modified":"2026-04-18T04:44:18","modified_gmt":"2026-04-18T02:44:18","slug":"autoglym-custom-wheel-cleaner-500ml-bezkwasowy-srodek-do-czyszczenia-kol","status":"publish","type":"product","link":"https:\/\/liquidmaster.pl\/en\/autoglym-custom-wheel-cleaner-500ml-bezkwasowy-srodek-do-czyszczenia-kol\/","title":{"rendered":"Autoglym Custom Wheel Cleaner 500ml \u2013 Acid-free wheel cleaner"},"content":{"rendered":"<p>Bezkwasowy \u015brodek do czyszczenia k\u00f3\u0142, kt\u00f3ry szybko usuwa py\u0142 hamulcowy i brud drogowy.<br \/>\nJest bezpieczny do stosowania na wszystkich typach k\u00f3\u0142 m.in. aluminiowych, lakierowanych alufelgach, stalowych, chromowanych, malowanych, anodowanych i plastikowych ko\u0142pakach. Je\u017celi masz dzielone obr\u0119cze zastosuj 'Bodywork Shampoo Conditioner&#8217;.<\/p>\n<p>Usage:<\/p>\n<li>Upewnij si\u0119, \u017ce ko\u0142a s\u0105 zimne w dotyku, gdy\u017c praca na gor\u0105cych ko\u0142ach mo\u017ce skutkowa\u0107 uszkodzeniem.<\/li>\n<li>Pracuj nad jednym ko\u0142em na raz, nanie\u015b \u015brodek obficie od do\u0142u do g\u00f3ry, w pe\u0142ni pokrywaj\u0105c powierzchni\u0119 ko\u0142a.<\/li>\n<li>U\u017cyj szczotki do k\u00f3\u0142 w celu rozprowadzenia \u015brodka, koncentruj\u0105c si\u0119 na miejscach, w kt\u00f3rych gromadzi si\u0119 brud, nie zapomnij o \u015bcianie opony.<\/li>\n<li>Sp\u0142ucz dok\u0142adnie wod\u0105, upewniaj\u0105c si\u0119, \u017ce \u015brodek jest ca\u0142kowicie usuni\u0119ty zanim przejdziesz do nast\u0119pnego ko\u0142a.<\/li>\n<p>Capacity 500 ml<\/p>","protected":false},"excerpt":{"rendered":"<p>Bezkwasowy \u015brodek do czyszczenia k\u00f3\u0142, kt\u00f3ry szybko usuwa py\u0142 hamulcowy i brud drogowy. Jest bezpieczny do stosowania na wszystkich typach k\u00f3\u0142 m.in. aluminiowych, lakierowanych alufelgach, stalowych, chromowanych, malowanych, anodowanych i plastikowych ko\u0142pakach. Je\u017celi masz dzielone obr\u0119cze zastosuj 'Bodywork Shampoo Conditioner&#8217;. Spos\u00f3b u\u017cycia: Upewnij si\u0119, \u017ce ko\u0142a s\u0105 zimne w dotyku, gdy\u017c praca na gor\u0105cych ko\u0142ach&hellip;&nbsp;<a href=\"https:\/\/liquidmaster.pl\/en\/autoglym-custom-wheel-cleaner-500ml-bezkwasowy-srodek-do-czyszczenia-kol\/\" rel=\"bookmark\">Read More \u00bb<span class=\"screen-reader-text\">Autoglym Custom Wheel Cleaner 500ml \u2013 Acid-free wheel cleaner<\/span><\/a><\/p>","protected":false},"featured_media":1849510,"comment_status":"open","ping_status":"open","template":"","meta":{"neve_meta_sidebar":"","neve_meta_container":"","neve_meta_enable_content_width":"","neve_meta_content_width":0,"neve_meta_title_alignment":"","neve_meta_author_avatar":"","neve_post_elements_order":"","neve_meta_disable_header":"","neve_meta_disable_footer":"","neve_meta_disable_title":"","_themeisle_gutenberg_block_has_review":false},"product_brand":[],"product_cat":[746,745,733],"product_tag":[265],"class_list":{"0":"post-1808745","1":"product","2":"type-product","3":"status-publish","4":"has-post-thumbnail","6":"product_cat-czyszczenie-felg","7":"product_cat-kola-i-opony","8":"product_cat-na-zewnatrz","9":"product_tag-autoglym","11":"first","12":"instock","13":"taxable","14":"shipping-taxable","15":"purchasable","16":"product-type-simple"},"_links":{"self":[{"href":"https:\/\/liquidmaster.pl\/en\/wp-json\/wp\/v2\/product\/1808745","targetHints":{"allow":["GET"]}}],"collection":[{"href":"https:\/\/liquidmaster.pl\/en\/wp-json\/wp\/v2\/product"}],"about":[{"href":"https:\/\/liquidmaster.pl\/en\/wp-json\/wp\/v2\/types\/product"}],"replies":[{"embeddable":true,"href":"https:\/\/liquidmaster.pl\/en\/wp-json\/wp\/v2\/comments?post=1808745"}],"wp:featuredmedia":[{"embeddable":true,"href":"https:\/\/liquidmaster.pl\/en\/wp-json\/wp\/v2\/media\/1849510"}],"wp:attachment":[{"href":"https:\/\/liquidmaster.pl\/en\/wp-json\/wp\/v2\/media?parent=1808745"}],"wp:term":[{"taxonomy":"product_brand","embeddable":true,"href":"https:\/\/liquidmaster.pl\/en\/wp-json\/wp\/v2\/product_brand?post=1808745"},{"taxonomy":"product_cat","embeddable":true,"href":"https:\/\/liquidmaster.pl\/en\/wp-json\/wp\/v2\/product_cat?post=1808745"},{"taxonomy":"product_tag","embeddable":true,"href":"https:\/\/liquidmaster.pl\/en\/wp-json\/wp\/v2\/product_tag?post=1808745"}],"curies":[{"name":"wp","href":"https:\/\/api.w.org\/{rel}","templated":true}]}}