{"id":1808743,"date":"2025-03-28T20:30:28","date_gmt":"2025-03-28T18:30:28","guid":{"rendered":"https:\/\/liquidmaster.pl\/autoglym-convertible-soft-top-clean-protect-kit-zestaw-do-dachow-cabrio\/"},"modified":"2026-04-19T03:32:04","modified_gmt":"2026-04-19T01:32:04","slug":"autoglym-convertible-soft-top-clean-protect-kit-zestaw-do-dachow-cabrio","status":"publish","type":"product","link":"https:\/\/liquidmaster.pl\/en\/autoglym-convertible-soft-top-clean-protect-kit-zestaw-do-dachow-cabrio\/","title":{"rendered":"Autoglym Convertible Soft Top Clean Protect Kit - convertible top kit"},"content":{"rendered":"<p>Wszystko, czego potrzebujesz do czyszczenia i ochrony materia\u0142owych, mi\u0119kkich dach\u00f3w kabriolet\u00f3w.<\/p>\n<p>Regularne czyszczenie mi\u0119kkiego dachu utrzyma zielone algi na dystans, a jego oryginalny kolor b\u0119dzie jak nowy. Nasz zestaw zawiera wszystko, czego potrzebujesz do czyszczenia i ochrony moherowego, podw\u00f3jnego, materia\u0142owego lub p\u0142\u00f3ciennego dachu. Je\u015bli masz winylowy dach, dok\u0142adnie wyczy\u015b\u0107 go szamponem Bodywork Shampoo Conditioner, a nast\u0119pnie zabezpiecz \u017celem Bumper &#038; Trim.<\/p>\n<p>Umyj do\u0142\u0105czone g\u0105bki w razie potrzeby w czystej, ciep\u0142ej wodzie i pozostaw do wyschni\u0119cia na powietrzu.<\/p>\n<p>Contents:<\/p>\n<ul>\n<li>500 ml \u015brodka czyszcz\u0105cego Soft Top,<\/li>\n<li>500 ml Soft Top Protector,<\/li>\n<li>1 x g\u0105bka czyszcz\u0105ca,<\/li>\n<li>1 x aplikator Soft Top Protector<\/li>\n<\/ul>","protected":false},"excerpt":{"rendered":"<p>Wszystko, czego potrzebujesz do czyszczenia i ochrony materia\u0142owych, mi\u0119kkich dach\u00f3w kabriolet\u00f3w. Regularne czyszczenie mi\u0119kkiego dachu utrzyma zielone algi na dystans, a jego oryginalny kolor b\u0119dzie jak nowy. Nasz zestaw zawiera wszystko, czego potrzebujesz do czyszczenia i ochrony moherowego, podw\u00f3jnego, materia\u0142owego lub p\u0142\u00f3ciennego dachu. Je\u015bli masz winylowy dach, dok\u0142adnie wyczy\u015b\u0107 go szamponem Bodywork Shampoo Conditioner, a&hellip;&nbsp;<a href=\"https:\/\/liquidmaster.pl\/en\/autoglym-convertible-soft-top-clean-protect-kit-zestaw-do-dachow-cabrio\/\" rel=\"bookmark\">Read More \u00bb<span class=\"screen-reader-text\">Autoglym Convertible Soft Top Clean Protect Kit - convertible top kit<\/span><\/a><\/p>","protected":false},"featured_media":1849500,"comment_status":"open","ping_status":"open","template":"","meta":{"neve_meta_sidebar":"","neve_meta_container":"","neve_meta_enable_content_width":"","neve_meta_content_width":0,"neve_meta_title_alignment":"","neve_meta_author_avatar":"","neve_post_elements_order":"","neve_meta_disable_header":"","neve_meta_disable_footer":"","neve_meta_disable_title":"","_themeisle_gutenberg_block_has_review":false},"product_brand":[],"product_cat":[849,848,733],"product_tag":[265],"class_list":{"0":"post-1808743","1":"product","2":"type-product","3":"status-publish","4":"has-post-thumbnail","6":"product_cat-czyszczenie-dachow-cabrio","7":"product_cat-dachy-cabrio","8":"product_cat-na-zewnatrz","9":"product_tag-autoglym","11":"first","12":"outofstock","13":"taxable","14":"shipping-taxable","15":"purchasable","16":"product-type-simple"},"_links":{"self":[{"href":"https:\/\/liquidmaster.pl\/en\/wp-json\/wp\/v2\/product\/1808743","targetHints":{"allow":["GET"]}}],"collection":[{"href":"https:\/\/liquidmaster.pl\/en\/wp-json\/wp\/v2\/product"}],"about":[{"href":"https:\/\/liquidmaster.pl\/en\/wp-json\/wp\/v2\/types\/product"}],"replies":[{"embeddable":true,"href":"https:\/\/liquidmaster.pl\/en\/wp-json\/wp\/v2\/comments?post=1808743"}],"wp:featuredmedia":[{"embeddable":true,"href":"https:\/\/liquidmaster.pl\/en\/wp-json\/wp\/v2\/media\/1849500"}],"wp:attachment":[{"href":"https:\/\/liquidmaster.pl\/en\/wp-json\/wp\/v2\/media?parent=1808743"}],"wp:term":[{"taxonomy":"product_brand","embeddable":true,"href":"https:\/\/liquidmaster.pl\/en\/wp-json\/wp\/v2\/product_brand?post=1808743"},{"taxonomy":"product_cat","embeddable":true,"href":"https:\/\/liquidmaster.pl\/en\/wp-json\/wp\/v2\/product_cat?post=1808743"},{"taxonomy":"product_tag","embeddable":true,"href":"https:\/\/liquidmaster.pl\/en\/wp-json\/wp\/v2\/product_tag?post=1808743"}],"curies":[{"name":"wp","href":"https:\/\/api.w.org\/{rel}","templated":true}]}}