{"id":1808741,"date":"2025-03-28T20:30:28","date_gmt":"2025-03-28T18:30:28","guid":{"rendered":"https:\/\/liquidmaster.pl\/autoglym-ceramic-wash-protect-1l-szampon-hydrofobowy\/"},"modified":"2026-04-18T04:44:17","modified_gmt":"2026-04-18T02:44:17","slug":"autoglym-ceramic-wash-protect-1l-szampon-hydrofobowy","status":"publish","type":"product","link":"https:\/\/liquidmaster.pl\/en\/autoglym-ceramic-wash-protect-1l-szampon-hydrofobowy\/","title":{"rendered":"Autoglym Ceramic Wash &amp; Protect 1L \u2013 hydrophobic shampoo"},"content":{"rendered":"<p>Ceramiczny szampon myj\u0105cy z funkcj\u0105 zabezpieczaj\u0105c\u0105 zapewnia dog\u0142\u0119bne oczyszczenie, pozostawiaj\u0105c hydrofobow\u0105 warstw\u0119 ochronn\u0105 a tak\u017ce \u015blisko\u015b\u0107 i po\u0142ysk.<\/p>\n<p>Potr\u00f3jne dzia\u0142anie mycia!<\/p>\n<p>Ten szampon 3w1 jest wygodnym sposobem na dodanie troszk\u0119 ochrony dla twojego samochodu bez wysi\u0142ku i dodatkowych produkt\u00f3w.<\/p>\n<p>Przez skuteczne usuwanie zabrudze\u0144 drogowych, AUTOGLYM Ceramic Wash &#038; Protect Shampoo oferuje g\u0142adk\u0105 powierzchni\u0119 oraz po\u0142ysk, kt\u00f3remu nie mo\u017cesz si\u0119 oprze\u0107.<\/p>\n<p>Dodatkowo, hydrofobowa pow\u0142oka sprawia, \u017ce suszenie staje si\u0119 szybsze, a nast\u0119pne czyszczenie jeszcze \u0142atwiejsze.<\/p>\n<p>Characteristics:<\/p>\n<ul>\n<li>Moc czyszczenia w skoncentrowanej formie<\/li>\n<li>Minimalna ilo\u015b\u0107 produktu, maksymalna skuteczno\u015b\u0107? Ten super skoncentrowany, nisko pieni\u0105cy si\u0119 szampon wymaga tylko trzech nakr\u0119tek (ok.30ml) produktu, wymieszanych z 10 litrami wody, aby zapewni\u0107 dok\u0142adne czyszczenie. Oznacza to, \u017ce jedna butelka mo\u017ce dostarczy\u0107 nawet do 33 my\u0107!<\/li>\n<li>High gloss<\/li>\n<li>Wyr\u00f3\u017cnij si\u0119 z t\u0142umu naszym Ceramicznym Szamponem Myj\u0105cym i Ochronnym. Nie tylko zapewnia wysoki po\u0142ysk po ka\u017cdym myciu, ale tak\u017ce pozostawia g\u0142adk\u0105 powierzchni\u0119, kt\u00f3ra podkre\u015bla wysoki po\u0142ysk.<\/li>\n<li>Super dzia\u0142anie odprowadzaj\u0105ce<\/li>\n<\/ul>\n<p>Nasz Ceramiczny Szampon Myj\u0105cy i Ochronny zawiera technologi\u0119 ceramiczn\u0105, kt\u00f3ra nak\u0142ada na tw\u00f3j pojazd cienk\u0105 warstw\u0119 ochronn\u0105 hydrofobow\u0105 po ka\u017cdym myciu. Pomaga to w pi\u0119knemu odbijaniu wody po deszczu oraz przyspiesza suszenie samochodu po sp\u0142ukaniu.<\/p>\n<p>Capacity 1 L<\/p>","protected":false},"excerpt":{"rendered":"<p>Ceramiczny szampon myj\u0105cy z funkcj\u0105 zabezpieczaj\u0105c\u0105 zapewnia dog\u0142\u0119bne oczyszczenie, pozostawiaj\u0105c hydrofobow\u0105 warstw\u0119 ochronn\u0105 a tak\u017ce \u015blisko\u015b\u0107 i po\u0142ysk. Potr\u00f3jne dzia\u0142anie mycia! Ten szampon 3w1 jest wygodnym sposobem na dodanie troszk\u0119 ochrony dla twojego samochodu bez wysi\u0142ku i dodatkowych produkt\u00f3w. Przez skuteczne usuwanie zabrudze\u0144 drogowych, AUTOGLYM Ceramic Wash &#038; Protect Shampoo oferuje g\u0142adk\u0105 powierzchni\u0119 oraz po\u0142ysk,&hellip;&nbsp;<a href=\"https:\/\/liquidmaster.pl\/en\/autoglym-ceramic-wash-protect-1l-szampon-hydrofobowy\/\" rel=\"bookmark\">Read More \u00bb<span class=\"screen-reader-text\">Autoglym Ceramic Wash &amp; Protect 1L \u2013 hydrophobic shampoo<\/span><\/a><\/p>","protected":false},"featured_media":1849496,"comment_status":"open","ping_status":"open","template":"","meta":{"neve_meta_sidebar":"","neve_meta_container":"","neve_meta_enable_content_width":"","neve_meta_content_width":0,"neve_meta_title_alignment":"","neve_meta_author_avatar":"","neve_post_elements_order":"","neve_meta_disable_header":"","neve_meta_disable_footer":"","neve_meta_disable_title":"","_themeisle_gutenberg_block_has_review":false},"product_brand":[],"product_cat":[734,733,740],"product_tag":[265],"class_list":{"0":"post-1808741","1":"product","2":"type-product","3":"status-publish","4":"has-post-thumbnail","6":"product_cat-mycie-i-osuszanie","7":"product_cat-na-zewnatrz","8":"product_cat-szampony-mycie-i-osuszanie","9":"product_tag-autoglym","11":"first","12":"instock","13":"taxable","14":"shipping-taxable","15":"purchasable","16":"product-type-simple"},"_links":{"self":[{"href":"https:\/\/liquidmaster.pl\/en\/wp-json\/wp\/v2\/product\/1808741","targetHints":{"allow":["GET"]}}],"collection":[{"href":"https:\/\/liquidmaster.pl\/en\/wp-json\/wp\/v2\/product"}],"about":[{"href":"https:\/\/liquidmaster.pl\/en\/wp-json\/wp\/v2\/types\/product"}],"replies":[{"embeddable":true,"href":"https:\/\/liquidmaster.pl\/en\/wp-json\/wp\/v2\/comments?post=1808741"}],"wp:featuredmedia":[{"embeddable":true,"href":"https:\/\/liquidmaster.pl\/en\/wp-json\/wp\/v2\/media\/1849496"}],"wp:attachment":[{"href":"https:\/\/liquidmaster.pl\/en\/wp-json\/wp\/v2\/media?parent=1808741"}],"wp:term":[{"taxonomy":"product_brand","embeddable":true,"href":"https:\/\/liquidmaster.pl\/en\/wp-json\/wp\/v2\/product_brand?post=1808741"},{"taxonomy":"product_cat","embeddable":true,"href":"https:\/\/liquidmaster.pl\/en\/wp-json\/wp\/v2\/product_cat?post=1808741"},{"taxonomy":"product_tag","embeddable":true,"href":"https:\/\/liquidmaster.pl\/en\/wp-json\/wp\/v2\/product_tag?post=1808741"}],"curies":[{"name":"wp","href":"https:\/\/api.w.org\/{rel}","templated":true}]}}