{"id":1808739,"date":"2025-03-28T20:30:28","date_gmt":"2025-03-28T18:30:28","guid":{"rendered":"https:\/\/liquidmaster.pl\/autoglym-car-glass-polish-500ml-mleczko-do-oczyszczenia-szyb\/"},"modified":"2026-04-20T08:24:48","modified_gmt":"2026-04-20T06:24:48","slug":"autoglym-car-glass-polish-500ml-mleczko-do-oczyszczenia-szyb","status":"publish","type":"product","link":"https:\/\/liquidmaster.pl\/en\/autoglym-car-glass-polish-500ml-mleczko-do-oczyszczenia-szyb\/","title":{"rendered":"Autoglym Car Glass Polish 500ml \u2013 window cleaning milk"},"content":{"rendered":"<p>G\u0142\u0119boko czyszcz\u0105cy krem w celu uzyskania krystalicznie czystej widoczno\u015bci od \u015brodka jak i od zewn\u0105trz<\/p>\n<p>Car Glass Polish&#8217; zosta\u0142 specjalnie opracowany do zwi\u0119kszenia widoczno\u015bci przez przedni\u0105 szyb\u0119 dla bezpieczniejszej jazdy. \u0141atwy w u\u017cyciu, g\u0142\u0119boko czyszcz\u0105cy roztw\u00f3r usuwa zabrudzenia drogowe, smar, wosk, nikotyn\u0119, owady i osady wodne. Nadaje si\u0119 do stosowania do szyb wewn\u0119trznych i zewn\u0119trznych. Je\u017celi twoje szyby s\u0105 z plexi, akrylu b\u0105d\u017a plastiku zamiast tego produktu zastosuj \u015brodek 'Fast Glass&#8217;.<\/p>\n<p>Usage:<\/p>\n<li>Dobrze wstrz\u0105\u015bnij i nanie\u015b na czyst\u0105 \u015bciereczk\u0119 z mikrofibry lub aplikator do polerowania.<\/li>\n<li>Poleruj stosuj\u0105c okr\u0119\u017cne ruchy zapewniaj\u0105c ca\u0142ej szybie pokrycie cienk\u0105 warstw\u0105. Zwi\u0119ksz nacisk w miejscu uporczywych \u015blad\u00f3w.<\/li>\n<li>Pozostaw do wyschni\u0119cia a nast\u0119pnie spoleruj czyst\u0105 \u015bciereczk\u0105 z mikrofibry.<\/li>\n<p>Capacity 500 ml<\/p>","protected":false},"excerpt":{"rendered":"<p>G\u0142\u0119boko czyszcz\u0105cy krem w celu uzyskania krystalicznie czystej widoczno\u015bci od \u015brodka jak i od zewn\u0105trz Car Glass Polish&#8217; zosta\u0142 specjalnie opracowany do zwi\u0119kszenia widoczno\u015bci przez przedni\u0105 szyb\u0119 dla bezpieczniejszej jazdy. \u0141atwy w u\u017cyciu, g\u0142\u0119boko czyszcz\u0105cy roztw\u00f3r usuwa zabrudzenia drogowe, smar, wosk, nikotyn\u0119, owady i osady wodne. Nadaje si\u0119 do stosowania do szyb wewn\u0119trznych i zewn\u0119trznych.&hellip;&nbsp;<a href=\"https:\/\/liquidmaster.pl\/en\/autoglym-car-glass-polish-500ml-mleczko-do-oczyszczenia-szyb\/\" rel=\"bookmark\">Read More \u00bb<span class=\"screen-reader-text\">Autoglym Car Glass Polish 500ml \u2013 window cleaning milk<\/span><\/a><\/p>","protected":false},"featured_media":1849494,"comment_status":"open","ping_status":"open","template":"","meta":{"neve_meta_sidebar":"","neve_meta_container":"","neve_meta_enable_content_width":"","neve_meta_content_width":0,"neve_meta_title_alignment":"","neve_meta_author_avatar":"","neve_post_elements_order":"","neve_meta_disable_header":"","neve_meta_disable_footer":"","neve_meta_disable_title":"","_themeisle_gutenberg_block_has_review":false},"product_brand":[],"product_cat":[733,844,773],"product_tag":[265],"class_list":{"0":"post-1808739","1":"product","2":"type-product","3":"status-publish","4":"has-post-thumbnail","6":"product_cat-na-zewnatrz","7":"product_cat-polerowanie-szyb","8":"product_cat-szyby","9":"product_tag-autoglym","11":"first","12":"outofstock","13":"taxable","14":"shipping-taxable","15":"purchasable","16":"product-type-simple"},"_links":{"self":[{"href":"https:\/\/liquidmaster.pl\/en\/wp-json\/wp\/v2\/product\/1808739","targetHints":{"allow":["GET"]}}],"collection":[{"href":"https:\/\/liquidmaster.pl\/en\/wp-json\/wp\/v2\/product"}],"about":[{"href":"https:\/\/liquidmaster.pl\/en\/wp-json\/wp\/v2\/types\/product"}],"replies":[{"embeddable":true,"href":"https:\/\/liquidmaster.pl\/en\/wp-json\/wp\/v2\/comments?post=1808739"}],"wp:featuredmedia":[{"embeddable":true,"href":"https:\/\/liquidmaster.pl\/en\/wp-json\/wp\/v2\/media\/1849494"}],"wp:attachment":[{"href":"https:\/\/liquidmaster.pl\/en\/wp-json\/wp\/v2\/media?parent=1808739"}],"wp:term":[{"taxonomy":"product_brand","embeddable":true,"href":"https:\/\/liquidmaster.pl\/en\/wp-json\/wp\/v2\/product_brand?post=1808739"},{"taxonomy":"product_cat","embeddable":true,"href":"https:\/\/liquidmaster.pl\/en\/wp-json\/wp\/v2\/product_cat?post=1808739"},{"taxonomy":"product_tag","embeddable":true,"href":"https:\/\/liquidmaster.pl\/en\/wp-json\/wp\/v2\/product_tag?post=1808739"}],"curies":[{"name":"wp","href":"https:\/\/api.w.org\/{rel}","templated":true}]}}