{"id":1808735,"date":"2025-03-28T20:30:05","date_gmt":"2025-03-28T18:30:05","guid":{"rendered":"https:\/\/liquidmaster.pl\/autoglym-bodywork-shampoo-conditioner-500ml-lekko-pieniacy-szampon-samochodowy\/"},"modified":"2026-04-18T04:44:16","modified_gmt":"2026-04-18T02:44:16","slug":"autoglym-bodywork-shampoo-conditioner-500ml-lekko-pieniacy-szampon-samochodowy","status":"publish","type":"product","link":"https:\/\/liquidmaster.pl\/en\/autoglym-bodywork-shampoo-conditioner-500ml-lekko-pieniacy-szampon-samochodowy\/","title":{"rendered":"Autoglym Bodywork Shampoo Conditioner 500ml \u2013 light foaming car shampoo"},"content":{"rendered":"<p>Lekko pieni\u0105cy i g\u0142\u0119boko czyszcz\u0105cy szampon z wodoodpornym wyko\u0144czeniem dla \u0142atwego sp\u0142ukiwania i ci\u0105g\u0142ej ochrony.<\/p>\n<p>Czysty samoch\u00f3d jest czym\u015b pi\u0119knym i jest to \u0142atwe do osi\u0105gni\u0119cia z naszym skutecznie dzia\u0142aj\u0105cym ale delikatnym szamponem 'Bodywork Shampoo Conditioner&#8217;, o neutralnym pH. Nasze lekko pieni\u0105ce rozwi\u0105zanie tworzy warstw\u0119 hydrofobow\u0105, co powoduje szybsze sp\u0142ywanie wody z powierzchni, dzi\u0119ki czemu szybciej mo\u017cesz sp\u0142uka\u0107 i wysuszy\u0107 samoch\u00f3d. Jego aktywne sk\u0142adniki czyszcz\u0105 tw\u00f3j pojazd bez usuwania jakiejkolwiek, wcze\u015bniej zastosowanej pasty polerskiej czy wosku.<\/p>\n<p>Usage:<\/p>\n<li>Dobrze wstrz\u0105\u015bnij. Wlej dwie nakr\u0119tki do wiadra i 10 litr\u00f3w ciep\u0142ej lub zimnej wody.<\/li>\n<li>Zmocz karoseri\u0119 w\u0119\u017cem w celu sp\u0142ukania nadmiaru brudu. Zawsze pracuj na zimnej powierzchni, myj samoch\u00f3d zaczynaj\u0105c od dachu.<\/li>\n<li>Nie pozw\u00f3l aby szampon wyschn\u0105\u0142 na samochodzie.<\/li>\n<li>Sp\u0142ucz dobrze czyst\u0105 wod\u0105 a nast\u0119pnie aby unikn\u0105\u0107 tworzenia si\u0119 \u015blad\u00f3w po wodzie wytrzyj za pomoc\u0105 r\u0119cznika 'Microfibre Drying Towel&#8217;.<\/li>\n<p>Capacity 500 ml<\/p>","protected":false},"excerpt":{"rendered":"<p>Lekko pieni\u0105cy i g\u0142\u0119boko czyszcz\u0105cy szampon z wodoodpornym wyko\u0144czeniem dla \u0142atwego sp\u0142ukiwania i ci\u0105g\u0142ej ochrony. Czysty samoch\u00f3d jest czym\u015b pi\u0119knym i jest to \u0142atwe do osi\u0105gni\u0119cia z naszym skutecznie dzia\u0142aj\u0105cym ale delikatnym szamponem 'Bodywork Shampoo Conditioner&#8217;, o neutralnym pH. Nasze lekko pieni\u0105ce rozwi\u0105zanie tworzy warstw\u0119 hydrofobow\u0105, co powoduje szybsze sp\u0142ywanie wody z powierzchni, dzi\u0119ki czemu&hellip;&nbsp;<a href=\"https:\/\/liquidmaster.pl\/en\/autoglym-bodywork-shampoo-conditioner-500ml-lekko-pieniacy-szampon-samochodowy\/\" rel=\"bookmark\">Read More \u00bb<span class=\"screen-reader-text\">Autoglym Bodywork Shampoo Conditioner 500ml \u2013 light foaming car shampoo<\/span><\/a><\/p>","protected":false},"featured_media":1849487,"comment_status":"open","ping_status":"open","template":"","meta":{"neve_meta_sidebar":"","neve_meta_container":"","neve_meta_enable_content_width":"","neve_meta_content_width":0,"neve_meta_title_alignment":"","neve_meta_author_avatar":"","neve_post_elements_order":"","neve_meta_disable_header":"","neve_meta_disable_footer":"","neve_meta_disable_title":"","_themeisle_gutenberg_block_has_review":false},"product_brand":[],"product_cat":[734,733,740],"product_tag":[265],"class_list":{"0":"post-1808735","1":"product","2":"type-product","3":"status-publish","4":"has-post-thumbnail","6":"product_cat-mycie-i-osuszanie","7":"product_cat-na-zewnatrz","8":"product_cat-szampony-mycie-i-osuszanie","9":"product_tag-autoglym","11":"first","12":"instock","13":"taxable","14":"shipping-taxable","15":"purchasable","16":"product-type-simple"},"_links":{"self":[{"href":"https:\/\/liquidmaster.pl\/en\/wp-json\/wp\/v2\/product\/1808735","targetHints":{"allow":["GET"]}}],"collection":[{"href":"https:\/\/liquidmaster.pl\/en\/wp-json\/wp\/v2\/product"}],"about":[{"href":"https:\/\/liquidmaster.pl\/en\/wp-json\/wp\/v2\/types\/product"}],"replies":[{"embeddable":true,"href":"https:\/\/liquidmaster.pl\/en\/wp-json\/wp\/v2\/comments?post=1808735"}],"wp:featuredmedia":[{"embeddable":true,"href":"https:\/\/liquidmaster.pl\/en\/wp-json\/wp\/v2\/media\/1849487"}],"wp:attachment":[{"href":"https:\/\/liquidmaster.pl\/en\/wp-json\/wp\/v2\/media?parent=1808735"}],"wp:term":[{"taxonomy":"product_brand","embeddable":true,"href":"https:\/\/liquidmaster.pl\/en\/wp-json\/wp\/v2\/product_brand?post=1808735"},{"taxonomy":"product_cat","embeddable":true,"href":"https:\/\/liquidmaster.pl\/en\/wp-json\/wp\/v2\/product_cat?post=1808735"},{"taxonomy":"product_tag","embeddable":true,"href":"https:\/\/liquidmaster.pl\/en\/wp-json\/wp\/v2\/product_tag?post=1808735"}],"curies":[{"name":"wp","href":"https:\/\/api.w.org\/{rel}","templated":true}]}}