{"id":1808727,"date":"2025-03-28T20:28:49","date_gmt":"2025-03-28T18:28:49","guid":{"rendered":"https:\/\/liquidmaster.pl\/auto-graph-sapphire-400ml-quick-detailer-z-kwarcem-sio2\/"},"modified":"2026-04-19T03:32:00","modified_gmt":"2026-04-19T01:32:00","slug":"auto-graph-sapphire-400ml-quick-detailer-z-kwarcem-sio2","status":"publish","type":"product","link":"https:\/\/liquidmaster.pl\/en\/auto-graph-sapphire-400ml-quick-detailer-z-kwarcem-sio2\/","title":{"rendered":"Auto Graph Sapphire 400ml &#8211; quick detailer z kwarcem SiO2"},"content":{"rendered":"<p>Auto Graph Sapphire \u2013 would you like to protect your paint well against dirt and harmful environmental influences, but it seems difficult to you? Not with Sapphire Ceramic Spray Coat! It contains SiO2 - the main component of quartz coatings, which makes the surface hydrophobic. The effect - faster drying, slower dirt deposition and increases glassiness - gloss and wet look. Masks and eliminates paint imperfections. Easy to use - shake, apply to dry or wet varnish, polish with a microfiber.<\/p>\n<p>Properties:<\/p>\n<ul>\n<li>Super hydrophobic effect.<\/li>\n<li>Wet look and extra shine.<\/li>\n<li>Hides paint imperfections.<\/li>\n<li>Slows down the deposition of pollutants.<\/li>\n<li>Very durable and easy to apply.<\/li>\n<li>For use on dry and wet varnish.<\/li>\n<\/ul>\n<p>Usage:<\/p>\n<li>Wash the car.<\/li>\n<li>Dry with a towel.<\/li>\n<li>Apply Sapphire to the microfiber or directly to the varnish.<\/li>\n<li>Polish with a microfiber cloth.<\/li>\n<li>Can be used on wet varnish.<\/li>\n<p>Tips:<\/p>\n<ul>\n<li>Carry out work in optimal conditions - avoid high temperatures, humidity, sun; work indoors.<\/li>\n<li>Do not leave the product to dry.<\/li>\n<li>Use gloves and protective clothing.<\/li>\n<li>The optimum storage temperature is 5-25 degrees.<\/li>\n<\/ul>\n<p>Capacity: 400 ml<\/p>\n<p>\u00a0<\/p>","protected":false},"excerpt":{"rendered":"<p>Auto Graph Sapphire \u2013 chcia\u0142by\u015b dobrze zabezpieczy\u0107 lakier przed zabrudzeniami i szkodliwym wp\u0142ywem \u015brodowiska, ale wydaje Ci si\u0119 to trudne? Nie z Sapphire Ceramic Spray Coat! Zawiera on SiO2 &#8211; g\u0142\u00f3wny sk\u0142adnik pow\u0142ok kwarcowych, kt\u00f3ry nadaje powierzchni hydrofobowo\u015b\u0107. Efekt \u2013 szybsze osuszanie, wolniejsze osadzanie brudu oraz zwi\u0119ksza szklisto\u015b\u0107 \u2013 po\u0142ysk i wet look. Maskuje i&hellip;&nbsp;<a href=\"https:\/\/liquidmaster.pl\/en\/auto-graph-sapphire-400ml-quick-detailer-z-kwarcem-sio2\/\" rel=\"bookmark\">Read More \u00bb<span class=\"screen-reader-text\">Auto Graph Sapphire 400ml &#8211; quick detailer z kwarcem SiO2<\/span><\/a><\/p>","protected":false},"featured_media":1849471,"comment_status":"open","ping_status":"open","template":"","meta":{"neve_meta_sidebar":"","neve_meta_container":"","neve_meta_enable_content_width":"","neve_meta_content_width":0,"neve_meta_title_alignment":"","neve_meta_author_avatar":"","neve_post_elements_order":"","neve_meta_disable_header":"","neve_meta_disable_footer":"","neve_meta_disable_title":"","_themeisle_gutenberg_block_has_review":false},"product_brand":[],"product_cat":[733,766,767],"product_tag":[264],"class_list":{"0":"post-1808727","1":"product","2":"type-product","3":"status-publish","4":"has-post-thumbnail","6":"product_cat-na-zewnatrz","7":"product_cat-ochrona-lakieru","8":"product_cat-quick-detailery","9":"product_tag-auto-graph","11":"first","12":"instock","13":"taxable","14":"shipping-taxable","15":"purchasable","16":"product-type-simple"},"_links":{"self":[{"href":"https:\/\/liquidmaster.pl\/en\/wp-json\/wp\/v2\/product\/1808727","targetHints":{"allow":["GET"]}}],"collection":[{"href":"https:\/\/liquidmaster.pl\/en\/wp-json\/wp\/v2\/product"}],"about":[{"href":"https:\/\/liquidmaster.pl\/en\/wp-json\/wp\/v2\/types\/product"}],"replies":[{"embeddable":true,"href":"https:\/\/liquidmaster.pl\/en\/wp-json\/wp\/v2\/comments?post=1808727"}],"wp:featuredmedia":[{"embeddable":true,"href":"https:\/\/liquidmaster.pl\/en\/wp-json\/wp\/v2\/media\/1849471"}],"wp:attachment":[{"href":"https:\/\/liquidmaster.pl\/en\/wp-json\/wp\/v2\/media?parent=1808727"}],"wp:term":[{"taxonomy":"product_brand","embeddable":true,"href":"https:\/\/liquidmaster.pl\/en\/wp-json\/wp\/v2\/product_brand?post=1808727"},{"taxonomy":"product_cat","embeddable":true,"href":"https:\/\/liquidmaster.pl\/en\/wp-json\/wp\/v2\/product_cat?post=1808727"},{"taxonomy":"product_tag","embeddable":true,"href":"https:\/\/liquidmaster.pl\/en\/wp-json\/wp\/v2\/product_tag?post=1808727"}],"curies":[{"name":"wp","href":"https:\/\/api.w.org\/{rel}","templated":true}]}}