{"id":1808709,"date":"2025-03-28T20:26:49","date_gmt":"2025-03-28T18:26:49","guid":{"rendered":"https:\/\/liquidmaster.pl\/auto-graph-aventurine-ipa-cleaner-400ml-alkohol-izopropylowy-odtluszczacz\/"},"modified":"2026-04-18T04:44:09","modified_gmt":"2026-04-18T02:44:09","slug":"auto-graph-aventurine-ipa-cleaner-400ml-alkohol-izopropylowy-odtluszczacz","status":"publish","type":"product","link":"https:\/\/liquidmaster.pl\/en\/auto-graph-aventurine-ipa-cleaner-400ml-alkohol-izopropylowy-odtluszczacz\/","title":{"rendered":"Auto Graph Aventurine IPA Cleaner 400ml \u2013 isopropyl alcohol, degreaser"},"content":{"rendered":"<p>Auto Graph Aventurine \u2013 you are looking for a product that perfectly degreases and removes dirt. Aventurine IPA Cleaner is a professional degreaser containing 99% isopropyl alcohol! Indispensable when preparing paint for applying waxes and coatings. Indispensable when correcting paintwork. Removes polishing paste residues and facilitates inspection. In winter, it works great as a defroster. Suitable for both bodywork, rims and windows.<\/p>\n<p>Properties:<\/p>\n<ul>\n<li>Powerful degreaser.<\/li>\n<li>With very good cleaning properties.<\/li>\n<li>Fully concentrated - dilution possible.<\/li>\n<li>Multifunctional.<\/li>\n<li>Easy to use.<\/li>\n<\/ul>\n<p>Usage:<\/p>\n<li>Spray on the microfiber.<\/li>\n<li>Possibly cleaned surface.<\/li>\n<li>Remove dirt or degrease the paint.<\/li>\n<p>Tips:<\/p>\n<ul>\n<li>Carry out work in optimal conditions - avoid high temperatures, humidity, sun; work indoors.<\/li>\n<li>Do not leave the product to dry.<\/li>\n<li>Use gloves and protective clothing.<\/li>\n<li>The optimum storage temperature is 5-25 degrees.<\/li>\n<\/ul>\n<p>Capacity: 400 ml<\/p>\n<p>\u00a0<\/p>","protected":false},"excerpt":{"rendered":"<p>Auto Graph Aventurine \u2013 poszukujesz produktu, kt\u00f3ry idealnie odt\u0142uszcza i usuwa zabrudzenia. Aventurine IPA Cleaner to profesjonalny odt\u0142uszczacz zawieraj\u0105cy 99% alkoholu izopropylowego! Niezast\u0105piony podczas przygotowania lakieru do na\u0142o\u017cenia wosk\u00f3w oraz pow\u0142ok. Niezb\u0119dny podczas korekty lakieru. Usuwa pozosta\u0142o\u015bci po pastach polerskich i u\u0142atwia inspekcj\u0119. Zim\u0105 sprawdza si\u0119 \u015bwietnie jako odmra\u017cacz. Odpowiedni zar\u00f3wno do karoserii, felg jak&hellip;&nbsp;<a href=\"https:\/\/liquidmaster.pl\/en\/auto-graph-aventurine-ipa-cleaner-400ml-alkohol-izopropylowy-odtluszczacz\/\" rel=\"bookmark\">Read More \u00bb<span class=\"screen-reader-text\">Auto Graph Aventurine IPA Cleaner 400ml \u2013 isopropyl alcohol, degreaser<\/span><\/a><\/p>","protected":false},"featured_media":1849437,"comment_status":"open","ping_status":"open","template":"","meta":{"neve_meta_sidebar":"","neve_meta_container":"","neve_meta_enable_content_width":"","neve_meta_content_width":0,"neve_meta_title_alignment":"","neve_meta_author_avatar":"","neve_post_elements_order":"","neve_meta_disable_header":"","neve_meta_disable_footer":"","neve_meta_disable_title":"","_themeisle_gutenberg_block_has_review":false},"product_brand":[],"product_cat":[820,733,808],"product_tag":[264],"class_list":{"0":"post-1808709","1":"product","2":"type-product","3":"status-publish","4":"has-post-thumbnail","6":"product_cat-cleanery-pre-wax","7":"product_cat-na-zewnatrz","8":"product_cat-przygotowanie-lakieru","9":"product_tag-auto-graph","11":"first","12":"instock","13":"taxable","14":"shipping-taxable","15":"purchasable","16":"product-type-simple"},"_links":{"self":[{"href":"https:\/\/liquidmaster.pl\/en\/wp-json\/wp\/v2\/product\/1808709","targetHints":{"allow":["GET"]}}],"collection":[{"href":"https:\/\/liquidmaster.pl\/en\/wp-json\/wp\/v2\/product"}],"about":[{"href":"https:\/\/liquidmaster.pl\/en\/wp-json\/wp\/v2\/types\/product"}],"replies":[{"embeddable":true,"href":"https:\/\/liquidmaster.pl\/en\/wp-json\/wp\/v2\/comments?post=1808709"}],"wp:featuredmedia":[{"embeddable":true,"href":"https:\/\/liquidmaster.pl\/en\/wp-json\/wp\/v2\/media\/1849437"}],"wp:attachment":[{"href":"https:\/\/liquidmaster.pl\/en\/wp-json\/wp\/v2\/media?parent=1808709"}],"wp:term":[{"taxonomy":"product_brand","embeddable":true,"href":"https:\/\/liquidmaster.pl\/en\/wp-json\/wp\/v2\/product_brand?post=1808709"},{"taxonomy":"product_cat","embeddable":true,"href":"https:\/\/liquidmaster.pl\/en\/wp-json\/wp\/v2\/product_cat?post=1808709"},{"taxonomy":"product_tag","embeddable":true,"href":"https:\/\/liquidmaster.pl\/en\/wp-json\/wp\/v2\/product_tag?post=1808709"}],"curies":[{"name":"wp","href":"https:\/\/api.w.org\/{rel}","templated":true}]}}