{"id":1808703,"date":"2025-03-28T20:26:26","date_gmt":"2025-03-28T18:26:26","guid":{"rendered":"https:\/\/liquidmaster.pl\/auto-graph-alabaster-leather-protect-400ml\/"},"modified":"2026-04-18T04:44:08","modified_gmt":"2026-04-18T02:44:08","slug":"auto-graph-alabaster-leather-protect-400ml","status":"publish","type":"product","link":"https:\/\/liquidmaster.pl\/en\/auto-graph-alabaster-leather-protect-400ml\/","title":{"rendered":"Auto Graph Alabaster Leather Protect 400ml"},"content":{"rendered":"<p>Auto Graph Alabaster Leather Protect \u2013 do you want to properly protect your leather upholstery? Choose Alabaster Leather Protect, which softens, moisturizes and nourishes the leather, improves its elasticity and makes it less susceptible to dirt and cracking. Regular use of the product prevents the leather from drying out and significantly extends its life.<\/p>\n<p>Usage:<\/p>\n<li>Apply the product to the applicator or microfiber cloth and spread evenly over the surface.<\/li>\n<li>Wait a few seconds and wipe off the excess with a delicate, dry microfiber cloth.<\/li>\n<p>Capacity: 400 ml<\/p>","protected":false},"excerpt":{"rendered":"<p>Auto Graph Alabaster Leather Protect \u2013 chcesz odpowiednio zabezpieczy\u0107 tapicerk\u0119 sk\u00f3rzan\u0105? Postaw na Alabaster Leather Protect, kt\u00f3ry zmi\u0119kcza, nawil\u017ca i od\u017cywia sk\u00f3r\u0119, poprawia jej elastyczno\u015b\u0107 oraz sprawia, \u017ce jest mniej podatna na zabrudzenia i p\u0119kanie. Regularne stosowanie produktu zapobiega wysychaniu sk\u00f3ry i znacznie wyd\u0142u\u017ca jej \u017cywotno\u015b\u0107. Spos\u00f3b u\u017cycia: Nanie\u015b produkt na aplikator lub szmatk\u0119 z&hellip;&nbsp;<a href=\"https:\/\/liquidmaster.pl\/en\/auto-graph-alabaster-leather-protect-400ml\/\" rel=\"bookmark\">Read More \u00bb<span class=\"screen-reader-text\">Auto Graph Alabaster Leather Protect 400ml<\/span><\/a><\/p>","protected":false},"featured_media":1849421,"comment_status":"open","ping_status":"open","template":"","meta":{"neve_meta_sidebar":"","neve_meta_container":"","neve_meta_enable_content_width":"","neve_meta_content_width":0,"neve_meta_title_alignment":"","neve_meta_author_avatar":"","neve_post_elements_order":"","neve_meta_disable_header":"","neve_meta_disable_footer":"","neve_meta_disable_title":"","_themeisle_gutenberg_block_has_review":false},"product_brand":[],"product_cat":[833,816,768],"product_tag":[264],"class_list":{"0":"post-1808703","1":"product","2":"type-product","3":"status-publish","4":"has-post-thumbnail","6":"product_cat-ochrona-skory","7":"product_cat-tapicerka-skorzana","8":"product_cat-wnetrze-auta","9":"product_tag-auto-graph","11":"first","12":"instock","13":"taxable","14":"shipping-taxable","15":"purchasable","16":"product-type-simple"},"_links":{"self":[{"href":"https:\/\/liquidmaster.pl\/en\/wp-json\/wp\/v2\/product\/1808703","targetHints":{"allow":["GET"]}}],"collection":[{"href":"https:\/\/liquidmaster.pl\/en\/wp-json\/wp\/v2\/product"}],"about":[{"href":"https:\/\/liquidmaster.pl\/en\/wp-json\/wp\/v2\/types\/product"}],"replies":[{"embeddable":true,"href":"https:\/\/liquidmaster.pl\/en\/wp-json\/wp\/v2\/comments?post=1808703"}],"wp:featuredmedia":[{"embeddable":true,"href":"https:\/\/liquidmaster.pl\/en\/wp-json\/wp\/v2\/media\/1849421"}],"wp:attachment":[{"href":"https:\/\/liquidmaster.pl\/en\/wp-json\/wp\/v2\/media?parent=1808703"}],"wp:term":[{"taxonomy":"product_brand","embeddable":true,"href":"https:\/\/liquidmaster.pl\/en\/wp-json\/wp\/v2\/product_brand?post=1808703"},{"taxonomy":"product_cat","embeddable":true,"href":"https:\/\/liquidmaster.pl\/en\/wp-json\/wp\/v2\/product_cat?post=1808703"},{"taxonomy":"product_tag","embeddable":true,"href":"https:\/\/liquidmaster.pl\/en\/wp-json\/wp\/v2\/product_tag?post=1808703"}],"curies":[{"name":"wp","href":"https:\/\/api.w.org\/{rel}","templated":true}]}}