{"id":1808699,"date":"2025-03-28T20:26:04","date_gmt":"2025-03-28T18:26:04","guid":{"rendered":"https:\/\/liquidmaster.pl\/cleantle-odour-terminator-500ml-neutralizator-zapachow\/"},"modified":"2026-04-18T04:44:07","modified_gmt":"2026-04-18T02:44:07","slug":"cleantle-odour-terminator-500ml-neutralizator-zapachow","status":"publish","type":"product","link":"https:\/\/liquidmaster.pl\/en\/cleantle-odour-terminator-500ml-neutralizator-zapachow\/","title":{"rendered":"Cleantle Odour Terminator 500ml &#8211; neutralizator zapach\u00f3w"},"content":{"rendered":"<\/p>\n<p>Odour Terminator to innowacyjny produkt, oparty o biotechnologiczne rozwi\u0105zanie, kt\u00f3ry rozprawia si\u0119 z uporczywymi zapachami takimi jak: zapach papieros\u00f3w, wymiocin, moczu, zaschni\u0119tego mleka i wielu innych. Odour Terminator nie tylko eliminuje zapach, ale tak\u017ce zapobiega jego nawracaniu. Innowacyjna receptura, oparta o probiotyki, dzia\u0142a na zasadzie \u201ezjadania\u201d cz\u0105steczek odpowiedzialnych za przykry zapach, a nie zast\u0119powania ich innym zapachem.<\/p>\n<p>Dzi\u0119ki zastosowanemu rozwi\u0105zaniu, Odour Terminator zdecydowanie przewy\u017csza skuteczno\u015bci\u0105 inne neutralizatory zapach\u00f3w. Produkt ma lekkie w\u0142a\u015bciwo\u015bci czyszcz\u0105ce. Produkt jest bezpieczny dla<br \/>\nu\u017cytkownika i \u0142atwo biodegradowalny.<\/p>\n<p>Product features:<\/p>\n<ul>\n<li>innowacyjna, biotechnologiczna receptura<\/li>\n<li>niezwyk\u0142a skuteczno\u015b\u0107 dzia\u0142ania<\/li>\n<li>bez problemu zwalcza intensywne, nieprzyjemne zapachy<\/li>\n<li>zapobiega nawracaniu zapachu<\/li>\n<li>lekkie w\u0142a\u015bciwo\u015bci czyszcz\u0105ce<\/li>\n<li>easily biodegradable<\/li>\n<\/ul>\n<p>Produkt gotowy do u\u017cytku.<\/p>\n<p>Usage:<\/p>\n<li>Shake the bottle.<\/li>\n<li>Spryskaj powierzchni\u0119 lub rozpyl produkt w powietrzu i pozostaw do wyschni\u0119cia.<\/li>\n<li>W przypadku mocno uporczywego zapachu nale\u017cy powt\u00f3rzy\u0107 aplikacj\u0119 po paru godzinach.<\/li>\n<p>Attention!<br \/>\nProdukt dzia\u0142a aktywnie przez wiele godzin po aplikacji \u2013 nie nale\u017cy u\u017cywa\u0107 produkt\u00f3w wysoko zasadowych (pH > 9) ani kwasowych (pH < 6), poniewa\u017c zako\u0144czy to aktywne dzia\u0142anie produktu.<\/p>\n<p>Capacity: 500 ml<\/p>","protected":false},"excerpt":{"rendered":"<p>Odour Terminator to innowacyjny produkt, oparty o biotechnologiczne rozwi\u0105zanie, kt\u00f3ry rozprawia si\u0119 z uporczywymi zapachami takimi jak: zapach papieros\u00f3w, wymiocin, moczu, zaschni\u0119tego mleka i wielu innych. Odour Terminator nie tylko eliminuje zapach, ale tak\u017ce zapobiega jego nawracaniu. Innowacyjna receptura, oparta o probiotyki, dzia\u0142a na zasadzie \u201ezjadania\u201d cz\u0105steczek odpowiedzialnych za przykry zapach, a nie zast\u0119powania ich&hellip;&nbsp;<a href=\"https:\/\/liquidmaster.pl\/en\/cleantle-odour-terminator-500ml-neutralizator-zapachow\/\" rel=\"bookmark\">Read More \u00bb<span class=\"screen-reader-text\">Cleantle Odour Terminator 500ml &#8211; neutralizator zapach\u00f3w<\/span><\/a><\/p>","protected":false},"featured_media":1849413,"comment_status":"open","ping_status":"open","template":"","meta":{"neve_meta_sidebar":"","neve_meta_container":"","neve_meta_enable_content_width":"","neve_meta_content_width":0,"neve_meta_title_alignment":"","neve_meta_author_avatar":"","neve_post_elements_order":"","neve_meta_disable_header":"","neve_meta_disable_footer":"","neve_meta_disable_title":"","_themeisle_gutenberg_block_has_review":false},"product_brand":[],"product_cat":[810,801,768],"product_tag":[280],"class_list":{"0":"post-1808699","1":"product","2":"type-product","3":"status-publish","4":"has-post-thumbnail","6":"product_cat-neutralizatory-zapachow","7":"product_cat-odswiezacze-powietrza","8":"product_cat-wnetrze-auta","9":"product_tag-cleantech-cleantle","11":"first","12":"instock","13":"taxable","14":"shipping-taxable","15":"purchasable","16":"product-type-simple"},"_links":{"self":[{"href":"https:\/\/liquidmaster.pl\/en\/wp-json\/wp\/v2\/product\/1808699","targetHints":{"allow":["GET"]}}],"collection":[{"href":"https:\/\/liquidmaster.pl\/en\/wp-json\/wp\/v2\/product"}],"about":[{"href":"https:\/\/liquidmaster.pl\/en\/wp-json\/wp\/v2\/types\/product"}],"replies":[{"embeddable":true,"href":"https:\/\/liquidmaster.pl\/en\/wp-json\/wp\/v2\/comments?post=1808699"}],"wp:featuredmedia":[{"embeddable":true,"href":"https:\/\/liquidmaster.pl\/en\/wp-json\/wp\/v2\/media\/1849413"}],"wp:attachment":[{"href":"https:\/\/liquidmaster.pl\/en\/wp-json\/wp\/v2\/media?parent=1808699"}],"wp:term":[{"taxonomy":"product_brand","embeddable":true,"href":"https:\/\/liquidmaster.pl\/en\/wp-json\/wp\/v2\/product_brand?post=1808699"},{"taxonomy":"product_cat","embeddable":true,"href":"https:\/\/liquidmaster.pl\/en\/wp-json\/wp\/v2\/product_cat?post=1808699"},{"taxonomy":"product_tag","embeddable":true,"href":"https:\/\/liquidmaster.pl\/en\/wp-json\/wp\/v2\/product_tag?post=1808699"}],"curies":[{"name":"wp","href":"https:\/\/api.w.org\/{rel}","templated":true}]}}