{"id":1808691,"date":"2025-03-28T20:24:47","date_gmt":"2025-03-28T18:24:47","guid":{"rendered":"https:\/\/liquidmaster.pl\/hyper-prime-30ml-powloka-grafenowa\/"},"modified":"2026-04-18T04:44:05","modified_gmt":"2026-04-18T02:44:05","slug":"hyper-prime-30ml-powloka-grafenowa","status":"publish","type":"product","link":"https:\/\/liquidmaster.pl\/en\/hyper-prime-30ml-powloka-grafenowa\/","title":{"rendered":"Hyper Prime 30ml \u2013 graphene coating"},"content":{"rendered":"<p>The highest concentration of graphene and carbon nanotubes (CNTs)<br \/>\nPRIME is an uncompromising hybrid coating that meets the expectations of demanding users, providing excellent protection and a premium finish. Thanks to the highest concentration of graphene and carbon nanotubes (CNTs), the coating is exceptionally hard and flexible, minimizing the risk of micro-scratches.<\/p>\n<p>PRIME guarantees superior self-cleaning properties, making daily vehicle maintenance quick and easy. It&#039;s the perfect solution for those seeking maximum protection and long-lasting aesthetics.<\/p>\n<p>PRIME is exceptionally hydrophobic \u2013 water and dirt simply roll off the paint surface, making daily vehicle care much easier. Additionally, the coating gives the paint a glassy shine that attracts attention and highlights the depth of the color.<\/p>\n<p>Durability: 7 years or 110,000 km<\/p>\n<p>Contains: Sio2, Graphene, Carbon Nanotubes (CNT), Flexible Polymers<\/p>\n<p>Application surfaces:<\/p>\n<ul>\n<li>varnished surfaces,<\/li>\n<li>external plastics,<\/li>\n<li>aluminum rims,<\/li>\n<li>PPF foil,<\/li>\n<li>color change foil,<\/li>\n<li>matte foil,<\/li>\n<li>matte varnish.<\/li>\n<\/ul>\n<p>Capacity: 30 ml<\/p>\n<p style=\"text-align: center;\">Interested in becoming an accredited applicator of Hyper coatings? Contact us for details.<\/p>","protected":false},"excerpt":{"rendered":"<p>Najwy\u017csza koncentracja grafenu i nanorurek w\u0119glowych CNT PRIME\u00a0to bezkompromisowa pow\u0142oka hybrydowa, kt\u00f3ra odpowiada na oczekiwania wymagaj\u0105cych u\u017cytkownik\u00f3w, zapewniaj\u0105ca doskona\u0142\u0105 ochron\u0119 i efekt premium. Dzi\u0119ki najwy\u017cszemu st\u0119\u017ceniu grafenu i nanorurek w\u0119glowych CNT, pow\u0142oka charakteryzuje si\u0119 wyj\u0105tkow\u0105 twardo\u015bci\u0105 i elastyczno\u015bci\u0105, co minimalizuje ryzyko powstawania mikrozarysowa\u0144. PRIME\u00a0gwarantuje najlepsze w\u0142a\u015bciwo\u015bci samooczyszczaj\u0105ce, co sprawia, \u017ce codzienna piel\u0119gnacja pojazdu staje si\u0119&hellip;&nbsp;<a href=\"https:\/\/liquidmaster.pl\/en\/hyper-prime-30ml-powloka-grafenowa\/\" rel=\"bookmark\">Read More \u00bb<span class=\"screen-reader-text\">Hyper Prime 30ml \u2013 graphene coating<\/span><\/a><\/p>","protected":false},"featured_media":1849397,"comment_status":"open","ping_status":"open","template":"","meta":{"neve_meta_sidebar":"","neve_meta_container":"","neve_meta_enable_content_width":"","neve_meta_content_width":0,"neve_meta_title_alignment":"","neve_meta_author_avatar":"","neve_post_elements_order":"","neve_meta_disable_header":"","neve_meta_disable_footer":"","neve_meta_disable_title":"","_themeisle_gutenberg_block_has_review":false},"product_brand":[],"product_cat":[733,766,775],"product_tag":[593],"class_list":{"0":"post-1808691","1":"product","2":"type-product","3":"status-publish","4":"has-post-thumbnail","6":"product_cat-na-zewnatrz","7":"product_cat-ochrona-lakieru","8":"product_cat-powloki-ceramiczne","9":"product_tag-hyper","11":"first","12":"instock","13":"taxable","14":"shipping-taxable","15":"purchasable","16":"product-type-simple"},"_links":{"self":[{"href":"https:\/\/liquidmaster.pl\/en\/wp-json\/wp\/v2\/product\/1808691","targetHints":{"allow":["GET"]}}],"collection":[{"href":"https:\/\/liquidmaster.pl\/en\/wp-json\/wp\/v2\/product"}],"about":[{"href":"https:\/\/liquidmaster.pl\/en\/wp-json\/wp\/v2\/types\/product"}],"replies":[{"embeddable":true,"href":"https:\/\/liquidmaster.pl\/en\/wp-json\/wp\/v2\/comments?post=1808691"}],"wp:featuredmedia":[{"embeddable":true,"href":"https:\/\/liquidmaster.pl\/en\/wp-json\/wp\/v2\/media\/1849397"}],"wp:attachment":[{"href":"https:\/\/liquidmaster.pl\/en\/wp-json\/wp\/v2\/media?parent=1808691"}],"wp:term":[{"taxonomy":"product_brand","embeddable":true,"href":"https:\/\/liquidmaster.pl\/en\/wp-json\/wp\/v2\/product_brand?post=1808691"},{"taxonomy":"product_cat","embeddable":true,"href":"https:\/\/liquidmaster.pl\/en\/wp-json\/wp\/v2\/product_cat?post=1808691"},{"taxonomy":"product_tag","embeddable":true,"href":"https:\/\/liquidmaster.pl\/en\/wp-json\/wp\/v2\/product_tag?post=1808691"}],"curies":[{"name":"wp","href":"https:\/\/api.w.org\/{rel}","templated":true}]}}