{"id":1808685,"date":"2025-03-28T20:24:26","date_gmt":"2025-03-28T18:24:26","guid":{"rendered":"https:\/\/liquidmaster.pl\/zvizzer-thermo-all-rounder-pad-blue-90-20-76-niebieska-gabka-polerska-mocno-tnaca\/"},"modified":"2026-04-18T04:44:03","modified_gmt":"2026-04-18T02:44:03","slug":"zvizzer-thermo-all-rounder-pad-blue-90-20-76-niebieska-gabka-polerska-mocno-tnaca","status":"publish","type":"product","link":"https:\/\/liquidmaster.pl\/en\/zvizzer-thermo-all-rounder-pad-blue-902076-niebieska-gabka-polerska-mocno-tnaca\/","title":{"rendered":"ZviZZer Thermo All-Rounder Pad Blue 90\/20\/76 \u2013 blue polishing sponge with a strong cutting action"},"content":{"rendered":"<p>ZviZZer THERMO ALL-ROUNDER PAD BLUE ULTRA HARD 90\/20\/76, niebieska g\u0105bka polerska mocno tn\u0105ca<\/p>\n<p class=\"text-justify\">Innowacyjny, bardzo twardy pad polerski z serii ZviZZer Detailing Line przeznaczony do pracy na maszynach rotacyjnych i Dual Action. Stworzony do usuwania najmocniejszych zarysowa\u0144 na powierzchni lakieru i \u015blad\u00f3w po szlifowaniu papierem P1500. Jego si\u0142\u0119 tn\u0105c\u0105 mo\u017cna por\u00f3wna\u0107 do futra polerskiego, jednak w przeciwie\u0144stwie do futra pozostawia bardzo dobre wyko\u0144czenie.<\/p>\n<p class=\"text-justify\">Works perfectly with ZviZZer PC5000 and HC4000 pastes.<\/p>\n<p class=\"text-justify\">The pad uses two innovative technologies that significantly affect the quality, speed and comfort of work - THERMO and ALL-ROUNDER.<\/p>\n<p class=\"text-justify\">THERMO ALL-ROUNDER is made of the revolutionary, open-cell THERMO sponge, which is characterized by above-average temperature resistance. Thanks to this, these polishing pads:<\/p>\n<ul>\n<li class=\"text-justify\">do not lose their cutting properties during polishing,<\/li>\n<li class=\"text-justify\">do not soften during operation,\u00a0<\/li>\n<li class=\"text-justify\">they heat up the surface less compared to standard open-cell pads,<\/li>\n<li class=\"text-justify\">remain more stable during work,<\/li>\n<li class=\"text-justify\">they are distinguished by a longer service life.<\/li>\n<\/ul>\n<p class=\"text-justify\">The polishing pad is manufactured using ALL-ROUNDER technology. Between the sponge and the Velcro there is a special spacer made of a mixture of closed-cell foam and rubber. This improves working comfort and reduces vibrations. The special shape and increased weight make better use of centrifugal force, which translates into more effective cutting on Dual Action polishers and more comfortable operation of the machine. The spacer blocks access of the paste to the Velcro, further increasing the durability of the pads.<\/p>\n<p class=\"text-justify\">To maintain the best cutting efficiency, keep the polishing pad clean while working. It is best to clean the pads with warm water or a pad washer. Do not use compressed air if you want to extend the life of the pads.<\/p>","protected":false},"excerpt":{"rendered":"<p>ZviZZer THERMO ALL-ROUNDER PAD BLUE ULTRA HARD 90\/20\/76, niebieska g\u0105bka polerska mocno tn\u0105ca Innowacyjny, bardzo twardy pad polerski z serii ZviZZer Detailing Line przeznaczony do pracy na maszynach rotacyjnych i Dual Action. Stworzony do usuwania najmocniejszych zarysowa\u0144 na powierzchni lakieru i \u015blad\u00f3w po szlifowaniu papierem P1500. Jego si\u0142\u0119 tn\u0105c\u0105 mo\u017cna por\u00f3wna\u0107 do futra polerskiego, jednak&hellip;&nbsp;<a href=\"https:\/\/liquidmaster.pl\/en\/zvizzer-thermo-all-rounder-pad-blue-902076-niebieska-gabka-polerska-mocno-tnaca\/\" rel=\"bookmark\">Read More \u00bb<span class=\"screen-reader-text\">ZviZZer Thermo All-Rounder Pad Blue 90\/20\/76 \u2013 blue polishing sponge with a strong cutting action<\/span><\/a><\/p>","protected":false},"featured_media":1849387,"comment_status":"open","ping_status":"open","template":"","meta":{"neve_meta_sidebar":"","neve_meta_container":"","neve_meta_enable_content_width":"","neve_meta_content_width":0,"neve_meta_title_alignment":"","neve_meta_author_avatar":"","neve_post_elements_order":"","neve_meta_disable_header":"","neve_meta_disable_footer":"","neve_meta_disable_title":"","_themeisle_gutenberg_block_has_review":false},"product_brand":[],"product_cat":[823,822,748],"product_tag":[386],"class_list":{"0":"post-1808685","1":"product","2":"type-product","3":"status-publish","4":"has-post-thumbnail","6":"product_cat-gabki-polerskie","7":"product_cat-pady-polerskie","8":"product_cat-polerowanie","9":"product_tag-zvizzer","11":"first","12":"instock","13":"sale","14":"taxable","15":"shipping-taxable","16":"purchasable","17":"product-type-simple"},"_links":{"self":[{"href":"https:\/\/liquidmaster.pl\/en\/wp-json\/wp\/v2\/product\/1808685","targetHints":{"allow":["GET"]}}],"collection":[{"href":"https:\/\/liquidmaster.pl\/en\/wp-json\/wp\/v2\/product"}],"about":[{"href":"https:\/\/liquidmaster.pl\/en\/wp-json\/wp\/v2\/types\/product"}],"replies":[{"embeddable":true,"href":"https:\/\/liquidmaster.pl\/en\/wp-json\/wp\/v2\/comments?post=1808685"}],"wp:featuredmedia":[{"embeddable":true,"href":"https:\/\/liquidmaster.pl\/en\/wp-json\/wp\/v2\/media\/1849387"}],"wp:attachment":[{"href":"https:\/\/liquidmaster.pl\/en\/wp-json\/wp\/v2\/media?parent=1808685"}],"wp:term":[{"taxonomy":"product_brand","embeddable":true,"href":"https:\/\/liquidmaster.pl\/en\/wp-json\/wp\/v2\/product_brand?post=1808685"},{"taxonomy":"product_cat","embeddable":true,"href":"https:\/\/liquidmaster.pl\/en\/wp-json\/wp\/v2\/product_cat?post=1808685"},{"taxonomy":"product_tag","embeddable":true,"href":"https:\/\/liquidmaster.pl\/en\/wp-json\/wp\/v2\/product_tag?post=1808685"}],"curies":[{"name":"wp","href":"https:\/\/api.w.org\/{rel}","templated":true}]}}