{"id":1808679,"date":"2025-03-28T20:24:05","date_gmt":"2025-03-28T18:24:05","guid":{"rendered":"https:\/\/liquidmaster.pl\/zvizzer-thermo-trapez-pad-yellow-90-20-76-zolta-gabka-polerska-finiszowa\/"},"modified":"2026-04-18T04:44:02","modified_gmt":"2026-04-18T02:44:02","slug":"zvizzer-thermo-trapez-pad-yellow-90-20-76-zolta-gabka-polerska-finiszowa","status":"publish","type":"product","link":"https:\/\/liquidmaster.pl\/en\/zvizzer-thermo-trapez-pad-yellow-902076-zolta-gabka-polerska-finiszowa\/","title":{"rendered":"ZviZZer Thermo Trapez Pad Yellow 90\/20\/76 \u2013 yellow finishing polishing sponge"},"content":{"rendered":"<p>A completely new polishing pad from the DETAILING LINE series made using the innovative THERMO technology. Soft polishing pad, intended for removing light scratches on paint. Due to the THERMO foam used, it has a much greater cutting force compared to other finishing pads and is also very suitable for one-step use. Created for detailers and hobbyists looking for the perfect finish.<\/p>\n<p>THERMO TRAPEZ PAD is made of special open-cell foam, which ensures high temperature resistance and minimizes the loss of polishing force. It is ideal for delicate finishing work, allowing you to achieve a smooth and shiny surface without scratches. THERMO series pads are much more durable compared to traditional polishing pads.<\/p>\n<p>To maintain the best cutting efficiency, keep the polishing pad clean while working. It is best to clean the pads with warm water or a pad washer. Do not use compressed air if you want to extend the life of the pads.<\/p>\n<p>Works perfectly with ZviZZer MC3000, FC2000 paste.<\/p>\n<p>Innovative THERMO PADS technology:<\/p>\n<ul>\n<li>Thermostable structure of the THERMO foam used,<\/li>\n<li>Stable and long-lasting cutting process,<\/li>\n<li>Very high resistance to high temperature,<\/li>\n<li>Slower surface heating,<\/li>\n<li>Greater comfort of work,<\/li>\n<li>Very high durability.<\/li>\n<\/ul>\n<p>Rozmiar 90\/20\/75 mm<\/p>","protected":false},"excerpt":{"rendered":"<p>Zupe\u0142nie nowy pad polerski z serii DETAILING LINE wykonany w innowacyjnej technologii THERMO. Mi\u0119kki pad polerski, przeznaczony do usuwania lekkich zarysowa\u0144 na lakierze. Ze wzgl\u0119du na zastosowan\u0105 piank\u0119 THERMO wyr\u00f3\u017cnia si\u0119 zdecydowanie wi\u0119ksz\u0105 si\u0142\u0105 tn\u0105c\u0105 w por\u00f3wnaniu do innych pad\u00f3w finiszowych i bardzo dobrze sprawdzi si\u0119 r\u00f3wnie\u017c do one stepa. Stworzony dla detailer\u00f3w i hobbyst\u00f3w&hellip;&nbsp;<a href=\"https:\/\/liquidmaster.pl\/en\/zvizzer-thermo-trapez-pad-yellow-902076-zolta-gabka-polerska-finiszowa\/\" rel=\"bookmark\">Read More \u00bb<span class=\"screen-reader-text\">ZviZZer Thermo Trapez Pad Yellow 90\/20\/76 \u2013 yellow finishing polishing sponge<\/span><\/a><\/p>","protected":false},"featured_media":1849370,"comment_status":"open","ping_status":"open","template":"","meta":{"neve_meta_sidebar":"","neve_meta_container":"","neve_meta_enable_content_width":"","neve_meta_content_width":0,"neve_meta_title_alignment":"","neve_meta_author_avatar":"","neve_post_elements_order":"","neve_meta_disable_header":"","neve_meta_disable_footer":"","neve_meta_disable_title":"","_themeisle_gutenberg_block_has_review":false},"product_brand":[],"product_cat":[823,822,748],"product_tag":[386],"class_list":{"0":"post-1808679","1":"product","2":"type-product","3":"status-publish","4":"has-post-thumbnail","6":"product_cat-gabki-polerskie","7":"product_cat-pady-polerskie","8":"product_cat-polerowanie","9":"product_tag-zvizzer","11":"first","12":"outofstock","13":"sale","14":"taxable","15":"shipping-taxable","16":"purchasable","17":"product-type-simple"},"_links":{"self":[{"href":"https:\/\/liquidmaster.pl\/en\/wp-json\/wp\/v2\/product\/1808679","targetHints":{"allow":["GET"]}}],"collection":[{"href":"https:\/\/liquidmaster.pl\/en\/wp-json\/wp\/v2\/product"}],"about":[{"href":"https:\/\/liquidmaster.pl\/en\/wp-json\/wp\/v2\/types\/product"}],"replies":[{"embeddable":true,"href":"https:\/\/liquidmaster.pl\/en\/wp-json\/wp\/v2\/comments?post=1808679"}],"wp:featuredmedia":[{"embeddable":true,"href":"https:\/\/liquidmaster.pl\/en\/wp-json\/wp\/v2\/media\/1849370"}],"wp:attachment":[{"href":"https:\/\/liquidmaster.pl\/en\/wp-json\/wp\/v2\/media?parent=1808679"}],"wp:term":[{"taxonomy":"product_brand","embeddable":true,"href":"https:\/\/liquidmaster.pl\/en\/wp-json\/wp\/v2\/product_brand?post=1808679"},{"taxonomy":"product_cat","embeddable":true,"href":"https:\/\/liquidmaster.pl\/en\/wp-json\/wp\/v2\/product_cat?post=1808679"},{"taxonomy":"product_tag","embeddable":true,"href":"https:\/\/liquidmaster.pl\/en\/wp-json\/wp\/v2\/product_tag?post=1808679"}],"curies":[{"name":"wp","href":"https:\/\/api.w.org\/{rel}","templated":true}]}}