{"id":1808671,"date":"2025-03-28T20:22:27","date_gmt":"2025-03-28T18:22:27","guid":{"rendered":"https:\/\/liquidmaster.pl\/soft99-qjutsu-clay-bar-50g-delikatna-glinka-do-lakieru\/"},"modified":"2026-04-18T04:44:00","modified_gmt":"2026-04-18T02:44:00","slug":"soft99-qjutsu-clay-bar-50g-delikatna-glinka-do-lakieru","status":"publish","type":"product","link":"https:\/\/liquidmaster.pl\/en\/soft99-qjutsu-clay-bar-50g-delikatna-glinka-do-lakieru\/","title":{"rendered":"Soft99 Qjutsu Clay Bar 50g &#8211; delikatna glinka do lakieru"},"content":{"rendered":"<p>Nowo\u015b\u0107 w gamie QJUTSU to przyjazna woskom i pow\u0142okom glinka QJUTSU Clay Bar. Jest delikatna, ale skuteczna, oferuj\u0105c \u015bwietne w\u0142a\u015bciwo\u015bci zar\u00f3wno pocz\u0105tkuj\u0105cym, dla kt\u00f3rych b\u0119dzie idealna jako pierwsza glinka, jak i ekspertom. Wyj\u0105tkowo \u0142atwa w obs\u0142udze \u2013 nie potrzebujesz specjalnych lubrykant\u00f3w, wystarczy woda z szamponem.<\/p>\n<p>Glinka do lakieru to podstawa przy dog\u0142\u0119bnym oczyszczaniu lakieru, kt\u00f3ra swoje korzenie ma w ojczy\u017anie Soft99, Japonii. QJUTSU Clay Bar bezpiecznie i skutecznie usunie wszystko to, czego nie usunie mycie r\u0119czne. Lakier stanie si\u0119 g\u0142adszy, wolny od wtr\u0105ce\u0144 metalicznych, drogowych osad\u00f3w, pozosta\u0142o\u015bci sok\u00f3w z drzew i podobnych zanieczyszcze\u0144.<\/p>\n<p>Waga: 50 g<\/p>\n<p>\u00a0<\/p>\n<p>\u00a0<\/p>","protected":false},"excerpt":{"rendered":"<p>Nowo\u015b\u0107 w gamie QJUTSU to przyjazna woskom i pow\u0142okom glinka QJUTSU Clay Bar. Jest delikatna, ale skuteczna, oferuj\u0105c \u015bwietne w\u0142a\u015bciwo\u015bci zar\u00f3wno pocz\u0105tkuj\u0105cym, dla kt\u00f3rych b\u0119dzie idealna jako pierwsza glinka, jak i ekspertom. Wyj\u0105tkowo \u0142atwa w obs\u0142udze \u2013 nie potrzebujesz specjalnych lubrykant\u00f3w, wystarczy woda z szamponem. Glinka do lakieru to podstawa przy dog\u0142\u0119bnym oczyszczaniu lakieru, kt\u00f3ra&hellip;&nbsp;<a href=\"https:\/\/liquidmaster.pl\/en\/soft99-qjutsu-clay-bar-50g-delikatna-glinka-do-lakieru\/\" rel=\"bookmark\">Read More \u00bb<span class=\"screen-reader-text\">Soft99 Qjutsu Clay Bar 50g &#8211; delikatna glinka do lakieru<\/span><\/a><\/p>","protected":false},"featured_media":1849350,"comment_status":"open","ping_status":"open","template":"","meta":{"neve_meta_sidebar":"","neve_meta_container":"","neve_meta_enable_content_width":"","neve_meta_content_width":0,"neve_meta_title_alignment":"","neve_meta_author_avatar":"","neve_post_elements_order":"","neve_meta_disable_header":"","neve_meta_disable_footer":"","neve_meta_disable_title":"","_themeisle_gutenberg_block_has_review":false},"product_brand":[],"product_cat":[743,733,793],"product_tag":[362],"class_list":{"0":"post-1808671","1":"product","2":"type-product","3":"status-publish","4":"has-post-thumbnail","6":"product_cat-dekontaminacja","7":"product_cat-na-zewnatrz","8":"product_cat-usuwanie-smoly-i-kleju","9":"product_tag-soft99","11":"first","12":"instock","13":"taxable","14":"shipping-taxable","15":"purchasable","16":"product-type-simple"},"_links":{"self":[{"href":"https:\/\/liquidmaster.pl\/en\/wp-json\/wp\/v2\/product\/1808671","targetHints":{"allow":["GET"]}}],"collection":[{"href":"https:\/\/liquidmaster.pl\/en\/wp-json\/wp\/v2\/product"}],"about":[{"href":"https:\/\/liquidmaster.pl\/en\/wp-json\/wp\/v2\/types\/product"}],"replies":[{"embeddable":true,"href":"https:\/\/liquidmaster.pl\/en\/wp-json\/wp\/v2\/comments?post=1808671"}],"wp:featuredmedia":[{"embeddable":true,"href":"https:\/\/liquidmaster.pl\/en\/wp-json\/wp\/v2\/media\/1849350"}],"wp:attachment":[{"href":"https:\/\/liquidmaster.pl\/en\/wp-json\/wp\/v2\/media?parent=1808671"}],"wp:term":[{"taxonomy":"product_brand","embeddable":true,"href":"https:\/\/liquidmaster.pl\/en\/wp-json\/wp\/v2\/product_brand?post=1808671"},{"taxonomy":"product_cat","embeddable":true,"href":"https:\/\/liquidmaster.pl\/en\/wp-json\/wp\/v2\/product_cat?post=1808671"},{"taxonomy":"product_tag","embeddable":true,"href":"https:\/\/liquidmaster.pl\/en\/wp-json\/wp\/v2\/product_tag?post=1808671"}],"curies":[{"name":"wp","href":"https:\/\/api.w.org\/{rel}","templated":true}]}}