{"id":1808667,"date":"2025-03-28T20:22:27","date_gmt":"2025-03-28T18:22:27","guid":{"rendered":"https:\/\/liquidmaster.pl\/carpro-hard-clay-set-x3-twarda-glinka-do-czyszczenia-lakieru-3x100g\/"},"modified":"2026-04-19T03:31:44","modified_gmt":"2026-04-19T01:31:44","slug":"carpro-hard-clay-set-x3-twarda-glinka-do-czyszczenia-lakieru-3x100g","status":"publish","type":"product","link":"https:\/\/liquidmaster.pl\/en\/carpro-hard-clay-set-x3-twarda-glinka-do-czyszczenia-lakieru-3x100g\/","title":{"rendered":"CarPro Hard Clay Set X3 \u2013 Hard clay for cleaning paintwork 3x100g"},"content":{"rendered":"<p>CarPro 3Clays hard clay bar SET 3x100g \u2013 high-quality hard clay bars designed for paint cleaning. Perfect for removing heavy dirt from your car.<\/p>\n<p>The most important features:<\/p>\n<ul>\n<li>Extraordinary efficiency<\/li>\n<li>Handy storage box<\/li>\n<li>Hardness \u2013 Hard<\/li>\n<li>Weight: 3x100g<\/li>\n<\/ul>","protected":false},"excerpt":{"rendered":"<p>CarPro 3Clays hard clay bar SET 3x100g \u2013 wysokiej jako\u015bci twarde glinki przeznaczona do oczyszczania lakieru. Doskona\u0142a do oczyszczania samochodu z ci\u0119\u017ckich zabrudze\u0144. Najwa\u017cniejsze cechy: Niezwyk\u0142a efektywno\u015b\u0107 Por\u0119czne pude\u0142ko do przechowywania Twardo\u015b\u0107 \u2013 Twarda Waga: 3x100g<\/p>","protected":false},"featured_media":1849345,"comment_status":"open","ping_status":"open","template":"","meta":{"neve_meta_sidebar":"","neve_meta_container":"","neve_meta_enable_content_width":"","neve_meta_content_width":0,"neve_meta_title_alignment":"","neve_meta_author_avatar":"","neve_post_elements_order":"","neve_meta_disable_header":"","neve_meta_disable_footer":"","neve_meta_disable_title":"","_themeisle_gutenberg_block_has_review":false},"product_brand":[],"product_cat":[743,733,793],"product_tag":[275],"class_list":{"0":"post-1808667","1":"product","2":"type-product","3":"status-publish","4":"has-post-thumbnail","6":"product_cat-dekontaminacja","7":"product_cat-na-zewnatrz","8":"product_cat-usuwanie-smoly-i-kleju","9":"product_tag-carpro","11":"first","12":"instock","13":"taxable","14":"shipping-taxable","15":"purchasable","16":"product-type-simple"},"_links":{"self":[{"href":"https:\/\/liquidmaster.pl\/en\/wp-json\/wp\/v2\/product\/1808667","targetHints":{"allow":["GET"]}}],"collection":[{"href":"https:\/\/liquidmaster.pl\/en\/wp-json\/wp\/v2\/product"}],"about":[{"href":"https:\/\/liquidmaster.pl\/en\/wp-json\/wp\/v2\/types\/product"}],"replies":[{"embeddable":true,"href":"https:\/\/liquidmaster.pl\/en\/wp-json\/wp\/v2\/comments?post=1808667"}],"wp:featuredmedia":[{"embeddable":true,"href":"https:\/\/liquidmaster.pl\/en\/wp-json\/wp\/v2\/media\/1849345"}],"wp:attachment":[{"href":"https:\/\/liquidmaster.pl\/en\/wp-json\/wp\/v2\/media?parent=1808667"}],"wp:term":[{"taxonomy":"product_brand","embeddable":true,"href":"https:\/\/liquidmaster.pl\/en\/wp-json\/wp\/v2\/product_brand?post=1808667"},{"taxonomy":"product_cat","embeddable":true,"href":"https:\/\/liquidmaster.pl\/en\/wp-json\/wp\/v2\/product_cat?post=1808667"},{"taxonomy":"product_tag","embeddable":true,"href":"https:\/\/liquidmaster.pl\/en\/wp-json\/wp\/v2\/product_tag?post=1808667"}],"curies":[{"name":"wp","href":"https:\/\/api.w.org\/{rel}","templated":true}]}}