{"id":1808665,"date":"2025-03-28T20:22:05","date_gmt":"2025-03-28T18:22:05","guid":{"rendered":"https:\/\/liquidmaster.pl\/carpro-mf-suede-sciereczka-do-aplikacji-powlok-16x16-cm\/"},"modified":"2026-04-19T03:31:43","modified_gmt":"2026-04-19T01:31:43","slug":"carpro-mf-suede-sciereczka-do-aplikacji-powlok-16x16-cm","status":"publish","type":"product","link":"https:\/\/liquidmaster.pl\/en\/carpro-mf-suede-sciereczka-do-aplikacji-powlok-16x16-cm\/","title":{"rendered":"CarPro MF Suede \u2013 coating application cloth 16\u00d716 cm"},"content":{"rendered":"<p>CarPro Microfiber Suede \u2013 This microfiber cloth is designed for applying quartz\/ceramic coatings. It&#039;s soft and smooth, making applying the coating a breeze. It&#039;s also great for wiping navigation screens, TV screens, and monitors.<\/p>\n<p>Size: 16 x 16 cm<\/p>","protected":false},"excerpt":{"rendered":"<p>CarPro Microfiber Suede &#8211; to mikrofibra przeznaczona do aplikacji pow\u0142ok kwarcowych\/ceramicznych. Jest mi\u0119kka i g\u0142adka. Dzi\u0119ki niej aplikacja pow\u0142oki to sama przyjemno\u015b\u0107. Sprawdzi si\u0119 r\u00f3wnie\u017c do wycierania ekran\u00f3w nawigacji, ekran\u00f3w telewizyjnych i monitor\u00f3w. Rozmiar: 16 x 16 cm<\/p>","protected":false},"featured_media":1849339,"comment_status":"open","ping_status":"open","template":"","meta":{"neve_meta_sidebar":"","neve_meta_container":"","neve_meta_enable_content_width":"","neve_meta_content_width":0,"neve_meta_title_alignment":"","neve_meta_author_avatar":"","neve_post_elements_order":"","neve_meta_disable_header":"","neve_meta_disable_footer":"","neve_meta_disable_title":"","_themeisle_gutenberg_block_has_review":false},"product_brand":[],"product_cat":[757,758,798],"product_tag":[275],"class_list":{"0":"post-1808665","1":"product","2":"type-product","3":"status-publish","4":"has-post-thumbnail","6":"product_cat-akcesoria","7":"product_cat-mikrofibry-i-reczniki","8":"product_cat-uniwersalne","9":"product_tag-carpro","11":"first","12":"instock","13":"taxable","14":"shipping-taxable","15":"purchasable","16":"product-type-simple"},"_links":{"self":[{"href":"https:\/\/liquidmaster.pl\/en\/wp-json\/wp\/v2\/product\/1808665","targetHints":{"allow":["GET"]}}],"collection":[{"href":"https:\/\/liquidmaster.pl\/en\/wp-json\/wp\/v2\/product"}],"about":[{"href":"https:\/\/liquidmaster.pl\/en\/wp-json\/wp\/v2\/types\/product"}],"replies":[{"embeddable":true,"href":"https:\/\/liquidmaster.pl\/en\/wp-json\/wp\/v2\/comments?post=1808665"}],"wp:featuredmedia":[{"embeddable":true,"href":"https:\/\/liquidmaster.pl\/en\/wp-json\/wp\/v2\/media\/1849339"}],"wp:attachment":[{"href":"https:\/\/liquidmaster.pl\/en\/wp-json\/wp\/v2\/media?parent=1808665"}],"wp:term":[{"taxonomy":"product_brand","embeddable":true,"href":"https:\/\/liquidmaster.pl\/en\/wp-json\/wp\/v2\/product_brand?post=1808665"},{"taxonomy":"product_cat","embeddable":true,"href":"https:\/\/liquidmaster.pl\/en\/wp-json\/wp\/v2\/product_cat?post=1808665"},{"taxonomy":"product_tag","embeddable":true,"href":"https:\/\/liquidmaster.pl\/en\/wp-json\/wp\/v2\/product_tag?post=1808665"}],"curies":[{"name":"wp","href":"https:\/\/api.w.org\/{rel}","templated":true}]}}