{"id":1808661,"date":"2025-03-28T20:22:05","date_gmt":"2025-03-28T18:22:05","guid":{"rendered":"https:\/\/liquidmaster.pl\/ultracoat-vista-50ml-powloka-grafenowo-ceramiczna-do-szyb\/"},"modified":"2026-04-18T04:43:57","modified_gmt":"2026-04-18T02:43:57","slug":"ultracoat-vista-50ml-powloka-grafenowo-ceramiczna-do-szyb","status":"publish","type":"product","link":"https:\/\/liquidmaster.pl\/en\/ultracoat-vista-50ml-powloka-grafenowo-ceramiczna-do-szyb\/","title":{"rendered":"Ultracoat Vista 50ml \u2013 graphene-ceramic coating for windows"},"content":{"rendered":"<p>Ultracoat InteliGraph Vista to najbardziej zaawansowana pow\u0142oka grafenowo-ceramiczna do szyb, stworzona z my\u015bl\u0105 o najbardziej wymagaj\u0105cych u\u017cytkownikach. Jej innowacyjna formu\u0142a, oparta na technologii inteligentnych polimer\u00f3w, zapewnia wyj\u0105tkowe w\u0142a\u015bciwo\u015bci adaptacyjne, nawet w ekstremalnych warunkach.<\/p>\n<p>The most important features:<\/p>\n<ul>\n<li>Superhydrofobowo\u015b\u0107: Gwarantuje wysoki k\u0105t styczno\u015bci kropli z powierzchni\u0105, co zapewnia komfortow\u0105 jazd\u0119 w deszczu z efektem \u201eniewidzialnej wycieraczki\u201d ju\u017c od pr\u0119dko\u015bci 45 km\/h.<\/li>\n<li>Trwa\u0142o\u015b\u0107: Pow\u0142oka utrzymuje swoje w\u0142a\u015bciwo\u015bci przez 2 lata i do 30 000 km po aplikacji.<\/li>\n<li>Ochrona przed zabrudzeniami: Wysoka g\u0142adko\u015b\u0107 minimalizuje przywieranie brudu, co u\u0142atwia jego usuwanie.<\/li>\n<li>Odporno\u015b\u0107 na ekstremalne warunki: Utrzymuje swoje w\u0142a\u015bciwo\u015bci nawet po d\u0142ugotrwa\u0142ej ekspozycji na promieniowanie UV, skrajne temperatury i substancje chemiczne o pH 2-13.<\/li>\n<li>Prosta aplikacja: Dzi\u0119ki intuicyjnemu procesowi aplikacji, ka\u017cdy u\u017cytkownik mo\u017ce osi\u0105gn\u0105\u0107 profesjonalne rezultaty, niezale\u017cnie od do\u015bwiadczenia.<\/li>\n<\/ul>\n<p>Wybierz Ultracoat InteliGraph Vista i ciesz si\u0119 bezpieczn\u0105 i komfortow\u0105 jazd\u0105 w ka\u017cdych warunkach!<\/p>\n<p>Capacity: 50 ml<\/p>","protected":false},"excerpt":{"rendered":"<p>Ultracoat InteliGraph Vista to najbardziej zaawansowana pow\u0142oka grafenowo-ceramiczna do szyb, stworzona z my\u015bl\u0105 o najbardziej wymagaj\u0105cych u\u017cytkownikach. Jej innowacyjna formu\u0142a, oparta na technologii inteligentnych polimer\u00f3w, zapewnia wyj\u0105tkowe w\u0142a\u015bciwo\u015bci adaptacyjne, nawet w ekstremalnych warunkach. Najwa\u017cniejsze cechy: Superhydrofobowo\u015b\u0107: Gwarantuje wysoki k\u0105t styczno\u015bci kropli z powierzchni\u0105, co zapewnia komfortow\u0105 jazd\u0119 w deszczu z efektem \u201eniewidzialnej wycieraczki\u201d ju\u017c od&hellip;&nbsp;<a href=\"https:\/\/liquidmaster.pl\/en\/ultracoat-vista-50ml-powloka-grafenowo-ceramiczna-do-szyb\/\" rel=\"bookmark\">Read More \u00bb<span class=\"screen-reader-text\">Ultracoat Vista 50ml \u2013 graphene-ceramic coating for windows<\/span><\/a><\/p>","protected":false},"featured_media":1849335,"comment_status":"open","ping_status":"open","template":"","meta":{"neve_meta_sidebar":"","neve_meta_container":"","neve_meta_enable_content_width":"","neve_meta_content_width":0,"neve_meta_title_alignment":"","neve_meta_author_avatar":"","neve_post_elements_order":"","neve_meta_disable_header":"","neve_meta_disable_footer":"","neve_meta_disable_title":"","_themeisle_gutenberg_block_has_review":false},"product_brand":[],"product_cat":[733,794,773],"product_tag":[372],"class_list":{"0":"post-1808661","1":"product","2":"type-product","3":"status-publish","4":"has-post-thumbnail","6":"product_cat-na-zewnatrz","7":"product_cat-niewidzialna-wycieraczka","8":"product_cat-szyby","9":"product_tag-ultracoat","11":"first","12":"instock","13":"taxable","14":"shipping-taxable","15":"purchasable","16":"product-type-simple"},"_links":{"self":[{"href":"https:\/\/liquidmaster.pl\/en\/wp-json\/wp\/v2\/product\/1808661","targetHints":{"allow":["GET"]}}],"collection":[{"href":"https:\/\/liquidmaster.pl\/en\/wp-json\/wp\/v2\/product"}],"about":[{"href":"https:\/\/liquidmaster.pl\/en\/wp-json\/wp\/v2\/types\/product"}],"replies":[{"embeddable":true,"href":"https:\/\/liquidmaster.pl\/en\/wp-json\/wp\/v2\/comments?post=1808661"}],"wp:featuredmedia":[{"embeddable":true,"href":"https:\/\/liquidmaster.pl\/en\/wp-json\/wp\/v2\/media\/1849335"}],"wp:attachment":[{"href":"https:\/\/liquidmaster.pl\/en\/wp-json\/wp\/v2\/media?parent=1808661"}],"wp:term":[{"taxonomy":"product_brand","embeddable":true,"href":"https:\/\/liquidmaster.pl\/en\/wp-json\/wp\/v2\/product_brand?post=1808661"},{"taxonomy":"product_cat","embeddable":true,"href":"https:\/\/liquidmaster.pl\/en\/wp-json\/wp\/v2\/product_cat?post=1808661"},{"taxonomy":"product_tag","embeddable":true,"href":"https:\/\/liquidmaster.pl\/en\/wp-json\/wp\/v2\/product_tag?post=1808661"}],"curies":[{"name":"wp","href":"https:\/\/api.w.org\/{rel}","templated":true}]}}