{"id":1808655,"date":"2025-03-28T20:20:47","date_gmt":"2025-03-28T18:20:47","guid":{"rendered":"https:\/\/liquidmaster.pl\/ultracoat-skyline-50ml-powloka-ceramiczno-grafenowa-do-lakieru\/"},"modified":"2026-04-20T08:24:27","modified_gmt":"2026-04-20T06:24:27","slug":"ultracoat-skyline-50ml-powloka-ceramiczno-grafenowa-do-lakieru","status":"publish","type":"product","link":"https:\/\/liquidmaster.pl\/en\/ultracoat-skyline-50ml-powloka-ceramiczno-grafenowa-do-lakieru\/","title":{"rendered":"Ultracoat Skyline 50ml &#8211; pow\u0142oka ceramiczno-grafenowa do lakieru"},"content":{"rendered":"<p>Ultracoat InteliGraph Skyline to nowoczesna pow\u0142oka ceramiczno-grafenowa do lakieru, stworzona z my\u015bl\u0105 o najbardziej wymagaj\u0105cych u\u017cytkownikach. Dzi\u0119ki unikalnej formule, opartej na trzech sk\u0142adnikach aktywnych: SiO2, SiC oraz p\u0142ytkach grafenu, Skyline oferuje kompleksow\u0105 ochron\u0119 lakieru, nadaj\u0105c mu jednocze\u015bnie wyj\u0105tkowej g\u0142\u0119bi.<\/p>\n<p>The most important features:<\/p>\n<ul>\n<li>Kompleksowa ochrona: Zabezpiecza lakier przed ekstremalnymi czynnikami zewn\u0119trznymi, takimi jak skrajne temperatury, promieniowanie UV oraz substancje chemiczne o pH 2-13.<\/li>\n<li>Trwa\u0142o\u015b\u0107: Oferuje ochron\u0119 na okres 3 lat lub do 80 000 km, zapewniaj\u0105c d\u0142ugotrwa\u0142e zabezpieczenie lakieru.<\/li>\n<li>Superhydrofobowo\u015b\u0107: Dzi\u0119ki grafenowi pow\u0142oka osi\u0105ga nowy poziom hydrofobowo\u015bci, co u\u0142atwia usuwanie wody oraz zanieczyszcze\u0144.<\/li>\n<li>W\u0142a\u015bciwo\u015bci samooczyszczaj\u0105ce: Zwi\u0119kszona \u015blisko\u015b\u0107 pow\u0142oki poprawia jej zdolno\u015b\u0107 do samoczyszczenia, co pozwala na \u0142atwiejsze utrzymanie czysto\u015bci.<\/li>\n<li>Efekt samoregeneracji: Przy zastosowaniu na nowym lakierze, p\u0142ytki grafenu mog\u0105 wywo\u0142a\u0107 efekt samoregeneracji, co dodatkowo wyd\u0142u\u017ca \u017cywotno\u015b\u0107 pow\u0142oki.<\/li>\n<li>Brak potrzeby top coat: Skyline jest pow\u0142ok\u0105 samowystarczaln\u0105, nie wymaga dodatkowej warstwy, cho\u0107 zaleca si\u0119 stosowanie jej z innymi produktami z linii InteliGraph dla zwi\u0119kszenia ochrony.<\/li>\n<\/ul>\n<p>Wybierz Ultracoat InteliGraph Skyline, aby cieszy\u0107 si\u0119 doskonale zabezpieczonym i estetycznie wygl\u0105daj\u0105cym lakierem, niezale\u017cnie od warunk\u00f3w atmosferycznych!<\/p>\n<p>Capacity: 50 ml<\/p>","protected":false},"excerpt":{"rendered":"<p>Ultracoat InteliGraph Skyline to nowoczesna pow\u0142oka ceramiczno-grafenowa do lakieru, stworzona z my\u015bl\u0105 o najbardziej wymagaj\u0105cych u\u017cytkownikach. Dzi\u0119ki unikalnej formule, opartej na trzech sk\u0142adnikach aktywnych: SiO2, SiC oraz p\u0142ytkach grafenu, Skyline oferuje kompleksow\u0105 ochron\u0119 lakieru, nadaj\u0105c mu jednocze\u015bnie wyj\u0105tkowej g\u0142\u0119bi. Najwa\u017cniejsze cechy: Kompleksowa ochrona: Zabezpiecza lakier przed ekstremalnymi czynnikami zewn\u0119trznymi, takimi jak skrajne temperatury, promieniowanie UV&hellip;&nbsp;<a href=\"https:\/\/liquidmaster.pl\/en\/ultracoat-skyline-50ml-powloka-ceramiczno-grafenowa-do-lakieru\/\" rel=\"bookmark\">Read More \u00bb<span class=\"screen-reader-text\">Ultracoat Skyline 50ml &#8211; pow\u0142oka ceramiczno-grafenowa do lakieru<\/span><\/a><\/p>","protected":false},"featured_media":1849319,"comment_status":"open","ping_status":"open","template":"","meta":{"neve_meta_sidebar":"","neve_meta_container":"","neve_meta_enable_content_width":"","neve_meta_content_width":0,"neve_meta_title_alignment":"","neve_meta_author_avatar":"","neve_post_elements_order":"","neve_meta_disable_header":"","neve_meta_disable_footer":"","neve_meta_disable_title":"","_themeisle_gutenberg_block_has_review":false},"product_brand":[],"product_cat":[733,766,775],"product_tag":[372],"class_list":{"0":"post-1808655","1":"product","2":"type-product","3":"status-publish","4":"has-post-thumbnail","6":"product_cat-na-zewnatrz","7":"product_cat-ochrona-lakieru","8":"product_cat-powloki-ceramiczne","9":"product_tag-ultracoat","11":"first","12":"instock","13":"taxable","14":"shipping-taxable","15":"purchasable","16":"product-type-simple"},"_links":{"self":[{"href":"https:\/\/liquidmaster.pl\/en\/wp-json\/wp\/v2\/product\/1808655","targetHints":{"allow":["GET"]}}],"collection":[{"href":"https:\/\/liquidmaster.pl\/en\/wp-json\/wp\/v2\/product"}],"about":[{"href":"https:\/\/liquidmaster.pl\/en\/wp-json\/wp\/v2\/types\/product"}],"replies":[{"embeddable":true,"href":"https:\/\/liquidmaster.pl\/en\/wp-json\/wp\/v2\/comments?post=1808655"}],"wp:featuredmedia":[{"embeddable":true,"href":"https:\/\/liquidmaster.pl\/en\/wp-json\/wp\/v2\/media\/1849319"}],"wp:attachment":[{"href":"https:\/\/liquidmaster.pl\/en\/wp-json\/wp\/v2\/media?parent=1808655"}],"wp:term":[{"taxonomy":"product_brand","embeddable":true,"href":"https:\/\/liquidmaster.pl\/en\/wp-json\/wp\/v2\/product_brand?post=1808655"},{"taxonomy":"product_cat","embeddable":true,"href":"https:\/\/liquidmaster.pl\/en\/wp-json\/wp\/v2\/product_cat?post=1808655"},{"taxonomy":"product_tag","embeddable":true,"href":"https:\/\/liquidmaster.pl\/en\/wp-json\/wp\/v2\/product_tag?post=1808655"}],"curies":[{"name":"wp","href":"https:\/\/api.w.org\/{rel}","templated":true}]}}