{"id":1808633,"date":"2025-03-28T20:18:27","date_gmt":"2025-03-28T18:18:27","guid":{"rendered":"https:\/\/liquidmaster.pl\/adbl-snowball-10l-szampon-do-mycia-o-neutralnym-ph\/"},"modified":"2026-04-18T04:43:50","modified_gmt":"2026-04-18T02:43:50","slug":"adbl-snowball-10l-szampon-do-mycia-o-neutralnym-ph","status":"publish","type":"product","link":"https:\/\/liquidmaster.pl\/en\/adbl-snowball-10l-szampon-do-mycia-o-neutralnym-ph\/","title":{"rendered":"ADBL Snowball 10L \u2013 pH-neutral shampoo"},"content":{"rendered":"<p>ADBL SNOWBALL<\/p>\n<p>HIGH PERFORMANCE SHAMPOO<\/p>\n<p>Bezwzgl\u0119dny dla brudu, delikatny dla lakieru. Znakomita stabilno\u015b\u0107 i obj\u0119to\u015b\u0107 piany gwarantuje wyd\u0142u\u017cenie czasu dzia\u0142ania oraz lepsze zwil\u017canie, a w efekcie bardziej wydajne usuwanie brudu. Neutralne pH oraz starannie dobrane czynniki myj\u0105ce, czyni\u0105 go bezpiecznym i delikatnym dla wosk\u00f3w, sealant\u00f3w, a co najwa\u017cniejsze, dla sk\u00f3ry d\u0142oni. Silnie skoncentrowany, wszechstronny, \u0142atwy w wyp\u0142ukiwaniu. Doskona\u0142a rekacja ceny do jako\u015bci.<\/p>\n<p>Usage:<\/p>\n<li>Op\u0142ucz samoch\u00f3d wod\u0105 lub umyj wst\u0119pnie pian\u0105 ADBL YETI.<\/li>\n<li>Przygotuj roztw\u00f3r 50 ml\/ 10 l.<\/li>\n<li>Myj samoch\u00f3d od g\u00f3ry do do\u0142u za pomoc\u0105 ADBL CAREMITT.<\/li>\n<li>Rinse with clean water.<\/li>\n<p>Additional Tips:<\/p>\n<ul>\n<li>Myj auto metod\u0105 \u201ena dwa wiadra\u201d.<\/li>\n<li>Do not allow the product to dry on the bodywork.<\/li>\n<\/ul>\n<p>Store in a cool and dry place.<\/p>\n<p>Protect from sunlight.<\/p>\n<p>Do not freeze.<\/p>\n<p>Available capacities:<\/p>\n<ul>\n<li>500 ml<\/li>\n<li>1 liter<\/li>\n<li>5 years<\/li>\n<li>10 years old<\/li>\n<\/ul>\n<p>Capacity 10 L + tap<\/p>","protected":false},"excerpt":{"rendered":"<p>ADBL SNOWBALL HIGH PERFORMANCE SHAMPOO Bezwzgl\u0119dny dla brudu, delikatny dla lakieru. Znakomita stabilno\u015b\u0107 i obj\u0119to\u015b\u0107 piany gwarantuje wyd\u0142u\u017cenie czasu dzia\u0142ania oraz lepsze zwil\u017canie, a w efekcie bardziej wydajne usuwanie brudu. Neutralne pH oraz starannie dobrane czynniki myj\u0105ce, czyni\u0105 go bezpiecznym i delikatnym dla wosk\u00f3w, sealant\u00f3w, a co najwa\u017cniejsze, dla sk\u00f3ry d\u0142oni. Silnie skoncentrowany, wszechstronny, \u0142atwy&hellip;&nbsp;<a href=\"https:\/\/liquidmaster.pl\/en\/adbl-snowball-10l-szampon-do-mycia-o-neutralnym-ph\/\" rel=\"bookmark\">Read More \u00bb<span class=\"screen-reader-text\">ADBL Snowball 10L \u2013 pH-neutral shampoo<\/span><\/a><\/p>","protected":false},"featured_media":1849273,"comment_status":"open","ping_status":"open","template":"","meta":{"neve_meta_sidebar":"","neve_meta_container":"","neve_meta_enable_content_width":"","neve_meta_content_width":0,"neve_meta_title_alignment":"","neve_meta_author_avatar":"","neve_post_elements_order":"","neve_meta_disable_header":"","neve_meta_disable_footer":"","neve_meta_disable_title":"","_themeisle_gutenberg_block_has_review":false},"product_brand":[],"product_cat":[734,733,740],"product_tag":[258],"class_list":{"0":"post-1808633","1":"product","2":"type-product","3":"status-publish","4":"has-post-thumbnail","6":"product_cat-mycie-i-osuszanie","7":"product_cat-na-zewnatrz","8":"product_cat-szampony-mycie-i-osuszanie","9":"product_tag-adbl","11":"first","12":"instock","13":"taxable","14":"shipping-taxable","15":"purchasable","16":"product-type-simple"},"_links":{"self":[{"href":"https:\/\/liquidmaster.pl\/en\/wp-json\/wp\/v2\/product\/1808633","targetHints":{"allow":["GET"]}}],"collection":[{"href":"https:\/\/liquidmaster.pl\/en\/wp-json\/wp\/v2\/product"}],"about":[{"href":"https:\/\/liquidmaster.pl\/en\/wp-json\/wp\/v2\/types\/product"}],"replies":[{"embeddable":true,"href":"https:\/\/liquidmaster.pl\/en\/wp-json\/wp\/v2\/comments?post=1808633"}],"wp:featuredmedia":[{"embeddable":true,"href":"https:\/\/liquidmaster.pl\/en\/wp-json\/wp\/v2\/media\/1849273"}],"wp:attachment":[{"href":"https:\/\/liquidmaster.pl\/en\/wp-json\/wp\/v2\/media?parent=1808633"}],"wp:term":[{"taxonomy":"product_brand","embeddable":true,"href":"https:\/\/liquidmaster.pl\/en\/wp-json\/wp\/v2\/product_brand?post=1808633"},{"taxonomy":"product_cat","embeddable":true,"href":"https:\/\/liquidmaster.pl\/en\/wp-json\/wp\/v2\/product_cat?post=1808633"},{"taxonomy":"product_tag","embeddable":true,"href":"https:\/\/liquidmaster.pl\/en\/wp-json\/wp\/v2\/product_tag?post=1808633"}],"curies":[{"name":"wp","href":"https:\/\/api.w.org\/{rel}","templated":true}]}}