{"id":1808625,"date":"2025-03-28T20:18:05","date_gmt":"2025-03-28T18:18:05","guid":{"rendered":"https:\/\/liquidmaster.pl\/adbl-apc-10l-skoncentrowany-uniwersalny-srodek-czyszczacy\/"},"modified":"2026-04-20T08:24:19","modified_gmt":"2026-04-20T06:24:19","slug":"adbl-apc-10l-skoncentrowany-uniwersalny-srodek-czyszczacy","status":"publish","type":"product","link":"https:\/\/liquidmaster.pl\/en\/adbl-apc-10l-skoncentrowany-uniwersalny-srodek-czyszczacy\/","title":{"rendered":"ADBL APC 10L \u2013 concentrated, universal cleaning agent"},"content":{"rendered":"<p>ADBL APC<\/p>\n<p>CONCENTRATED ALL PURPOSE CLEANER<\/p>\n<p>Skoncentrowany, uniwersalny produkt do czyszczenia wszystkich powierzchni wewn\u0105trz i na zewn\u0105trz auta. Dzia\u0142a kompleksowo, penetruj\u0105c zabrudzenia i separuj\u0105c je od powierzchni. Specjalne dodatki zatrzymuj\u0105 zabrudzenia w roztworze, tworz\u0105c \u0142atwo usuwaln\u0105 zawiesin\u0119.Bezpieczny dla czyszczonych powierzchni.<\/p>\n<p>Dosage:<\/p>\n<ul>\n<li>from 1:4 for heavy soiling<\/li>\n<li>up to 1:80 for light ones<\/li>\n<\/ul>\n<p>Usage:<\/p>\n<li>Prepare a working solution.<\/li>\n<li>Apply the solution to the surface to be cleaned and work with a brush, sponge or brush.<\/li>\n<li>Remove dissolved impurities by wiping the surface with a cloth or rinsing with water.<\/li>\n<li>Repeat steps 1 through 4 as necessary.<\/li>\n<p>Additional Tips:<\/p>\n<ul>\n<li>Perform the test in an inconspicuous place.<\/li>\n<li>The surface to be cleaned should be cool.<\/li>\n<li>Do not leave to dry on the surface to be cleaned.<\/li>\n<\/ul>\n<p>Store in a cool place.<\/p>\n<p>Protect from sunlight.<\/p>\n<p>Do not freeze.<\/p>\n<p>Available capacities:<\/p>\n<ul>\n<li>500 ml<\/li>\n<li>1 liter<\/li>\n<li>5 years<\/li>\n<li>10 years old<\/li>\n<\/ul>\n<p>Capacity 10 L + tap<\/p>","protected":false},"excerpt":{"rendered":"<p>ADBL APC CONCENTRATED ALL PURPOSE CLEANER Skoncentrowany, uniwersalny produkt do czyszczenia wszystkich powierzchni wewn\u0105trz i na zewn\u0105trz auta. Dzia\u0142a kompleksowo, penetruj\u0105c zabrudzenia i separuj\u0105c je od powierzchni. Specjalne dodatki zatrzymuj\u0105 zabrudzenia w roztworze, tworz\u0105c \u0142atwo usuwaln\u0105 zawiesin\u0119.Bezpieczny dla czyszczonych powierzchni. Dozowanie: od 1:4 do ci\u0119\u017ckich zabrudze\u0144 do 1:80 dla lekkich Spos\u00f3b u\u017cycia: Sporz\u0105d\u017a roztw\u00f3r roboczy.&hellip;&nbsp;<a href=\"https:\/\/liquidmaster.pl\/en\/adbl-apc-10l-skoncentrowany-uniwersalny-srodek-czyszczacy\/\" rel=\"bookmark\">Read More \u00bb<span class=\"screen-reader-text\">ADBL APC 10L \u2013 concentrated, universal cleaning agent<\/span><\/a><\/p>","protected":false},"featured_media":1849258,"comment_status":"open","ping_status":"open","template":"","meta":{"neve_meta_sidebar":"","neve_meta_container":"","neve_meta_enable_content_width":"","neve_meta_content_width":0,"neve_meta_title_alignment":"","neve_meta_author_avatar":"","neve_post_elements_order":"","neve_meta_disable_header":"","neve_meta_disable_footer":"","neve_meta_disable_title":"","_themeisle_gutenberg_block_has_review":false},"product_brand":[],"product_cat":[742,734,733],"product_tag":[258],"class_list":{"0":"post-1808625","1":"product","2":"type-product","3":"status-publish","4":"has-post-thumbnail","6":"product_cat-apc-mycie-i-osuszanie","7":"product_cat-mycie-i-osuszanie","8":"product_cat-na-zewnatrz","9":"product_tag-adbl","10":"pa_promocja-promocje","12":"first","13":"instock","14":"taxable","15":"shipping-taxable","16":"purchasable","17":"product-type-simple"},"_links":{"self":[{"href":"https:\/\/liquidmaster.pl\/en\/wp-json\/wp\/v2\/product\/1808625","targetHints":{"allow":["GET"]}}],"collection":[{"href":"https:\/\/liquidmaster.pl\/en\/wp-json\/wp\/v2\/product"}],"about":[{"href":"https:\/\/liquidmaster.pl\/en\/wp-json\/wp\/v2\/types\/product"}],"replies":[{"embeddable":true,"href":"https:\/\/liquidmaster.pl\/en\/wp-json\/wp\/v2\/comments?post=1808625"}],"wp:featuredmedia":[{"embeddable":true,"href":"https:\/\/liquidmaster.pl\/en\/wp-json\/wp\/v2\/media\/1849258"}],"wp:attachment":[{"href":"https:\/\/liquidmaster.pl\/en\/wp-json\/wp\/v2\/media?parent=1808625"}],"wp:term":[{"taxonomy":"product_brand","embeddable":true,"href":"https:\/\/liquidmaster.pl\/en\/wp-json\/wp\/v2\/product_brand?post=1808625"},{"taxonomy":"product_cat","embeddable":true,"href":"https:\/\/liquidmaster.pl\/en\/wp-json\/wp\/v2\/product_cat?post=1808625"},{"taxonomy":"product_tag","embeddable":true,"href":"https:\/\/liquidmaster.pl\/en\/wp-json\/wp\/v2\/product_tag?post=1808625"}],"curies":[{"name":"wp","href":"https:\/\/api.w.org\/{rel}","templated":true}]}}