{"id":1808611,"date":"2025-03-28T20:16:05","date_gmt":"2025-03-28T18:16:05","guid":{"rendered":"https:\/\/liquidmaster.pl\/work-stuff-bucket-dolly-adapter-aluminiowy-lacznik-do-wozkow\/"},"modified":"2026-04-20T08:24:15","modified_gmt":"2026-04-20T06:24:15","slug":"work-stuff-bucket-dolly-adapter-aluminiowy-lacznik-do-wozkow","status":"publish","type":"product","link":"https:\/\/liquidmaster.pl\/en\/work-stuff-bucket-dolly-adapter-aluminiowy-lacznik-do-wozkow\/","title":{"rendered":"Work Stuff Bucket Dolly Adapter &#8211; aluminiowy \u0142\u0105cznik do w\u00f3zk\u00f3w"},"content":{"rendered":"<p>Bucket Dolly Adapter to aluminiowy \u0142\u0105cznik, kt\u00f3ry umo\u017cliwia po\u0142\u0105czenie dw\u00f3ch w\u00f3zk\u00f3w w jeden sp\u00f3jny zestaw. Dzi\u0119ki temu mo\u017cliwe jest jednoczesne przewo\u017cenie dw\u00f3ch wiader, co znacznie usprawnia proces mycia pojazd\u00f3w, zw\u0142aszcza przy u\u017cyciu metody na &#8222;dwa wiadra&#8221;. Monta\u017c adaptera jest bardzo prosty \u2014 przed przymocowaniem k\u00f3\u0142 umie\u015b\u0107 metalow\u0105 p\u0142ytk\u0119 w otworach, a nast\u0119pnie doci\u015bnij ko\u0142a. Gotowy zestaw tworzy stabiln\u0105 i wytrzyma\u0142\u0105 konstrukcj\u0119, gotow\u0105 do transportu du\u017cych ilo\u015bci wody. Adapter nie tylko zwi\u0119ksza funkcjonalno\u015b\u0107 w\u00f3zka, ale tak\u017ce optymalizuje prace.<\/p>\n<p>MAIN FEATURES: <\/p>\n<ul>\n<li>aluminium<\/li>\n<li>wymiary: 15&#215;24 cm<\/li>\n<li>easy assembly<\/li>\n<\/ul>","protected":false},"excerpt":{"rendered":"<p>Bucket Dolly Adapter to aluminiowy \u0142\u0105cznik, kt\u00f3ry umo\u017cliwia po\u0142\u0105czenie dw\u00f3ch w\u00f3zk\u00f3w w jeden sp\u00f3jny zestaw. Dzi\u0119ki temu mo\u017cliwe jest jednoczesne przewo\u017cenie dw\u00f3ch wiader, co znacznie usprawnia proces mycia pojazd\u00f3w, zw\u0142aszcza przy u\u017cyciu metody na &#8222;dwa wiadra&#8221;. Monta\u017c adaptera jest bardzo prosty \u2014 przed przymocowaniem k\u00f3\u0142 umie\u015b\u0107 metalow\u0105 p\u0142ytk\u0119 w otworach, a nast\u0119pnie doci\u015bnij ko\u0142a. Gotowy&hellip;&nbsp;<a href=\"https:\/\/liquidmaster.pl\/en\/work-stuff-bucket-dolly-adapter-aluminiowy-lacznik-do-wozkow\/\" rel=\"bookmark\">Read More \u00bb<span class=\"screen-reader-text\">Work Stuff Bucket Dolly Adapter &#8211; aluminiowy \u0142\u0105cznik do w\u00f3zk\u00f3w<\/span><\/a><\/p>","protected":false},"featured_media":1849223,"comment_status":"open","ping_status":"open","template":"","meta":{"neve_meta_sidebar":"","neve_meta_container":"","neve_meta_enable_content_width":"","neve_meta_content_width":0,"neve_meta_title_alignment":"","neve_meta_author_avatar":"","neve_post_elements_order":"","neve_meta_disable_header":"","neve_meta_disable_footer":"","neve_meta_disable_title":"","_themeisle_gutenberg_block_has_review":false},"product_brand":[],"product_cat":[757,893,846],"product_tag":[381],"class_list":{"0":"post-1808611","1":"product","2":"type-product","3":"status-publish","4":"has-post-thumbnail","6":"product_cat-akcesoria","7":"product_cat-inne","8":"product_cat-reszta","9":"product_tag-work-stuff","11":"first","12":"instock","13":"taxable","14":"shipping-taxable","15":"purchasable","16":"product-type-simple"},"_links":{"self":[{"href":"https:\/\/liquidmaster.pl\/en\/wp-json\/wp\/v2\/product\/1808611","targetHints":{"allow":["GET"]}}],"collection":[{"href":"https:\/\/liquidmaster.pl\/en\/wp-json\/wp\/v2\/product"}],"about":[{"href":"https:\/\/liquidmaster.pl\/en\/wp-json\/wp\/v2\/types\/product"}],"replies":[{"embeddable":true,"href":"https:\/\/liquidmaster.pl\/en\/wp-json\/wp\/v2\/comments?post=1808611"}],"wp:featuredmedia":[{"embeddable":true,"href":"https:\/\/liquidmaster.pl\/en\/wp-json\/wp\/v2\/media\/1849223"}],"wp:attachment":[{"href":"https:\/\/liquidmaster.pl\/en\/wp-json\/wp\/v2\/media?parent=1808611"}],"wp:term":[{"taxonomy":"product_brand","embeddable":true,"href":"https:\/\/liquidmaster.pl\/en\/wp-json\/wp\/v2\/product_brand?post=1808611"},{"taxonomy":"product_cat","embeddable":true,"href":"https:\/\/liquidmaster.pl\/en\/wp-json\/wp\/v2\/product_cat?post=1808611"},{"taxonomy":"product_tag","embeddable":true,"href":"https:\/\/liquidmaster.pl\/en\/wp-json\/wp\/v2\/product_tag?post=1808611"}],"curies":[{"name":"wp","href":"https:\/\/api.w.org\/{rel}","templated":true}]}}