{"id":1808609,"date":"2025-03-28T20:16:05","date_gmt":"2025-03-28T18:16:05","guid":{"rendered":"https:\/\/liquidmaster.pl\/work-stuff-bucket-dolly-wozek-na-wiadro\/"},"modified":"2026-04-18T04:43:44","modified_gmt":"2026-04-18T02:43:44","slug":"work-stuff-bucket-dolly-wozek-na-wiadro","status":"publish","type":"product","link":"https:\/\/liquidmaster.pl\/en\/work-stuff-bucket-dolly-wozek-na-wiadro\/","title":{"rendered":"Work Stuff Bucket Dolly &#8211; w\u00f3zek na wiadro"},"content":{"rendered":"<p>Po co d\u017awiga\u0107 ci\u0119\u017ckie, wype\u0142nione wod\u0105 wiadro, skoro mo\u017cesz je \u0142atwo przetransportowa\u0107, oszcz\u0119dzaj\u0105c swoje plecy i si\u0142y?<\/p>\n<p>Nasz w\u00f3zek zosta\u0142 stworzony z my\u015bl\u0105 o Twojej wygodzie i komforcie pracy, odci\u0105\u017caj\u0105c kr\u0119gos\u0142up, zw\u0142aszcza po ca\u0142ym dniu sp\u0119dzonym przy samochodzie..Wyposa\u017cony w 5 wytrzyma\u0142ych k\u00f3\u0142ek, kt\u00f3re obracaj\u0105 si\u0119 o 360 stopni, pozwala na \u0142atwe pchanie, ci\u0105gni\u0119cie i przesuwanie wiadra w dowolnym kierunku. Dzi\u0119ki doskona\u0142ej zwrotno\u015bci, w\u00f3zek zachowuje stabilno\u015b\u0107 nawet z pe\u0142nym wiadrem i p\u0142ynnie porusza si\u0119 po nier\u00f3wnych powierzchniach, takich jak kostka brukowa czy \u017cwir \u2013 dlatego \u015bwietnie nadaje si\u0119 do u\u017cytku na zewn\u0105trz.<\/p>\n<p>Dwa z pi\u0119ciu k\u00f3\u0142ek w\u00f3zka wyposa\u017cone s\u0105 w hamulce, kt\u00f3re zapobiegaj\u0105 przypadkowemu przesuni\u0119ciu w\u00f3zka, szczeg\u00f3lnie na nier\u00f3wnym terenie. Konstrukcja jest odporna na d\u0142ugotrwa\u0142e u\u017cytkowanie, du\u017ce obcia\u017cenia oraz trudne warunki atmosferyczne. W\u00f3zek zaprojektowali\u015bmy tak, aby pasowa\u0142 do wi\u0119kszo\u015bci wiader dost\u0119pnych na rynku, zw\u0142aszcza tych o pojemno\u015bci 15-20 litr\u00f3w, kt\u00f3re s\u0105 najcz\u0119\u015bciej u\u017cywane w detailingu. Ten w\u00f3zek wyr\u00f3\u017cnia si\u0119 spo\u015br\u00f3d innych rozwi\u0105za\u0144, poniewa\u017c nie wymaga \u017cadnych \u015brub ani dodatkowych mocowa\u0144.<\/p>\n<p>Wiadro pasuje idealnie do specjalnie zaprojektowanego otworu, co eliminuje konieczno\u015b\u0107 jego przykr\u0119cania. Dzi\u0119ki temu rozwi\u0105zaniu nie tracisz czasu na instalowanie wiadra, a potem jego odkr\u0119caniu, np. gdy potrzebujesz wyla\u0107 wod\u0119. Dopasowanie jest bardzo precyzyjne, wiadro jest pewnie osadzone, nie przewr\u00f3ci si\u0119, a woda si\u0119 nie rozleje podczas przemieszczania w\u00f3\u017cka. Ten mobilny transporter zosta\u0142 zaprojektowany z my\u015bl\u0105 o maksymalnej prostocie i efektywno\u015bci, co czyni go wyj\u0105tkowym na rynku akcesori\u00f3w detailingowych.<\/p>\n<p>CECHY PRODUKTU: <\/p>\n<ul>\n<li>5 wytrzyma\u0142ych k\u00f3\u0142ek obracaj\u0105cych si\u0119 o 360 stopni<\/li>\n<li>brak \u015brub i dodatkowych mocowa\u0107<\/li>\n<li>\u015brednica 27 cm<\/li>\n<li>mozliwo\u015b\u0107 po\u0142\u0105czenia 2 w\u00f3zk\u00f3w za pomoca adaptera<\/li>\n<\/ul>","protected":false},"excerpt":{"rendered":"<p>Po co d\u017awiga\u0107 ci\u0119\u017ckie, wype\u0142nione wod\u0105 wiadro, skoro mo\u017cesz je \u0142atwo przetransportowa\u0107, oszcz\u0119dzaj\u0105c swoje plecy i si\u0142y? Nasz w\u00f3zek zosta\u0142 stworzony z my\u015bl\u0105 o Twojej wygodzie i komforcie pracy, odci\u0105\u017caj\u0105c kr\u0119gos\u0142up, zw\u0142aszcza po ca\u0142ym dniu sp\u0119dzonym przy samochodzie..Wyposa\u017cony w 5 wytrzyma\u0142ych k\u00f3\u0142ek, kt\u00f3re obracaj\u0105 si\u0119 o 360 stopni, pozwala na \u0142atwe pchanie, ci\u0105gni\u0119cie i przesuwanie&hellip;&nbsp;<a href=\"https:\/\/liquidmaster.pl\/en\/work-stuff-bucket-dolly-wozek-na-wiadro\/\" rel=\"bookmark\">Read More \u00bb<span class=\"screen-reader-text\">Work Stuff Bucket Dolly &#8211; w\u00f3zek na wiadro<\/span><\/a><\/p>","protected":false},"featured_media":1849221,"comment_status":"open","ping_status":"open","template":"","meta":{"neve_meta_sidebar":"","neve_meta_container":"","neve_meta_enable_content_width":"","neve_meta_content_width":0,"neve_meta_title_alignment":"","neve_meta_author_avatar":"","neve_post_elements_order":"","neve_meta_disable_header":"","neve_meta_disable_footer":"","neve_meta_disable_title":"","_themeisle_gutenberg_block_has_review":false},"product_brand":[],"product_cat":[757,893,846],"product_tag":[381],"class_list":{"0":"post-1808609","1":"product","2":"type-product","3":"status-publish","4":"has-post-thumbnail","6":"product_cat-akcesoria","7":"product_cat-inne","8":"product_cat-reszta","9":"product_tag-work-stuff","11":"first","12":"instock","13":"taxable","14":"shipping-taxable","15":"purchasable","16":"product-type-simple"},"_links":{"self":[{"href":"https:\/\/liquidmaster.pl\/en\/wp-json\/wp\/v2\/product\/1808609","targetHints":{"allow":["GET"]}}],"collection":[{"href":"https:\/\/liquidmaster.pl\/en\/wp-json\/wp\/v2\/product"}],"about":[{"href":"https:\/\/liquidmaster.pl\/en\/wp-json\/wp\/v2\/types\/product"}],"replies":[{"embeddable":true,"href":"https:\/\/liquidmaster.pl\/en\/wp-json\/wp\/v2\/comments?post=1808609"}],"wp:featuredmedia":[{"embeddable":true,"href":"https:\/\/liquidmaster.pl\/en\/wp-json\/wp\/v2\/media\/1849221"}],"wp:attachment":[{"href":"https:\/\/liquidmaster.pl\/en\/wp-json\/wp\/v2\/media?parent=1808609"}],"wp:term":[{"taxonomy":"product_brand","embeddable":true,"href":"https:\/\/liquidmaster.pl\/en\/wp-json\/wp\/v2\/product_brand?post=1808609"},{"taxonomy":"product_cat","embeddable":true,"href":"https:\/\/liquidmaster.pl\/en\/wp-json\/wp\/v2\/product_cat?post=1808609"},{"taxonomy":"product_tag","embeddable":true,"href":"https:\/\/liquidmaster.pl\/en\/wp-json\/wp\/v2\/product_tag?post=1808609"}],"curies":[{"name":"wp","href":"https:\/\/api.w.org\/{rel}","templated":true}]}}