{"id":1808607,"date":"2025-03-28T20:16:05","date_gmt":"2025-03-28T18:16:05","guid":{"rendered":"https:\/\/liquidmaster.pl\/unilite-k-550-mini-lampa-robocza\/"},"modified":"2026-04-18T04:43:44","modified_gmt":"2026-04-18T02:43:44","slug":"unilite-k-550-mini-lampa-robocza","status":"publish","type":"product","link":"https:\/\/liquidmaster.pl\/en\/unilite-k-550-mini-lampa-robocza\/","title":{"rendered":"Unilite K-550 \u2013 Mini Work Lamp"},"content":{"rendered":"<p>Unilite K-550<\/p>\n<p>K-550 to niezwykle mocna lampa robocza, kt\u00f3ra mie\u015bci si\u0119 w obudowie o \u015brednicy zaledwie 6 cm. Posiada wbudowany karabi\u0144czyk do zawieszania, silny magnes i obrotow\u0105 podstaw\u0119 w zakresie 160\u00b0. Lampa robocza ma 6 r\u00f3\u017cnych tryb\u00f3w \u015bwiecenia, w tym tryb turbo, kt\u00f3ry zwi\u0119ksza moc a\u017c do 550 lumen\u00f3w. Jest ona tak\u017ce wooodporna wed\u0142ug standard\u00f3w IPX6. Opr\u00f3cz bia\u0142ego \u015bwiat\u0142a, jest w stanie emitowa\u0107 r\u00f3wnie\u017c czerwone \u015bwiat\u0142o ostrzegawcze (statyczne i b\u0142yskowe). S\u0105 to \u015bwietne rozwi\u0105zania do znakowania miejsc wypadk\u00f3w, awarii czy kolizji. Dzi\u0119ki wbudowanemu karabi\u0144czykowi lamp\u0119 mo\u017cemy przyczepi\u0107 do naszej odzie\u017cy roboczej czy plecaka narz\u0119dziowego, przez co zwi\u0119kszymy nasze bezpiecze\u0144stwo i widoczno\u015b\u0107 po zmroku. Lampa robocza LED jest \u0142adowana za pomoc\u0105 USB-C.<\/p>\n<p>Characteristics:<\/p>\n<ul>\n<li>550 lumen\u00f3w, bia\u0142a dioda COB LED, 6500K<\/li>\n<li>Dodatkowa dioda punktowa o mocy 275 lumen\u00f3w, SMD LED, 6500K<\/li>\n<li>Wska\u017anik poziomu na\u0142adowania baterii<\/li>\n<li>Wytrzyma\u0142a obudowa z nylonu, aluminium i TPR<\/li>\n<li>Odporna na kurz, wod\u0119 i uderzenia IP65\/IK07<\/li>\n<li>Odporno\u015b\u0107 na upadek z 2m<\/li>\n<li>Built-in rubber USB charging cover<\/li>\n<li>Szybkie \u0142adowanie 2A USB-C &#8211; 4 godziny \u0142adowania<\/li>\n<li>Mo\u017ce by\u0107 \u0142adowany bezprzedowodo za pomoc\u0105 stacji WCSGL i WCDBL<\/li>\n<li>Kabel 2A USB-C 1 m w zestawie<\/li>\n<\/ul>\n<p>\u00a0<\/p>","protected":false},"excerpt":{"rendered":"<p>Unilite K-550 K-550 to niezwykle mocna lampa robocza, kt\u00f3ra mie\u015bci si\u0119 w obudowie o \u015brednicy zaledwie 6 cm. Posiada wbudowany karabi\u0144czyk do zawieszania, silny magnes i obrotow\u0105 podstaw\u0119 w zakresie 160\u00b0. Lampa robocza ma 6 r\u00f3\u017cnych tryb\u00f3w \u015bwiecenia, w tym tryb turbo, kt\u00f3ry zwi\u0119ksza moc a\u017c do 550 lumen\u00f3w. Jest ona tak\u017ce wooodporna wed\u0142ug standard\u00f3w&hellip;&nbsp;<a href=\"https:\/\/liquidmaster.pl\/en\/unilite-k-550-mini-lampa-robocza\/\" rel=\"bookmark\">Read More \u00bb<span class=\"screen-reader-text\">Unilite K-550 \u2013 Mini Work Lamp<\/span><\/a><\/p>","protected":false},"featured_media":1849219,"comment_status":"open","ping_status":"open","template":"","meta":{"neve_meta_sidebar":"","neve_meta_container":"","neve_meta_enable_content_width":"","neve_meta_content_width":0,"neve_meta_title_alignment":"","neve_meta_author_avatar":"","neve_post_elements_order":"","neve_meta_disable_header":"","neve_meta_disable_footer":"","neve_meta_disable_title":"","_themeisle_gutenberg_block_has_review":false},"product_brand":[],"product_cat":[749,827,748],"product_tag":[373],"class_list":{"0":"post-1808607","1":"product","2":"type-product","3":"status-publish","4":"has-post-thumbnail","6":"product_cat-akcesoria-polerskie","7":"product_cat-lampy-inspekcyjne","8":"product_cat-polerowanie","9":"product_tag-unilite","11":"first","12":"outofstock","13":"taxable","14":"shipping-taxable","15":"purchasable","16":"product-type-simple"},"_links":{"self":[{"href":"https:\/\/liquidmaster.pl\/en\/wp-json\/wp\/v2\/product\/1808607","targetHints":{"allow":["GET"]}}],"collection":[{"href":"https:\/\/liquidmaster.pl\/en\/wp-json\/wp\/v2\/product"}],"about":[{"href":"https:\/\/liquidmaster.pl\/en\/wp-json\/wp\/v2\/types\/product"}],"replies":[{"embeddable":true,"href":"https:\/\/liquidmaster.pl\/en\/wp-json\/wp\/v2\/comments?post=1808607"}],"wp:featuredmedia":[{"embeddable":true,"href":"https:\/\/liquidmaster.pl\/en\/wp-json\/wp\/v2\/media\/1849219"}],"wp:attachment":[{"href":"https:\/\/liquidmaster.pl\/en\/wp-json\/wp\/v2\/media?parent=1808607"}],"wp:term":[{"taxonomy":"product_brand","embeddable":true,"href":"https:\/\/liquidmaster.pl\/en\/wp-json\/wp\/v2\/product_brand?post=1808607"},{"taxonomy":"product_cat","embeddable":true,"href":"https:\/\/liquidmaster.pl\/en\/wp-json\/wp\/v2\/product_cat?post=1808607"},{"taxonomy":"product_tag","embeddable":true,"href":"https:\/\/liquidmaster.pl\/en\/wp-json\/wp\/v2\/product_tag?post=1808607"}],"curies":[{"name":"wp","href":"https:\/\/api.w.org\/{rel}","templated":true}]}}