{"id":1808603,"date":"2025-03-28T20:14:47","date_gmt":"2025-03-28T18:14:47","guid":{"rendered":"https:\/\/liquidmaster.pl\/kovax-proma-x-70x108mm-zestaw-do-renowacji-lamp\/"},"modified":"2026-04-18T04:43:43","modified_gmt":"2026-04-18T02:43:43","slug":"kovax-proma-x-70x108mm-zestaw-do-renowacji-lamp","status":"publish","type":"product","link":"https:\/\/liquidmaster.pl\/en\/kovax-proma-x-70x108mm-zestaw-do-renowacji-lamp\/","title":{"rendered":"Kovax Proma-X 70x108mm &#8211; zestaw do renowacji lamp"},"content":{"rendered":"<p>Zestaw do renowacji lamp przeznaczony do maszynowego szlifowania na sucho zniszczonych reflektor\u00f3w. Idealnie przygotowuje powierzchni\u0119 do aplikacji lakieru bezbarwnego lub folii.<\/p>\n<p>Contents:<\/p>\n<li>Proma-X Szlifierka pneumatyczna do wst\u0119g Assilex\/Buflex Dry 70 x 108 mm<\/li>\n<li>Wst\u0119gi Assilex K400, K600, K800, K1200<\/li>\n<li>Wst\u0119gi Buflex Dry K2000, K3000<\/li>\n<li>Wst\u0119gi Maxfifilm P240, P320, P400<\/li>\n<li>Przek\u0142adki Assilex oraz Buflex Dry<\/li>","protected":false},"excerpt":{"rendered":"<p>Zestaw do renowacji lamp przeznaczony do maszynowego szlifowania na sucho zniszczonych reflektor\u00f3w. Idealnie przygotowuje powierzchni\u0119 do aplikacji lakieru bezbarwnego lub folii. Zawarto\u015b\u0107: Proma-X Szlifierka pneumatyczna do wst\u0119g Assilex\/Buflex Dry 70 x 108 mm Wst\u0119gi Assilex K400, K600, K800, K1200 Wst\u0119gi Buflex Dry K2000, K3000 Wst\u0119gi Maxfifilm P240, P320, P400 Przek\u0142adki Assilex oraz Buflex Dry<\/p>","protected":false},"featured_media":1849212,"comment_status":"open","ping_status":"open","template":"","meta":{"neve_meta_sidebar":"","neve_meta_container":"","neve_meta_enable_content_width":"","neve_meta_content_width":0,"neve_meta_title_alignment":"","neve_meta_author_avatar":"","neve_post_elements_order":"","neve_meta_disable_header":"","neve_meta_disable_footer":"","neve_meta_disable_title":"","_themeisle_gutenberg_block_has_review":false},"product_brand":[],"product_cat":[733,841],"product_tag":[314],"class_list":{"0":"post-1808603","1":"product","2":"type-product","3":"status-publish","4":"has-post-thumbnail","6":"product_cat-na-zewnatrz","7":"product_cat-renowacja-reflektorow","8":"product_tag-kovax","10":"first","11":"instock","12":"taxable","13":"shipping-taxable","14":"purchasable","15":"product-type-simple"},"_links":{"self":[{"href":"https:\/\/liquidmaster.pl\/en\/wp-json\/wp\/v2\/product\/1808603","targetHints":{"allow":["GET"]}}],"collection":[{"href":"https:\/\/liquidmaster.pl\/en\/wp-json\/wp\/v2\/product"}],"about":[{"href":"https:\/\/liquidmaster.pl\/en\/wp-json\/wp\/v2\/types\/product"}],"replies":[{"embeddable":true,"href":"https:\/\/liquidmaster.pl\/en\/wp-json\/wp\/v2\/comments?post=1808603"}],"wp:featuredmedia":[{"embeddable":true,"href":"https:\/\/liquidmaster.pl\/en\/wp-json\/wp\/v2\/media\/1849212"}],"wp:attachment":[{"href":"https:\/\/liquidmaster.pl\/en\/wp-json\/wp\/v2\/media?parent=1808603"}],"wp:term":[{"taxonomy":"product_brand","embeddable":true,"href":"https:\/\/liquidmaster.pl\/en\/wp-json\/wp\/v2\/product_brand?post=1808603"},{"taxonomy":"product_cat","embeddable":true,"href":"https:\/\/liquidmaster.pl\/en\/wp-json\/wp\/v2\/product_cat?post=1808603"},{"taxonomy":"product_tag","embeddable":true,"href":"https:\/\/liquidmaster.pl\/en\/wp-json\/wp\/v2\/product_tag?post=1808603"}],"curies":[{"name":"wp","href":"https:\/\/api.w.org\/{rel}","templated":true}]}}