{"id":1808587,"date":"2025-03-28T20:12:48","date_gmt":"2025-03-28T18:12:48","guid":{"rendered":"https:\/\/liquidmaster.pl\/detailing-house-pedzel-paskowy-standard-10mm\/"},"modified":"2026-04-18T04:43:40","modified_gmt":"2026-04-18T02:43:40","slug":"detailing-house-pedzel-paskowy-standard-10mm","status":"publish","type":"product","link":"https:\/\/liquidmaster.pl\/en\/detailing-house-pedzel-paskowy-standard-10mm\/","title":{"rendered":"Detailing House Standard Strip Brush 10mm"},"content":{"rendered":"<p>The strip brush is a tool with natural bristles, ideal for cleaning details and hard-to-reach areas inside and outside the car. It also works well for touch-ups. It has an unpainted handle, ensuring a comfortable grip while working. This Polish-made product.<\/p>\n<p>Rozmiar: 10 mm<\/p>","protected":false},"excerpt":{"rendered":"<p>P\u0119dzel paskowy to narz\u0119dzie z naturalnym w\u0142osiem szczecinowym, idealne do czyszczenia detali i trudno dost\u0119pnych zakamark\u00f3w wewn\u0105trz i na zewn\u0105trz samochodu. Sprawdza si\u0119 tak\u017ce przy zaprawkach lakierniczych. Posiada nielakierowan\u0105 r\u0105czk\u0119, co zapewnia wygodny chwyt podczas pracy. Produkt polskiej produkcji. Rozmiar: 10 mm<\/p>","protected":false},"featured_media":1849177,"comment_status":"open","ping_status":"open","template":"","meta":{"neve_meta_sidebar":"","neve_meta_container":"","neve_meta_enable_content_width":"","neve_meta_content_width":0,"neve_meta_title_alignment":"","neve_meta_author_avatar":"","neve_post_elements_order":"","neve_meta_disable_header":"","neve_meta_disable_footer":"","neve_meta_disable_title":"","_themeisle_gutenberg_block_has_review":false},"product_brand":[],"product_cat":[799,800,768],"product_tag":[286],"class_list":{"0":"post-1808587","1":"product","2":"type-product","3":"status-publish","4":"has-post-thumbnail","6":"product_cat-narzedzia-i-akcesoria","7":"product_cat-szczotki-pedzelki-i-narzedzia","8":"product_cat-wnetrze-auta","9":"product_tag-detailing-house","11":"first","12":"instock","13":"taxable","14":"shipping-taxable","15":"purchasable","16":"product-type-simple"},"_links":{"self":[{"href":"https:\/\/liquidmaster.pl\/en\/wp-json\/wp\/v2\/product\/1808587","targetHints":{"allow":["GET"]}}],"collection":[{"href":"https:\/\/liquidmaster.pl\/en\/wp-json\/wp\/v2\/product"}],"about":[{"href":"https:\/\/liquidmaster.pl\/en\/wp-json\/wp\/v2\/types\/product"}],"replies":[{"embeddable":true,"href":"https:\/\/liquidmaster.pl\/en\/wp-json\/wp\/v2\/comments?post=1808587"}],"wp:featuredmedia":[{"embeddable":true,"href":"https:\/\/liquidmaster.pl\/en\/wp-json\/wp\/v2\/media\/1849177"}],"wp:attachment":[{"href":"https:\/\/liquidmaster.pl\/en\/wp-json\/wp\/v2\/media?parent=1808587"}],"wp:term":[{"taxonomy":"product_brand","embeddable":true,"href":"https:\/\/liquidmaster.pl\/en\/wp-json\/wp\/v2\/product_brand?post=1808587"},{"taxonomy":"product_cat","embeddable":true,"href":"https:\/\/liquidmaster.pl\/en\/wp-json\/wp\/v2\/product_cat?post=1808587"},{"taxonomy":"product_tag","embeddable":true,"href":"https:\/\/liquidmaster.pl\/en\/wp-json\/wp\/v2\/product_tag?post=1808587"}],"curies":[{"name":"wp","href":"https:\/\/api.w.org\/{rel}","templated":true}]}}