{"id":1808577,"date":"2025-03-28T20:12:26","date_gmt":"2025-03-28T18:12:26","guid":{"rendered":"https:\/\/liquidmaster.pl\/detailing-house-brush-natural-bear-18-32mm-pedzelek-detailingowy-do-elementow-zewnetrznych\/"},"modified":"2026-04-18T04:43:38","modified_gmt":"2026-04-18T02:43:38","slug":"detailing-house-brush-natural-bear-18-32mm-pedzelek-detailingowy-do-elementow-zewnetrznych","status":"publish","type":"product","link":"https:\/\/liquidmaster.pl\/en\/detailing-house-brush-natural-bear-18-32mm-pedzelek-detailingowy-do-elementow-zewnetrznych\/","title":{"rendered":"Detailing House Brush Natural Bear 18 32mm \u2013 detailing brush for exterior elements"},"content":{"rendered":"<p>A professional brush with a medium-hard bristle blend, ideal for removing stubborn dirt. It&#039;s perfect for cleaning rims, engines, and both interior and exterior areas of your vehicle. The durable, dense bristles are resistant to automotive chemicals, ensuring effectiveness in hard-to-reach areas. The varnished plastic handle and ferrule are safe for cleaned surfaces. Before first use, it&#039;s recommended to blow compressed air through the bristles to remove loose fibers. This Polish-made product.<\/p>\n<p>Size: 18 (32 mm).<\/p>","protected":false},"excerpt":{"rendered":"<p>Profesjonalny p\u0119dzelek z mieszank\u0105 szczeciny o \u015bredniej twardo\u015bci, idealny do usuwania mocniejszych zabrudze\u0144. Doskonale sprawdza si\u0119 przy czyszczeniu felg, silnika, oraz wewn\u0119trznych i zewn\u0119trznych zakamark\u00f3w pojazdu. Wytrzyma\u0142e i g\u0119ste w\u0142osie jest odporne na dzia\u0142anie chemii samochodowej, co zapewnia skuteczno\u015b\u0107 w trudno dost\u0119pnych miejscach. Lakierowana, plastikowa r\u0105czka i skuwka s\u0105 bezpieczne dla czyszczonych powierzchni. Przed pierwszym&hellip;&nbsp;<a href=\"https:\/\/liquidmaster.pl\/en\/detailing-house-brush-natural-bear-18-32mm-pedzelek-detailingowy-do-elementow-zewnetrznych\/\" rel=\"bookmark\">Read More \u00bb<span class=\"screen-reader-text\">Detailing House Brush Natural Bear 18 32mm \u2013 detailing brush for exterior elements<\/span><\/a><\/p>","protected":false},"featured_media":1849164,"comment_status":"open","ping_status":"open","template":"","meta":{"neve_meta_sidebar":"","neve_meta_container":"","neve_meta_enable_content_width":"","neve_meta_content_width":0,"neve_meta_title_alignment":"","neve_meta_author_avatar":"","neve_post_elements_order":"","neve_meta_disable_header":"","neve_meta_disable_footer":"","neve_meta_disable_title":"","_themeisle_gutenberg_block_has_review":false},"product_brand":[],"product_cat":[799,800,768],"product_tag":[286],"class_list":{"0":"post-1808577","1":"product","2":"type-product","3":"status-publish","4":"has-post-thumbnail","6":"product_cat-narzedzia-i-akcesoria","7":"product_cat-szczotki-pedzelki-i-narzedzia","8":"product_cat-wnetrze-auta","9":"product_tag-detailing-house","11":"first","12":"instock","13":"taxable","14":"shipping-taxable","15":"purchasable","16":"product-type-simple"},"_links":{"self":[{"href":"https:\/\/liquidmaster.pl\/en\/wp-json\/wp\/v2\/product\/1808577","targetHints":{"allow":["GET"]}}],"collection":[{"href":"https:\/\/liquidmaster.pl\/en\/wp-json\/wp\/v2\/product"}],"about":[{"href":"https:\/\/liquidmaster.pl\/en\/wp-json\/wp\/v2\/types\/product"}],"replies":[{"embeddable":true,"href":"https:\/\/liquidmaster.pl\/en\/wp-json\/wp\/v2\/comments?post=1808577"}],"wp:featuredmedia":[{"embeddable":true,"href":"https:\/\/liquidmaster.pl\/en\/wp-json\/wp\/v2\/media\/1849164"}],"wp:attachment":[{"href":"https:\/\/liquidmaster.pl\/en\/wp-json\/wp\/v2\/media?parent=1808577"}],"wp:term":[{"taxonomy":"product_brand","embeddable":true,"href":"https:\/\/liquidmaster.pl\/en\/wp-json\/wp\/v2\/product_brand?post=1808577"},{"taxonomy":"product_cat","embeddable":true,"href":"https:\/\/liquidmaster.pl\/en\/wp-json\/wp\/v2\/product_cat?post=1808577"},{"taxonomy":"product_tag","embeddable":true,"href":"https:\/\/liquidmaster.pl\/en\/wp-json\/wp\/v2\/product_tag?post=1808577"}],"curies":[{"name":"wp","href":"https:\/\/api.w.org\/{rel}","templated":true}]}}