{"id":1808567,"date":"2025-03-28T20:10:49","date_gmt":"2025-03-28T18:10:49","guid":{"rendered":"https:\/\/liquidmaster.pl\/detailing-house-brush-baribal-bear-12-25mm-pedzelek-detailingowy-do-elementow-zewnetrznych\/"},"modified":"2026-04-18T04:43:35","modified_gmt":"2026-04-18T02:43:35","slug":"detailing-house-brush-baribal-bear-12-25mm-pedzelek-detailingowy-do-elementow-zewnetrznych","status":"publish","type":"product","link":"https:\/\/liquidmaster.pl\/en\/detailing-house-brush-baribal-bear-12-25mm-pedzelek-detailingowy-do-elementow-zewnetrznych\/","title":{"rendered":"Detailing House Brush Baribal Bear 12 25mm \u2013 detailing brush for exterior elements"},"content":{"rendered":"<p>A brush with hard, synthetic bristles, designed to remove even the most stubborn dirt. Exceptionally durable, with thicker, stiffer bristles, it&#039;s perfect for cleaning rims, engines, and heavily soiled body parts. The bristles are resistant to harsh chemicals, ensuring long life and effectiveness. The varnished plastic handle and ferrule ensure the safety of cleaned surfaces. Before first use, it&#039;s recommended to blow compressed air through the bristles to remove loose fibers. Made in Poland.<\/p>\n<p>Size: 12 (25mm).<\/p>","protected":false},"excerpt":{"rendered":"<p>P\u0119dzelek z twardym, sztucznym w\u0142osiem, zaprojektowany do usuwania nawet najbardziej uporczywych zabrudze\u0144. Wyj\u0105tkowo wytrzyma\u0142y, z grubszym i sztywniejszym w\u0142osiem, doskonale nadaje si\u0119 do czyszczenia felg, silnik\u00f3w oraz mocno zabrudzonych element\u00f3w nadwozia. W\u0142osie odporne na dzia\u0142anie mocnej chemii, co zapewnia d\u0142ug\u0105 \u017cywotno\u015b\u0107 i skuteczno\u015b\u0107. Lakierowana, plastikowa r\u0105czka i skuwka gwarantuj\u0105 bezpiecze\u0144stwo czyszczonych powierzchni. Przed pierwszym u\u017cyciem&hellip;&nbsp;<a href=\"https:\/\/liquidmaster.pl\/en\/detailing-house-brush-baribal-bear-12-25mm-pedzelek-detailingowy-do-elementow-zewnetrznych\/\" rel=\"bookmark\">Read More \u00bb<span class=\"screen-reader-text\">Detailing House Brush Baribal Bear 12 25mm \u2013 detailing brush for exterior elements<\/span><\/a><\/p>","protected":false},"featured_media":1849141,"comment_status":"open","ping_status":"open","template":"","meta":{"neve_meta_sidebar":"","neve_meta_container":"","neve_meta_enable_content_width":"","neve_meta_content_width":0,"neve_meta_title_alignment":"","neve_meta_author_avatar":"","neve_post_elements_order":"","neve_meta_disable_header":"","neve_meta_disable_footer":"","neve_meta_disable_title":"","_themeisle_gutenberg_block_has_review":false},"product_brand":[],"product_cat":[757,911,777],"product_tag":[286],"class_list":{"0":"post-1808567","1":"product","2":"type-product","3":"status-publish","4":"has-post-thumbnail","6":"product_cat-akcesoria","7":"product_cat-do-kol","8":"product_cat-szczotki-i-pedzelki","9":"product_tag-detailing-house","11":"first","12":"instock","13":"taxable","14":"shipping-taxable","15":"purchasable","16":"product-type-simple"},"_links":{"self":[{"href":"https:\/\/liquidmaster.pl\/en\/wp-json\/wp\/v2\/product\/1808567","targetHints":{"allow":["GET"]}}],"collection":[{"href":"https:\/\/liquidmaster.pl\/en\/wp-json\/wp\/v2\/product"}],"about":[{"href":"https:\/\/liquidmaster.pl\/en\/wp-json\/wp\/v2\/types\/product"}],"replies":[{"embeddable":true,"href":"https:\/\/liquidmaster.pl\/en\/wp-json\/wp\/v2\/comments?post=1808567"}],"wp:featuredmedia":[{"embeddable":true,"href":"https:\/\/liquidmaster.pl\/en\/wp-json\/wp\/v2\/media\/1849141"}],"wp:attachment":[{"href":"https:\/\/liquidmaster.pl\/en\/wp-json\/wp\/v2\/media?parent=1808567"}],"wp:term":[{"taxonomy":"product_brand","embeddable":true,"href":"https:\/\/liquidmaster.pl\/en\/wp-json\/wp\/v2\/product_brand?post=1808567"},{"taxonomy":"product_cat","embeddable":true,"href":"https:\/\/liquidmaster.pl\/en\/wp-json\/wp\/v2\/product_cat?post=1808567"},{"taxonomy":"product_tag","embeddable":true,"href":"https:\/\/liquidmaster.pl\/en\/wp-json\/wp\/v2\/product_tag?post=1808567"}],"curies":[{"name":"wp","href":"https:\/\/api.w.org\/{rel}","templated":true}]}}