{"id":1808561,"date":"2025-03-28T20:10:27","date_gmt":"2025-03-28T18:10:27","guid":{"rendered":"https:\/\/liquidmaster.pl\/detailing-house-brush-gray-bear-16-28mm-pedzelek-detailingowy\/"},"modified":"2026-04-20T08:24:04","modified_gmt":"2026-04-20T06:24:04","slug":"detailing-house-brush-gray-bear-16-28mm-pedzelek-detailingowy","status":"publish","type":"product","link":"https:\/\/liquidmaster.pl\/en\/detailing-house-brush-gray-bear-16-28mm-pedzelek-detailingowy\/","title":{"rendered":"Detailing House Brush Gray Bear 16 28mm \u2013 detailing brush"},"content":{"rendered":"<p>A brush with medium-hard, synthetic bristles, designed for demanding detailers. Perfect for both interior and exterior use, it&#039;s excellent for cleaning leather and applying dressings. Its dense bristles ensure thorough cleaning of even heavily soiled areas while remaining gentle. Mechanically durable and resistant to harsh chemicals, it ensures effectiveness and longevity. The varnished plastic handle and ferrule are safe for cleaned surfaces. It&#039;s recommended to blow the bristles with compressed air before use. This Polish-made product.<\/p>\n<p>Size: 16 (28 mm).<\/p>","protected":false},"excerpt":{"rendered":"<p>P\u0119dzelek z \u015brednio twardym, sztucznym w\u0142osiem, stworzony dla wymagaj\u0105cych detailer\u00f3w. Doskona\u0142y do u\u017cytku wewn\u0105trz i na zewn\u0105trz pojazdu, \u015bwietnie sprawdza si\u0119 przy czyszczeniu sk\u00f3r i rozprowadzaniu dressing\u00f3w. Dzi\u0119ki g\u0119stemu w\u0142osiu zapewnia dok\u0142adne czyszczenie nawet mocno zabrudzonych miejsc, przy jednoczesnej delikatno\u015bci. Wytrzyma\u0142y mechanicznie i odporny na mocn\u0105 chemi\u0119, zapewnia skuteczno\u015b\u0107 i d\u0142ugowieczno\u015b\u0107. Lakierowana, plastikowa r\u0105czka i&hellip;&nbsp;<a href=\"https:\/\/liquidmaster.pl\/en\/detailing-house-brush-gray-bear-16-28mm-pedzelek-detailingowy\/\" rel=\"bookmark\">Read More \u00bb<span class=\"screen-reader-text\">Detailing House Brush Gray Bear 16 28mm \u2013 detailing brush<\/span><\/a><\/p>","protected":false},"featured_media":1849126,"comment_status":"open","ping_status":"open","template":"","meta":{"neve_meta_sidebar":"","neve_meta_container":"","neve_meta_enable_content_width":"","neve_meta_content_width":0,"neve_meta_title_alignment":"","neve_meta_author_avatar":"","neve_post_elements_order":"","neve_meta_disable_header":"","neve_meta_disable_footer":"","neve_meta_disable_title":"","_themeisle_gutenberg_block_has_review":false},"product_brand":[],"product_cat":[799,800,768],"product_tag":[286],"class_list":{"0":"post-1808561","1":"product","2":"type-product","3":"status-publish","4":"has-post-thumbnail","6":"product_cat-narzedzia-i-akcesoria","7":"product_cat-szczotki-pedzelki-i-narzedzia","8":"product_cat-wnetrze-auta","9":"product_tag-detailing-house","11":"first","12":"instock","13":"taxable","14":"shipping-taxable","15":"purchasable","16":"product-type-simple"},"_links":{"self":[{"href":"https:\/\/liquidmaster.pl\/en\/wp-json\/wp\/v2\/product\/1808561","targetHints":{"allow":["GET"]}}],"collection":[{"href":"https:\/\/liquidmaster.pl\/en\/wp-json\/wp\/v2\/product"}],"about":[{"href":"https:\/\/liquidmaster.pl\/en\/wp-json\/wp\/v2\/types\/product"}],"replies":[{"embeddable":true,"href":"https:\/\/liquidmaster.pl\/en\/wp-json\/wp\/v2\/comments?post=1808561"}],"wp:featuredmedia":[{"embeddable":true,"href":"https:\/\/liquidmaster.pl\/en\/wp-json\/wp\/v2\/media\/1849126"}],"wp:attachment":[{"href":"https:\/\/liquidmaster.pl\/en\/wp-json\/wp\/v2\/media?parent=1808561"}],"wp:term":[{"taxonomy":"product_brand","embeddable":true,"href":"https:\/\/liquidmaster.pl\/en\/wp-json\/wp\/v2\/product_brand?post=1808561"},{"taxonomy":"product_cat","embeddable":true,"href":"https:\/\/liquidmaster.pl\/en\/wp-json\/wp\/v2\/product_cat?post=1808561"},{"taxonomy":"product_tag","embeddable":true,"href":"https:\/\/liquidmaster.pl\/en\/wp-json\/wp\/v2\/product_tag?post=1808561"}],"curies":[{"name":"wp","href":"https:\/\/api.w.org\/{rel}","templated":true}]}}