{"id":1808549,"date":"2025-03-28T20:08:49","date_gmt":"2025-03-28T18:08:49","guid":{"rendered":"https:\/\/liquidmaster.pl\/aqua-e-quick-detailer-1l-quick-detailer-na-bazie-elastomerow\/"},"modified":"2026-04-19T03:31:13","modified_gmt":"2026-04-19T01:31:13","slug":"aqua-e-quick-detailer-1l-quick-detailer-na-bazie-elastomerow","status":"publish","type":"product","link":"https:\/\/liquidmaster.pl\/en\/aqua-e-quick-detailer-1l-quick-detailer-na-bazie-elastomerow\/","title":{"rendered":"AQUA E-Quick Detailer 1L \u2013 quick detailer based on elastomers"},"content":{"rendered":"<p>AQUA E-Quick Detailer is a revolution in vehicle care, combining ease of application with advanced elastomer technology. Our innovative elastomer-based formula ensures exceptionally easy application and a super-slick, hydrophobic finish. It can be applied to all surfaces, including paintwork (including matte), glass, plastics, and bare metal. It easily removes hard water marks and can be applied to slightly damp surfaces. AQUA QD is one of the most durable products of its kind on the market.<\/p>\n<p>Usage<\/p>\n<li>Spray the product onto a dry or damp surface.<\/li>\n<li>Wipe dry with a microfiber.<\/li>\n<p>Capacity 1 L<\/p>","protected":false},"excerpt":{"rendered":"<p>AQUA E-Quick Detailer to rewolucja w piel\u0119gnacji pojazd\u00f3w, \u0142\u0105cz\u0105ca \u0142atwo\u015b\u0107 aplikacji z zaawansowan\u0105 technologi\u0105 elastomerow\u0105. Nasza innowacyjna formu\u0142a, opracowana na bazie elastomeru, zapewnia bardzo \u0142atw\u0105 aplikacj\u0119, super \u015blisk\u0105 i hydrofobow\u0105 powierzchni\u0119. Mo\u017ce by\u0107 aplikowana na wszystkie powierzchnie, takie jak: lakier (tak\u017ce mat) szk\u0142o, tworzywa sztuczne, czy te\u017c go\u0142e metale. Z \u0142atwo\u015bci\u0105 usuwa \u015blady po twardej&hellip;&nbsp;<a href=\"https:\/\/liquidmaster.pl\/en\/aqua-e-quick-detailer-1l-quick-detailer-na-bazie-elastomerow\/\" rel=\"bookmark\">Read More \u00bb<span class=\"screen-reader-text\">AQUA E-Quick Detailer 1L \u2013 quick detailer based on elastomers<\/span><\/a><\/p>","protected":false},"featured_media":1849102,"comment_status":"open","ping_status":"open","template":"","meta":{"neve_meta_sidebar":"","neve_meta_container":"","neve_meta_enable_content_width":"","neve_meta_content_width":0,"neve_meta_title_alignment":"","neve_meta_author_avatar":"","neve_post_elements_order":"","neve_meta_disable_header":"","neve_meta_disable_footer":"","neve_meta_disable_title":"","_themeisle_gutenberg_block_has_review":false},"product_brand":[],"product_cat":[733,766,767],"product_tag":[598],"class_list":{"0":"post-1808549","1":"product","2":"type-product","3":"status-publish","4":"has-post-thumbnail","6":"product_cat-na-zewnatrz","7":"product_cat-ochrona-lakieru","8":"product_cat-quick-detailery","9":"product_tag-aqua-car-cosmetics","11":"first","12":"instock","13":"taxable","14":"shipping-taxable","15":"purchasable","16":"product-type-simple"},"_links":{"self":[{"href":"https:\/\/liquidmaster.pl\/en\/wp-json\/wp\/v2\/product\/1808549","targetHints":{"allow":["GET"]}}],"collection":[{"href":"https:\/\/liquidmaster.pl\/en\/wp-json\/wp\/v2\/product"}],"about":[{"href":"https:\/\/liquidmaster.pl\/en\/wp-json\/wp\/v2\/types\/product"}],"replies":[{"embeddable":true,"href":"https:\/\/liquidmaster.pl\/en\/wp-json\/wp\/v2\/comments?post=1808549"}],"wp:featuredmedia":[{"embeddable":true,"href":"https:\/\/liquidmaster.pl\/en\/wp-json\/wp\/v2\/media\/1849102"}],"wp:attachment":[{"href":"https:\/\/liquidmaster.pl\/en\/wp-json\/wp\/v2\/media?parent=1808549"}],"wp:term":[{"taxonomy":"product_brand","embeddable":true,"href":"https:\/\/liquidmaster.pl\/en\/wp-json\/wp\/v2\/product_brand?post=1808549"},{"taxonomy":"product_cat","embeddable":true,"href":"https:\/\/liquidmaster.pl\/en\/wp-json\/wp\/v2\/product_cat?post=1808549"},{"taxonomy":"product_tag","embeddable":true,"href":"https:\/\/liquidmaster.pl\/en\/wp-json\/wp\/v2\/product_tag?post=1808549"}],"curies":[{"name":"wp","href":"https:\/\/api.w.org\/{rel}","templated":true}]}}