{"id":1808545,"date":"2025-03-28T20:08:28","date_gmt":"2025-03-28T18:08:28","guid":{"rendered":"https:\/\/liquidmaster.pl\/gyeon-q2m-scents-silver-fresh-80ml-zapach-do-wnetrza\/"},"modified":"2026-04-18T04:43:30","modified_gmt":"2026-04-18T02:43:30","slug":"gyeon-q2m-scents-silver-fresh-80ml-zapach-do-wnetrza","status":"publish","type":"product","link":"https:\/\/liquidmaster.pl\/en\/gyeon-q2m-scents-silver-fresh-80ml-zapach-do-wnetrza\/","title":{"rendered":"GYEON Q2M Scents Silver Fresh 80ml \u2013 interior fragrance"},"content":{"rendered":"<p>We&#039;ve selected the most recognizable scents from our bestselling products and created home fragrances that you can use in two different ways.<\/p>\n<p>Silver Fresh &#8211; Od\u015bwie\u017caj\u0105cy i subtelny zapach do wn\u0119trza, przypomina Q\u00b2M Prep lub. Q\u00b2M Cure.<\/p>\n<p>What&#039;s included?<br \/>\nEach fragrance comes with three unique hangers. This allows everyone to choose their favorite GYEON design or use the fragrance in more than one car. The fragrances can also be applied simply by spraying on the floor mats.<\/p>\n<p>What makes them different?<br \/>\nOur fragrances are highly concentrated, ensuring a powerful and long-lasting effect in any car interior with minimal consumption. One spray on the floor mat or the included hanger lasts for over a week.<\/p>\n<p>Capacity 80ml + 3 pendants<\/p>","protected":false},"excerpt":{"rendered":"<p>Wybrali\u015bmy najbardziej rozpoznawalne zapachy z naszych bestsellerowych produkt\u00f3w i stworzyli\u015bmy zapachy do wn\u0119trz, kt\u00f3rych mo\u017cesz u\u017cywa\u0107 na dwa r\u00f3\u017cne sposoby. Silver Fresh &#8211; Od\u015bwie\u017caj\u0105cy i subtelny zapach do wn\u0119trza, przypomina Q\u00b2M Prep lub. Q\u00b2M Cure. Co jest w zestawie? Ka\u017cdy zapach sprzedawany jest w zestawie z 3 unikalnymi zawieszkami. To pozwala ka\u017cdemu wybra\u0107 ulubiony design&hellip;&nbsp;<a href=\"https:\/\/liquidmaster.pl\/en\/gyeon-q2m-scents-silver-fresh-80ml-zapach-do-wnetrza\/\" rel=\"bookmark\">Read More \u00bb<span class=\"screen-reader-text\">GYEON Q2M Scents Silver Fresh 80ml \u2013 interior fragrance<\/span><\/a><\/p>","protected":false},"featured_media":1849093,"comment_status":"open","ping_status":"open","template":"","meta":{"neve_meta_sidebar":"","neve_meta_container":"","neve_meta_enable_content_width":"","neve_meta_content_width":0,"neve_meta_title_alignment":"","neve_meta_author_avatar":"","neve_post_elements_order":"","neve_meta_disable_header":"","neve_meta_disable_footer":"","neve_meta_disable_title":"","_themeisle_gutenberg_block_has_review":false},"product_brand":[],"product_cat":[888,801,768],"product_tag":[302],"class_list":{"0":"post-1808545","1":"product","2":"type-product","3":"status-publish","4":"has-post-thumbnail","6":"product_cat-dyfuzory-i-zawieszki","7":"product_cat-odswiezacze-powietrza","8":"product_cat-wnetrze-auta","9":"product_tag-gyeon","11":"first","12":"instock","13":"taxable","14":"shipping-taxable","15":"purchasable","16":"product-type-simple"},"_links":{"self":[{"href":"https:\/\/liquidmaster.pl\/en\/wp-json\/wp\/v2\/product\/1808545","targetHints":{"allow":["GET"]}}],"collection":[{"href":"https:\/\/liquidmaster.pl\/en\/wp-json\/wp\/v2\/product"}],"about":[{"href":"https:\/\/liquidmaster.pl\/en\/wp-json\/wp\/v2\/types\/product"}],"replies":[{"embeddable":true,"href":"https:\/\/liquidmaster.pl\/en\/wp-json\/wp\/v2\/comments?post=1808545"}],"wp:featuredmedia":[{"embeddable":true,"href":"https:\/\/liquidmaster.pl\/en\/wp-json\/wp\/v2\/media\/1849093"}],"wp:attachment":[{"href":"https:\/\/liquidmaster.pl\/en\/wp-json\/wp\/v2\/media?parent=1808545"}],"wp:term":[{"taxonomy":"product_brand","embeddable":true,"href":"https:\/\/liquidmaster.pl\/en\/wp-json\/wp\/v2\/product_brand?post=1808545"},{"taxonomy":"product_cat","embeddable":true,"href":"https:\/\/liquidmaster.pl\/en\/wp-json\/wp\/v2\/product_cat?post=1808545"},{"taxonomy":"product_tag","embeddable":true,"href":"https:\/\/liquidmaster.pl\/en\/wp-json\/wp\/v2\/product_tag?post=1808545"}],"curies":[{"name":"wp","href":"https:\/\/api.w.org\/{rel}","templated":true}]}}