{"id":1808171,"date":"2025-03-28T19:26:22","date_gmt":"2025-03-28T17:26:22","guid":{"rendered":"https:\/\/liquidmaster.pl\/carbins-c3-rg-15c-pet-gloss-sunflower-yellow-1mb-folia-do-zmiany-koloru-samochodu\/"},"modified":"2026-04-18T04:29:55","modified_gmt":"2026-04-18T02:29:55","slug":"carbins-c3-rg-15c-pet-gloss-sunflower-yellow-1mb-folia-do-zmiany-koloru-samochodu","status":"publish","type":"product","link":"https:\/\/liquidmaster.pl\/en\/carbins-c3-rg15c-pet-gloss-sunflower-yellow-1mb-folia-do-zmiany-koloru-samochodu\/","title":{"rendered":"Carbins C3 RG\/15C PET Gloss Sunflower Yellow 1MB - foil for changing the color of the car"},"content":{"rendered":"<p>Carbins PET Gloss Sunflower Yellow<br \/>\nWidth: 152 cm<br \/>\nLength: 1 m<\/p>\n<p>Carbins is a manufacturer of vinyl films. They have been producing films since 2008, and continuous development has made them one of the largest in this industry. Hundreds of colors and over a thousand dealers in the world distinguish this brand, which you can now also buy in Poland.<\/p>\n<p>Over 300 colors and patterns on offer. Have you bought a car in a color you don&#039;t like? Do you want to protect the varnish against aging? Maybe you just need to change something in your car?<\/p>\n<p>Film with high tensile strength during application, making it easy to install. Can be used on all clean, dry and smooth surfaces.<\/p>\n<p>Low tack adhesive, not tacky to the touch, but very strong when heated. Removable, environmentally friendly, does not damage the original car paint.<\/p>\n<\/p><\/p>","protected":false},"excerpt":{"rendered":"<p>Carbins PET Gloss Sunflower Yellow Szeroko\u015b\u0107: 152 cm D\u0142ugo\u015b\u0107: 1 mb Carbins jest producentem folii winylowych. Folie produkuj\u0105 od 2008 roku, a ci\u0105g\u0142y rozw\u00f3j sprawi\u0142, \u017ce s\u0105 jednym z najwi\u0119kszych w tej bran\u017cy. Setki kolor\u00f3w i ponad tysi\u0105c dealer\u00f3w na \u015bwiecie wyr\u00f3\u017cniaj\u0105 t\u0119 mark\u0119, kt\u00f3r\u0105 teraz mo\u017cecie kupi\u0107 r\u00f3wnie\u017c w Polsce. Ponad 300 kolor\u00f3w i&hellip;&nbsp;<a href=\"https:\/\/liquidmaster.pl\/en\/carbins-c3-rg15c-pet-gloss-sunflower-yellow-1mb-folia-do-zmiany-koloru-samochodu\/\" rel=\"bookmark\">Read More \u00bb<span class=\"screen-reader-text\">Carbins C3 RG\/15C PET Gloss Sunflower Yellow 1MB - foil for changing the color of the car<\/span><\/a><\/p>","protected":false},"featured_media":1850262,"comment_status":"open","ping_status":"open","template":"","meta":{"neve_meta_sidebar":"","neve_meta_container":"","neve_meta_enable_content_width":"","neve_meta_content_width":0,"neve_meta_title_alignment":"","neve_meta_author_avatar":"","neve_post_elements_order":"","neve_meta_disable_header":"","neve_meta_disable_footer":"","neve_meta_disable_title":"","_themeisle_gutenberg_block_has_review":false},"product_brand":[],"product_cat":[913,880,879],"product_tag":[274],"class_list":{"0":"post-1808171","1":"product","2":"type-product","3":"status-publish","4":"has-post-thumbnail","6":"product_cat-do-zmiany-koloru","7":"product_cat-folie-samochodowe","8":"product_cat-oklejanie","9":"product_tag-carbins-folie","10":"pa_promocja-promocje","12":"first","13":"instock","14":"sale","15":"taxable","16":"shipping-taxable","17":"purchasable","18":"product-type-simple"},"_links":{"self":[{"href":"https:\/\/liquidmaster.pl\/en\/wp-json\/wp\/v2\/product\/1808171","targetHints":{"allow":["GET"]}}],"collection":[{"href":"https:\/\/liquidmaster.pl\/en\/wp-json\/wp\/v2\/product"}],"about":[{"href":"https:\/\/liquidmaster.pl\/en\/wp-json\/wp\/v2\/types\/product"}],"replies":[{"embeddable":true,"href":"https:\/\/liquidmaster.pl\/en\/wp-json\/wp\/v2\/comments?post=1808171"}],"wp:featuredmedia":[{"embeddable":true,"href":"https:\/\/liquidmaster.pl\/en\/wp-json\/wp\/v2\/media\/1850262"}],"wp:attachment":[{"href":"https:\/\/liquidmaster.pl\/en\/wp-json\/wp\/v2\/media?parent=1808171"}],"wp:term":[{"taxonomy":"product_brand","embeddable":true,"href":"https:\/\/liquidmaster.pl\/en\/wp-json\/wp\/v2\/product_brand?post=1808171"},{"taxonomy":"product_cat","embeddable":true,"href":"https:\/\/liquidmaster.pl\/en\/wp-json\/wp\/v2\/product_cat?post=1808171"},{"taxonomy":"product_tag","embeddable":true,"href":"https:\/\/liquidmaster.pl\/en\/wp-json\/wp\/v2\/product_tag?post=1808171"}],"curies":[{"name":"wp","href":"https:\/\/api.w.org\/{rel}","templated":true}]}}