{"id":1808059,"date":"2025-03-28T19:18:04","date_gmt":"2025-03-28T17:18:04","guid":{"rendered":"https:\/\/liquidmaster.pl\/kecav-revibalm-100ml-balsam-odzywka-do-skor\/"},"modified":"2026-04-19T03:16:37","modified_gmt":"2026-04-19T01:16:37","slug":"kecav-revibalm-100ml-balsam-odzywka-do-skor","status":"publish","type":"product","link":"https:\/\/liquidmaster.pl\/en\/kecav-revibalm-100ml-balsam-odzywka-do-skor\/","title":{"rendered":"Kecav Revivalm 100ml \u2013 leather conditioner balm"},"content":{"rendered":"<p>Kecav REVIBALM 100ml &#8211; leather balm &#038; conditioner<\/p>\n<p>REVIBALM is a delicate cream intended to nourish older, dry and cracked smooth leather.<\/p>\n<p>Its formula has been enriched with the elixir of youth, i.e. vitamin E, collagen and elastin. By using REVIBALM, we restore the softness and elasticity of damaged skin. The skin also gains protection against UV radiation.<\/p>\n<p>Do not use on rough leathers: suede, nubuck, etc.<\/p>\n<p>Usage:<\/p>\n<ul>\n<li>Apply a small amount of balm to a cloth or sponge and gently rub the conditioner into the previously cleansed leather surface.<\/li>\n<li>Leave to absorb. The absorption time depends on many factors and may take up to several hours.<\/li>\n<li>This treatment can be repeated until the product is no longer absorbed.<\/li>\n<li>After completing the treatment, wipe with a dry microfiber to collect the unabsorbed residue of the conditioner.<\/li>\n<li>Store at a temperature of 10-35 degrees Celsius.<\/li>\n<\/ul>","protected":false},"excerpt":{"rendered":"<p>Kecav REVIBALM 100ml &#8211; leather balm &#038; conditioner REVIBALM jest delikatnym \u015brodkiem w postaci kremu, przeznaczonym do od\u017cywienia starszych, wyschni\u0119tych i sp\u0119kanych sk\u00f3r g\u0142adkich. Jego formu\u0142a wzbogacona zosta\u0142a o eliksir m\u0142odo\u015bci, czyli witamin\u0119 E oraz kolagen i elastyn\u0119. Stosuj\u0105c REVIBALM, przywracamy zniszczonej sk\u00f3rze jej mi\u0119kko\u015b\u0107 i elastyczno\u015b\u0107. Sk\u00f3ra zyskuje r\u00f3wnie\u017c ochron\u0119 przed promieniowaniem UV. Nie&hellip;&nbsp;<a href=\"https:\/\/liquidmaster.pl\/en\/kecav-revibalm-100ml-balsam-odzywka-do-skor\/\" rel=\"bookmark\">Read More \u00bb<span class=\"screen-reader-text\">Kecav Revivalm 100ml \u2013 leather conditioner balm<\/span><\/a><\/p>","protected":false},"featured_media":1850154,"comment_status":"open","ping_status":"open","template":"","meta":{"neve_meta_sidebar":"","neve_meta_container":"","neve_meta_enable_content_width":"","neve_meta_content_width":0,"neve_meta_title_alignment":"","neve_meta_author_avatar":"","neve_post_elements_order":"","neve_meta_disable_header":"","neve_meta_disable_footer":"","neve_meta_disable_title":"","_themeisle_gutenberg_block_has_review":false},"product_brand":[],"product_cat":[854,816,768],"product_tag":[312],"class_list":{"0":"post-1808059","1":"product","2":"type-product","3":"status-publish","4":"has-post-thumbnail","6":"product_cat-mleczka-i-balsamy-do-skor","7":"product_cat-tapicerka-skorzana","8":"product_cat-wnetrze-auta","9":"product_tag-kecav","11":"first","12":"instock","13":"taxable","14":"shipping-taxable","15":"purchasable","16":"product-type-simple"},"_links":{"self":[{"href":"https:\/\/liquidmaster.pl\/en\/wp-json\/wp\/v2\/product\/1808059","targetHints":{"allow":["GET"]}}],"collection":[{"href":"https:\/\/liquidmaster.pl\/en\/wp-json\/wp\/v2\/product"}],"about":[{"href":"https:\/\/liquidmaster.pl\/en\/wp-json\/wp\/v2\/types\/product"}],"replies":[{"embeddable":true,"href":"https:\/\/liquidmaster.pl\/en\/wp-json\/wp\/v2\/comments?post=1808059"}],"wp:featuredmedia":[{"embeddable":true,"href":"https:\/\/liquidmaster.pl\/en\/wp-json\/wp\/v2\/media\/1850154"}],"wp:attachment":[{"href":"https:\/\/liquidmaster.pl\/en\/wp-json\/wp\/v2\/media?parent=1808059"}],"wp:term":[{"taxonomy":"product_brand","embeddable":true,"href":"https:\/\/liquidmaster.pl\/en\/wp-json\/wp\/v2\/product_brand?post=1808059"},{"taxonomy":"product_cat","embeddable":true,"href":"https:\/\/liquidmaster.pl\/en\/wp-json\/wp\/v2\/product_cat?post=1808059"},{"taxonomy":"product_tag","embeddable":true,"href":"https:\/\/liquidmaster.pl\/en\/wp-json\/wp\/v2\/product_tag?post=1808059"}],"curies":[{"name":"wp","href":"https:\/\/api.w.org\/{rel}","templated":true}]}}