{"id":1807981,"date":"2025-03-28T19:12:04","date_gmt":"2025-03-28T17:12:04","guid":{"rendered":"https:\/\/liquidmaster.pl\/deturner-detailing-set-zestaw-kosmetykow-samochodowych\/"},"modified":"2026-04-18T04:29:42","modified_gmt":"2026-04-18T02:29:42","slug":"deturner-detailing-set-zestaw-kosmetykow-samochodowych","status":"publish","type":"product","link":"https:\/\/liquidmaster.pl\/en\/deturner-detailing-set-zestaw-kosmetykow-samochodowych\/","title":{"rendered":"Deturner Detailing Set - a set of car cosmetics"},"content":{"rendered":"<p>Deturner Detailing Set \u2013 a set of cosmetics for basic car care, which contains 6 products with a capacity of 250 ml. Perfect for every detailing fan, beginner or person looking for ready-made solutions. It will also work as a gift idea for any occasion. The products were packed in individual packaging created from the Deturner brand design.<\/p>\n<p>Set contains:<\/p>\n<ul>\n<li>Ceramic Detailer 250 ml<\/li>\n<li>Wet Coat 250 ml<\/li>\n<li>Ready Interior Cleaner 250 ml<\/li>\n<li>Interior Dressing 250 ml<\/li>\n<li>Creamy Tire Dressing 250 ml<\/li>\n<li>Hydro Glass Cleaner 250 ml<\/li>\n<\/ul>","protected":false},"excerpt":{"rendered":"<p>Deturner Detailing Set \u2013 to zestaw kosmetyk\u00f3w do podstawowej piel\u0119gnacji samochodu, kt\u00f3ry zawiera 6 produkt\u00f3w o pojemno\u015bci 250 ml. Idealny dla ka\u017cdego fana detailingu, osoby pocz\u0105tkuj\u0105cej lub szukaj\u0105cej gotowych rozwi\u0105za\u0144. Sprawdzi si\u0119 r\u00f3wnie\u017c jako pomys\u0142 na prezent, na ka\u017cd\u0105 okazj\u0119. Produkty zosta\u0142y spakowane w indywidualne opakowanie stworzone z projektu marki Deturner. Zestaw zawiera: Ceramic Detailer&hellip;&nbsp;<a href=\"https:\/\/liquidmaster.pl\/en\/deturner-detailing-set-zestaw-kosmetykow-samochodowych\/\" rel=\"bookmark\">Read More \u00bb<span class=\"screen-reader-text\">Deturner Detailing Set - a set of car cosmetics<\/span><\/a><\/p>","protected":false},"featured_media":1850072,"comment_status":"open","ping_status":"open","template":"","meta":{"neve_meta_sidebar":"","neve_meta_container":"","neve_meta_enable_content_width":"","neve_meta_content_width":0,"neve_meta_title_alignment":"","neve_meta_author_avatar":"","neve_post_elements_order":"","neve_meta_disable_header":"","neve_meta_disable_footer":"","neve_meta_disable_title":"","_themeisle_gutenberg_block_has_review":false},"product_brand":[],"product_cat":[733,816,768,829],"product_tag":[287],"class_list":{"0":"post-1807981","1":"product","2":"type-product","3":"status-publish","4":"has-post-thumbnail","6":"product_cat-na-zewnatrz","7":"product_cat-tapicerka-skorzana","8":"product_cat-wnetrze-auta","9":"product_cat-zestawy","10":"product_tag-deturner","12":"first","13":"instock","14":"taxable","15":"shipping-taxable","16":"purchasable","17":"product-type-simple"},"_links":{"self":[{"href":"https:\/\/liquidmaster.pl\/en\/wp-json\/wp\/v2\/product\/1807981","targetHints":{"allow":["GET"]}}],"collection":[{"href":"https:\/\/liquidmaster.pl\/en\/wp-json\/wp\/v2\/product"}],"about":[{"href":"https:\/\/liquidmaster.pl\/en\/wp-json\/wp\/v2\/types\/product"}],"replies":[{"embeddable":true,"href":"https:\/\/liquidmaster.pl\/en\/wp-json\/wp\/v2\/comments?post=1807981"}],"wp:featuredmedia":[{"embeddable":true,"href":"https:\/\/liquidmaster.pl\/en\/wp-json\/wp\/v2\/media\/1850072"}],"wp:attachment":[{"href":"https:\/\/liquidmaster.pl\/en\/wp-json\/wp\/v2\/media?parent=1807981"}],"wp:term":[{"taxonomy":"product_brand","embeddable":true,"href":"https:\/\/liquidmaster.pl\/en\/wp-json\/wp\/v2\/product_brand?post=1807981"},{"taxonomy":"product_cat","embeddable":true,"href":"https:\/\/liquidmaster.pl\/en\/wp-json\/wp\/v2\/product_cat?post=1807981"},{"taxonomy":"product_tag","embeddable":true,"href":"https:\/\/liquidmaster.pl\/en\/wp-json\/wp\/v2\/product_tag?post=1807981"}],"curies":[{"name":"wp","href":"https:\/\/api.w.org\/{rel}","templated":true}]}}