{"id":1807971,"date":"2025-03-28T19:10:42","date_gmt":"2025-03-28T17:10:42","guid":{"rendered":"https:\/\/liquidmaster.pl\/collinite-415-color-up-prewax-auto-cleaner-473ml\/"},"modified":"2026-04-19T03:16:30","modified_gmt":"2026-04-19T01:16:30","slug":"collinite-415-color-up-prewax-auto-cleaner-473ml","status":"publish","type":"product","link":"https:\/\/liquidmaster.pl\/en\/collinite-415-color-up-prewax-auto-cleaner-473ml\/","title":{"rendered":"Collinite 415 Color Up Prewax Auto Cleaner 473ml"},"content":{"rendered":"<p>Color Up Prewax is a cleaner that can be used to clean both clear varnish and acrylic varnishes, as well as surfaces such as painted or unvarnished metal and fiberglass. Refreshes the paint, restoring clarity and increases shine, and at the same time prepares the surface for the application of a layer of wax and strengthens its bond.<\/p>\n<p>Completely safe to use on clearcoat. Not recommended for use on glass, rubber surfaces and matte or textured plastic.<\/p>\n<p>Designed for both manual and machine application.<\/p>\n<p>Usage:<\/p>\n<p>Shake the bottle before use. Apply clean and cool varnish.\u00a0<\/p>\n<p>1. Manual application: Apply a small amount of the product to the microfiber applicator and spread on an area of approx. 30 x 30 cm. Polish by hand until the product begins to dry. Immediately buff off any residue with a microfiber towel.<\/p>\n<p>2. Application with an orbital polisher: apply approximately 4-5 drops of the product to a polishing sponge of appropriate hardness. Work in sections of approximately 30 x 30 cm. Polish at medium speed until the product begins to dry slightly. Polish the residues with a microfiber towel. Do not wait for the product to dry on the varnish.<\/p>\n<p>To obtain additional shine and lasting protection, wax the cleaned surface with one of Collinite waxes (No. 845, 476 or 915)<\/p>\n<p>Capacity: 473 ml<\/p>","protected":false},"excerpt":{"rendered":"<p>Color Up Prewax jest cleanerem, kt\u00f3ry mo\u017ce by\u0107 stosowany zar\u00f3wno do oczyszczania lakieru bezbarwnego jak i lakier\u00f3w akrylowych, a tak\u017ce powierzchni takich jak lakierowany lub nielakierowany metal oraz w\u0142\u00f3kno szklane. Od\u015bwie\u017ca lakier przywracaj\u0105c klarowno\u015b\u0107 a tak\u017ce wzmaga po\u0142ysk, a zarazem przygotowuje powierzchni\u0119 do aplikacji warstwy wosku i wzmacnia jego wi\u0105zanie. W pe\u0142ni bezpieczny do u\u017cycia&hellip;&nbsp;<a href=\"https:\/\/liquidmaster.pl\/en\/collinite-415-color-up-prewax-auto-cleaner-473ml\/\" rel=\"bookmark\">Read More \u00bb<span class=\"screen-reader-text\">Collinite 415 Color Up Prewax Auto Cleaner 473ml<\/span><\/a><\/p>","protected":false},"featured_media":1850058,"comment_status":"open","ping_status":"open","template":"","meta":{"neve_meta_sidebar":"","neve_meta_container":"","neve_meta_enable_content_width":"","neve_meta_content_width":0,"neve_meta_title_alignment":"","neve_meta_author_avatar":"","neve_post_elements_order":"","neve_meta_disable_header":"","neve_meta_disable_footer":"","neve_meta_disable_title":"","_themeisle_gutenberg_block_has_review":false},"product_brand":[],"product_cat":[820,733,808],"product_tag":[282],"class_list":{"0":"post-1807971","1":"product","2":"type-product","3":"status-publish","4":"has-post-thumbnail","6":"product_cat-cleanery-pre-wax","7":"product_cat-na-zewnatrz","8":"product_cat-przygotowanie-lakieru","9":"product_tag-collinite","11":"first","12":"instock","13":"taxable","14":"shipping-taxable","15":"purchasable","16":"product-type-simple"},"_links":{"self":[{"href":"https:\/\/liquidmaster.pl\/en\/wp-json\/wp\/v2\/product\/1807971","targetHints":{"allow":["GET"]}}],"collection":[{"href":"https:\/\/liquidmaster.pl\/en\/wp-json\/wp\/v2\/product"}],"about":[{"href":"https:\/\/liquidmaster.pl\/en\/wp-json\/wp\/v2\/types\/product"}],"replies":[{"embeddable":true,"href":"https:\/\/liquidmaster.pl\/en\/wp-json\/wp\/v2\/comments?post=1807971"}],"wp:featuredmedia":[{"embeddable":true,"href":"https:\/\/liquidmaster.pl\/en\/wp-json\/wp\/v2\/media\/1850058"}],"wp:attachment":[{"href":"https:\/\/liquidmaster.pl\/en\/wp-json\/wp\/v2\/media?parent=1807971"}],"wp:term":[{"taxonomy":"product_brand","embeddable":true,"href":"https:\/\/liquidmaster.pl\/en\/wp-json\/wp\/v2\/product_brand?post=1807971"},{"taxonomy":"product_cat","embeddable":true,"href":"https:\/\/liquidmaster.pl\/en\/wp-json\/wp\/v2\/product_cat?post=1807971"},{"taxonomy":"product_tag","embeddable":true,"href":"https:\/\/liquidmaster.pl\/en\/wp-json\/wp\/v2\/product_tag?post=1807971"}],"curies":[{"name":"wp","href":"https:\/\/api.w.org\/{rel}","templated":true}]}}