{"id":1807963,"date":"2025-03-28T19:10:24","date_gmt":"2025-03-28T17:10:24","guid":{"rendered":"https:\/\/liquidmaster.pl\/rupes-hlr-75-mini-ibrid-beta-systainer-polerka-samochodowa-zestaw\/"},"modified":"2026-04-18T04:29:40","modified_gmt":"2026-04-18T02:29:40","slug":"rupes-hlr-75-mini-ibrid-beta-systainer-polerka-samochodowa-zestaw","status":"publish","type":"product","link":"https:\/\/liquidmaster.pl\/en\/rupes-hlr-75-mini-ibrid-beta-systainer-polerka-samochodowa-zestaw\/","title":{"rendered":"Rupes HLR 75 Mini iBrid Beta Systainer - car polisher set"},"content":{"rendered":"<p>RUPES HLR75 BETA<\/p>\n<p>The new BigFoot Mini iBrid HLR75 polisher with a stroke of 12 mm is another machine from the iBrid series that allows you to work on a battery or a mains adapter. The 12 mm oscillation stroke and 75 mm diameter work disc are ideal for polishing hard-to-reach areas and spot repairs. Modern design combined with high quality workmanship guarantees maximum comfort during work. Powerful 18 V lithium-ion batteries with LED indicators showing the charge level allow for continuous operation for up to 45 minutes. A full battery charging cycle takes approximately 35 minutes.<\/p>\n<p>Characteristics:<\/p>\n<ul>\n<li>iBrid technology enabling operation on batteries or power supply<\/li>\n<li>ergonomic design<\/li>\n<li>convenient speed regulation<\/li>\n<li>soft start<\/li>\n<li>up to 45 minutes of operation on one battery<\/li>\n<li>modern design<\/li>\n<\/ul>\n<p>Application:<\/p>\n<ul>\n<li>polishing hard-to-reach places<\/li>\n<li>local repairs<\/li>\n<\/ul>\n<p>The STB set includes:<\/p>\n<ul>\n<li>RUPES 9.HLR75 Dual-Action Polisher<\/li>\n<li>DA Coarse paste 250 ml<\/li>\n<li>DA Fine toothpaste 250ml<\/li>\n<li>DA Coarse 9.BW100H polishing wool<\/li>\n<li>DA Fine 9.BW100M polishing wool<\/li>\n<li>DA Coarse 9.DA100H polishing sponge<\/li>\n<li>DA Fine 9.DA100M polishing sponge<\/li>\n<li>DA microfiber blue<\/li>\n<li>Yellow DA microfiber<\/li>\n<li>18V 2.5 Ah battery \u2013 2 pcs.<\/li>\n<li>iBrid charger<\/li>\n<li>Systainer RUPES T-LOC<\/li>\n<\/ul>","protected":false},"excerpt":{"rendered":"<p>RUPES HLR75 BETA Nowa polerka BigFoot Mini iBrid HLR75 o skoku 12 mm to kolejna maszyna z serii iBrid, kt\u00f3ra pozwala na prac\u0119 na akumulatorze lub na zasilaczu sieciowym. Oscylacja o skoku 12 mm i tarcza robocza o \u015brednicy 75 mm idealnie sprawdzaj\u0105 si\u0119 przy polerowaniu trudno dost\u0119pnych miejsc i napraw punktowych. Nowoczesny design po\u0142\u0105czony&hellip;&nbsp;<a href=\"https:\/\/liquidmaster.pl\/en\/rupes-hlr-75-mini-ibrid-beta-systainer-polerka-samochodowa-zestaw\/\" rel=\"bookmark\">Read More \u00bb<span class=\"screen-reader-text\">Rupes HLR 75 Mini iBrid Beta Systainer - car polisher set<\/span><\/a><\/p>","protected":false},"featured_media":1850048,"comment_status":"open","ping_status":"open","template":"","meta":{"neve_meta_sidebar":"","neve_meta_container":"","neve_meta_enable_content_width":"","neve_meta_content_width":0,"neve_meta_title_alignment":"","neve_meta_author_avatar":"","neve_post_elements_order":"","neve_meta_disable_header":"","neve_meta_disable_footer":"","neve_meta_disable_title":"","_themeisle_gutenberg_block_has_review":false},"product_brand":[],"product_cat":[807,806,748],"product_tag":[354],"class_list":{"0":"post-1807963","1":"product","2":"type-product","3":"status-publish","4":"has-post-thumbnail","6":"product_cat-maszyny-dual-action","7":"product_cat-maszyny-polerskie","8":"product_cat-polerowanie","9":"product_tag-rupes","11":"first","12":"outofstock","13":"taxable","14":"shipping-taxable","15":"purchasable","16":"product-type-simple"},"_links":{"self":[{"href":"https:\/\/liquidmaster.pl\/en\/wp-json\/wp\/v2\/product\/1807963","targetHints":{"allow":["GET"]}}],"collection":[{"href":"https:\/\/liquidmaster.pl\/en\/wp-json\/wp\/v2\/product"}],"about":[{"href":"https:\/\/liquidmaster.pl\/en\/wp-json\/wp\/v2\/types\/product"}],"replies":[{"embeddable":true,"href":"https:\/\/liquidmaster.pl\/en\/wp-json\/wp\/v2\/comments?post=1807963"}],"wp:featuredmedia":[{"embeddable":true,"href":"https:\/\/liquidmaster.pl\/en\/wp-json\/wp\/v2\/media\/1850048"}],"wp:attachment":[{"href":"https:\/\/liquidmaster.pl\/en\/wp-json\/wp\/v2\/media?parent=1807963"}],"wp:term":[{"taxonomy":"product_brand","embeddable":true,"href":"https:\/\/liquidmaster.pl\/en\/wp-json\/wp\/v2\/product_brand?post=1807963"},{"taxonomy":"product_cat","embeddable":true,"href":"https:\/\/liquidmaster.pl\/en\/wp-json\/wp\/v2\/product_cat?post=1807963"},{"taxonomy":"product_tag","embeddable":true,"href":"https:\/\/liquidmaster.pl\/en\/wp-json\/wp\/v2\/product_tag?post=1807963"}],"curies":[{"name":"wp","href":"https:\/\/api.w.org\/{rel}","templated":true}]}}