{"id":1807825,"date":"2025-03-28T18:54:54","date_gmt":"2025-03-28T16:54:54","guid":{"rendered":"https:\/\/liquidmaster.pl\/tenzi-prodetailing-sls-700ml-produkt-regenerujacy-powloki-ceramiczne-kwarcowe\/"},"modified":"2026-04-21T08:08:56","modified_gmt":"2026-04-21T06:08:56","slug":"tenzi-prodetailing-sls-700ml-produkt-regenerujacy-powloki-ceramiczne-kwarcowe","status":"publish","type":"product","link":"https:\/\/liquidmaster.pl\/en\/tenzi-prodetailing-sls-700ml-produkt-regenerujacy-powloki-ceramiczne-kwarcowe\/","title":{"rendered":"Tenzi ProDetailing SLS 700ml - a product that regenerates quartz ceramic coatings"},"content":{"rendered":"<p>Tenzi ProDetailing SLS \u2013 an innovative agent for protecting paint covered with a ceramic-quartz coating, based on advanced silicon-ceramic technology. The SLS product contains high-quality components that provide a super-slip effect, durable protection and a high degree of hydrophobicity. It extends the service life of ceramic-quartz coatings many times. It has a positive impact on their quality and appearance.<\/p>\n<p>Usage:<\/p>\n<p>\u00a0<\/p>\n<li>The average ambient temperature should not be less than 20\u00b0C.<\/li>\n<li>Apply the preparation to the hardened ceramic-quartz coating using an applicator or a cosmetic pad.<\/li>\n<li>Spread thoroughly over the bodywork (we work in sections).<\/li>\n<li>Don&#039;t wait! Polish it gently with a soft cloth, preferably microfiber.<\/li>\n<li>Self-curing time min. 4 hours.<\/li>\n<li>Attention! The operation must not be performed in direct sunlight or on a heated surface.<\/li>\n<p>\u00a0<\/p>\n<p>Capacity: 700 ml<\/p>","protected":false},"excerpt":{"rendered":"<p>Tenzi ProDetailing SLS \u2013 innowacyjny \u015brodek do zabezpieczania lakieru pokrytego pow\u0142ok\u0105 ceramiczno-kwarcow\u0105, oparty na zaawansowanej technologii krzemowo-ceramicznej. Produkt SLS posiada w swoim sk\u0142adzie wysokiej jako\u015bci komponenty, kt\u00f3re nadaj\u0105 efekt super po\u015blizgu, trwa\u0142ego zabezpieczenia oraz wysoki stopie\u0144 hydrofobowo\u015bci. Wielokrotnie przed\u0142u\u017ca czas eksploatacji pow\u0142ok ceramiczno-kwarcowych. W spos\u00f3b pozytywny wp\u0142ywa na ich jako\u015b\u0107 i wygl\u0105d zewn\u0119trzny. Spos\u00f3b u\u017cycia:&hellip;&nbsp;<a href=\"https:\/\/liquidmaster.pl\/en\/tenzi-prodetailing-sls-700ml-produkt-regenerujacy-powloki-ceramiczne-kwarcowe\/\" rel=\"bookmark\">Read More \u00bb<span class=\"screen-reader-text\">Tenzi ProDetailing SLS 700ml - a product that regenerates quartz ceramic coatings<\/span><\/a><\/p>","protected":false},"featured_media":1849457,"comment_status":"open","ping_status":"open","template":"","meta":{"neve_meta_sidebar":"","neve_meta_container":"","neve_meta_enable_content_width":"","neve_meta_content_width":0,"neve_meta_title_alignment":"","neve_meta_author_avatar":"","neve_post_elements_order":"","neve_meta_disable_header":"","neve_meta_disable_footer":"","neve_meta_disable_title":"","_themeisle_gutenberg_block_has_review":false},"product_brand":[],"product_cat":[733,766,767],"product_tag":[368],"class_list":{"0":"post-1807825","1":"product","2":"type-product","3":"status-publish","4":"has-post-thumbnail","6":"product_cat-na-zewnatrz","7":"product_cat-ochrona-lakieru","8":"product_cat-quick-detailery","9":"product_tag-tenzi","11":"first","12":"instock","13":"taxable","14":"shipping-taxable","15":"purchasable","16":"product-type-simple"},"_links":{"self":[{"href":"https:\/\/liquidmaster.pl\/en\/wp-json\/wp\/v2\/product\/1807825","targetHints":{"allow":["GET"]}}],"collection":[{"href":"https:\/\/liquidmaster.pl\/en\/wp-json\/wp\/v2\/product"}],"about":[{"href":"https:\/\/liquidmaster.pl\/en\/wp-json\/wp\/v2\/types\/product"}],"replies":[{"embeddable":true,"href":"https:\/\/liquidmaster.pl\/en\/wp-json\/wp\/v2\/comments?post=1807825"}],"wp:featuredmedia":[{"embeddable":true,"href":"https:\/\/liquidmaster.pl\/en\/wp-json\/wp\/v2\/media\/1849457"}],"wp:attachment":[{"href":"https:\/\/liquidmaster.pl\/en\/wp-json\/wp\/v2\/media?parent=1807825"}],"wp:term":[{"taxonomy":"product_brand","embeddable":true,"href":"https:\/\/liquidmaster.pl\/en\/wp-json\/wp\/v2\/product_brand?post=1807825"},{"taxonomy":"product_cat","embeddable":true,"href":"https:\/\/liquidmaster.pl\/en\/wp-json\/wp\/v2\/product_cat?post=1807825"},{"taxonomy":"product_tag","embeddable":true,"href":"https:\/\/liquidmaster.pl\/en\/wp-json\/wp\/v2\/product_tag?post=1807825"}],"curies":[{"name":"wp","href":"https:\/\/api.w.org\/{rel}","templated":true}]}}