{"id":1807823,"date":"2025-03-28T18:54:37","date_gmt":"2025-03-28T16:54:37","guid":{"rendered":"https:\/\/liquidmaster.pl\/tenzi-prodetailing-r1-rim-50ml-powloka-ceramiczna-na-felgi\/"},"modified":"2026-04-20T08:08:06","modified_gmt":"2026-04-20T06:08:06","slug":"tenzi-prodetailing-r1-rim-50ml-powloka-ceramiczna-na-felgi","status":"publish","type":"product","link":"https:\/\/liquidmaster.pl\/en\/tenzi-prodetailing-r1-rim-50ml-powloka-ceramiczna-na-felgi\/","title":{"rendered":"Tenzi ProDetailing R1 Rim 50ml - ceramic coating for rims"},"content":{"rendered":"<p>Tenzi ProDetailing R1 Rim \u2013 super-hard quartz coating for car rims. High temperature resistance.<\/p>\n<p>R1 is a unique quartz protection designed exclusively for rims. Its formula provides smoothing and hydrophobic protection. Provides long-lasting and durable protection against brake pad dust, moisture, corrosion, dirt, salt and weather conditions. Moreover, by creating an additional protective layer, it ensures durability and resistance to stone impacts and light scratches.<\/p>\n<p>Application:<\/p>\n<ul>\n<li>\u00a0Car Rims<\/li>\n<\/ul>\n<p>Usage:<\/p>\n<li>Mix the preparation vigorously before each use<\/li>\n<li>perform operations at temperatures above 20 C, preferably indoors<\/li>\n<li>Apply the preparation to a clean, degreased surface of the rim using an applicator or a cosmetic pad<\/li>\n<li>leave for 30-60 seconds (cross-linking time) - we work in sections<\/li>\n<li>remove excess product and lightly polish with a microfiber to obtain a mirror effect<\/li>\n<li>repeat the steps 3 times at intervals of approx. 3 hours (3 layers recommended)<\/li>\n<li>self-hardening time is min. 8 hours<\/li>\n<li>Attention! the operation must not be performed in direct sunlight or on a heated surface<\/li>\n<li>R1 50 ml is enough to protect 4 pcs of rims (3 layers)<\/li>\n<p>Set includes:<\/p>\n<ul>\n<li>1 pc. 50 ml bottle of Tenzi R1<\/li>\n<li>1 pc. Precision applicator 8 cm x 4 cm x 3 cm<\/li>\n<li>1 pc. Soft cloth 10\u00d710 cm<\/li>\n<li>1 pc. Microfiber 190 g 38\u00d738 cm<\/li>\n<\/ul>","protected":false},"excerpt":{"rendered":"<p>Tenzi ProDetailing R1 Rim \u2013 supertwarda pow\u0142oka kwarcowa do felg samochodowych. Wysoka odporno\u015b\u0107 na temperatur\u0119. R1 to unikalne zabezpieczenie kwarcowe przeznaczone tylko i wy\u0142\u0105cznie do felg. Jego formu\u0142a zapewnia wyg\u0142adzenie oraz hydrofobowe zabezpieczenie. Zapewnia d\u0142ugotrwa\u0142\u0105 oraz wytrzyma\u0142\u0105 ochron\u0119 przed py\u0142em z klock\u00f3w hamulcowych, wilgoci\u0105, korozj\u0105, osadzaniem si\u0119 brudu, sol\u0105 i czynnikami atmosferycznymi. Ponadto tworz\u0105c dodatkow\u0105&hellip;&nbsp;<a href=\"https:\/\/liquidmaster.pl\/en\/tenzi-prodetailing-r1-rim-50ml-powloka-ceramiczna-na-felgi\/\" rel=\"bookmark\">Read More \u00bb<span class=\"screen-reader-text\">Tenzi ProDetailing R1 Rim 50ml - ceramic coating for rims<\/span><\/a><\/p>","protected":false},"featured_media":1849453,"comment_status":"open","ping_status":"open","template":"","meta":{"neve_meta_sidebar":"","neve_meta_container":"","neve_meta_enable_content_width":"","neve_meta_content_width":0,"neve_meta_title_alignment":"","neve_meta_author_avatar":"","neve_post_elements_order":"","neve_meta_disable_header":"","neve_meta_disable_footer":"","neve_meta_disable_title":"","_themeisle_gutenberg_block_has_review":false},"product_brand":[],"product_cat":[745,733,776],"product_tag":[368],"class_list":{"0":"post-1807823","1":"product","2":"type-product","3":"status-publish","4":"has-post-thumbnail","6":"product_cat-kola-i-opony","7":"product_cat-na-zewnatrz","8":"product_cat-zabezpieczanie-felg","9":"product_tag-tenzi","11":"first","12":"outofstock","13":"taxable","14":"shipping-taxable","15":"purchasable","16":"product-type-simple"},"_links":{"self":[{"href":"https:\/\/liquidmaster.pl\/en\/wp-json\/wp\/v2\/product\/1807823","targetHints":{"allow":["GET"]}}],"collection":[{"href":"https:\/\/liquidmaster.pl\/en\/wp-json\/wp\/v2\/product"}],"about":[{"href":"https:\/\/liquidmaster.pl\/en\/wp-json\/wp\/v2\/types\/product"}],"replies":[{"embeddable":true,"href":"https:\/\/liquidmaster.pl\/en\/wp-json\/wp\/v2\/comments?post=1807823"}],"wp:featuredmedia":[{"embeddable":true,"href":"https:\/\/liquidmaster.pl\/en\/wp-json\/wp\/v2\/media\/1849453"}],"wp:attachment":[{"href":"https:\/\/liquidmaster.pl\/en\/wp-json\/wp\/v2\/media?parent=1807823"}],"wp:term":[{"taxonomy":"product_brand","embeddable":true,"href":"https:\/\/liquidmaster.pl\/en\/wp-json\/wp\/v2\/product_brand?post=1807823"},{"taxonomy":"product_cat","embeddable":true,"href":"https:\/\/liquidmaster.pl\/en\/wp-json\/wp\/v2\/product_cat?post=1807823"},{"taxonomy":"product_tag","embeddable":true,"href":"https:\/\/liquidmaster.pl\/en\/wp-json\/wp\/v2\/product_tag?post=1807823"}],"curies":[{"name":"wp","href":"https:\/\/api.w.org\/{rel}","templated":true}]}}