{"id":1807723,"date":"2025-03-28T18:32:05","date_gmt":"2025-03-28T16:32:05","guid":{"rendered":"https:\/\/liquidmaster.pl\/tec2000-radiator-stopleak-325ml-uszczelniacz-chlodnicy\/"},"modified":"2026-04-20T08:21:30","modified_gmt":"2026-04-20T06:21:30","slug":"tec2000-radiator-stopleak-325ml-uszczelniacz-chlodnicy","status":"publish","type":"product","link":"https:\/\/liquidmaster.pl\/en\/tec2000-radiator-stopleak-325ml-uszczelniacz-chlodnicy\/","title":{"rendered":"TEC2000 Radiator Stopleak 325ml \u2013 radiator sealant"},"content":{"rendered":"<p>TEC 2000 Radiator Stop Leak is an innovative radiator sealant that provides the highest degree of protection. Protects against cooling system failure due to leaks and pressure leaks.<\/p>\n<p>The use of the preparation prevents the loss of cooling mixtures and their freezing. TEC 2000 Radiator Stop Leak radiator sealant ensures that the appropriate pressure is maintained in the cooling system. This agent protects the radiator against rust and corrosion.<\/p>\n<p>The sealant should be used when radiator leaks do not exceed 1.5 mm. The preparation is sold in a 325 ml bottle. Universal radiator sealant. Suitable for all coolants available on the market. Recommended for use in professional car workshops and at home.<\/p>\n<p>When to use?<\/p>\n<ul>\n<li>when a drop in heating power is felt<\/li>\n<li>when there is a problem with heat dissipation through the radiator<\/li>\n<li>when key engine valves in the cooling system become clogged<\/li>\n<li>when the thermostat is blocked<\/li>\n<\/ul>\n<p>How to use<\/p>\n<p>TEC 2000 Radiator Stop Leak radiator sealing fluid is best used prophylactically (it does not reduce the coolant flow). Thanks to preventive use, the fluid will protect the engine against overheating when leaks are no larger than 1.5 mm and will protect the coolant against aging.<\/p>\n<p>Sealing the radiator \u2013 remember this<\/p>\n<p>When using radiator sealant, you need to remember a few things. First of all, BE EXTREMELY CAREFUL WHEN OPENING THE FILLER. WHY? REMEMBER THAT THE COOLANT IS UNDER PRESSURE AND ITS TEMPERATURE IS SO HIGH THAT IT IS VERY EASY TO BURN.<\/p>\n<p>SO HOW TO USE A RADIATOR SEALANT TO NOT RISK YOUR HEALTH? WE RECOMMEND WEARING PROTECTIVE CLOTHING, INCLUDING GLOVES AND GOGGLES, AS WELL AS REMOVING THE PLUG SLOWLY.<\/p>\n<p>Capacity 325 ml FOR 10-15 LITERS OF COOLANT<\/p>\n<p>Instruction<\/p>\n<li>Shake the container vigorously and then pour the preparation into the cooling system. Remember that the engine must be cold!<\/li>\n<li>Start the car and let the engine idle for 20 minutes<\/li>\n<p>\u00a0<\/p>","protected":false},"excerpt":{"rendered":"<p>TEC 2000 Radiator Stop Leak to innowacyjny uszczelniacz ch\u0142odnicy, kt\u00f3ry zapewnia najwy\u017cszy stopie\u0144 ochrony. Zabezpiecza przed awari\u0105 systemu ch\u0142odzenia z powodu nieszczelno\u015bci i wyciek\u00f3w ci\u015bnieniowych. Stosowanie preparatu zapobiega utracie mieszanin ch\u0142odz\u0105cych, a tak\u017ce ich zamarzaniu. Uszczelniacz do ch\u0142odnicy TEC 2000 Radiator Stop Leak sprawia, \u017ce w systemie ch\u0142odzenia utrzymywane jest odpowiednie ci\u015bnienie. \u015arodek ten chroni&hellip;&nbsp;<a href=\"https:\/\/liquidmaster.pl\/en\/tec2000-radiator-stopleak-325ml-uszczelniacz-chlodnicy\/\" rel=\"bookmark\">Read More \u00bb<span class=\"screen-reader-text\">TEC2000 Radiator Stopleak 325ml \u2013 radiator sealant<\/span><\/a><\/p>","protected":false},"featured_media":1850792,"comment_status":"open","ping_status":"open","template":"","meta":{"neve_meta_sidebar":"","neve_meta_container":"","neve_meta_enable_content_width":"","neve_meta_content_width":0,"neve_meta_title_alignment":"","neve_meta_author_avatar":"","neve_post_elements_order":"","neve_meta_disable_header":"","neve_meta_disable_footer":"","neve_meta_disable_title":"","_themeisle_gutenberg_block_has_review":false},"product_brand":[],"product_cat":[757,893,846],"product_tag":[945],"class_list":{"0":"post-1807723","1":"product","2":"type-product","3":"status-publish","4":"has-post-thumbnail","6":"product_cat-akcesoria","7":"product_cat-inne","8":"product_cat-reszta","9":"product_tag-tec-2000","11":"first","12":"outofstock","13":"taxable","14":"shipping-taxable","15":"purchasable","16":"product-type-simple"},"_links":{"self":[{"href":"https:\/\/liquidmaster.pl\/en\/wp-json\/wp\/v2\/product\/1807723","targetHints":{"allow":["GET"]}}],"collection":[{"href":"https:\/\/liquidmaster.pl\/en\/wp-json\/wp\/v2\/product"}],"about":[{"href":"https:\/\/liquidmaster.pl\/en\/wp-json\/wp\/v2\/types\/product"}],"replies":[{"embeddable":true,"href":"https:\/\/liquidmaster.pl\/en\/wp-json\/wp\/v2\/comments?post=1807723"}],"wp:featuredmedia":[{"embeddable":true,"href":"https:\/\/liquidmaster.pl\/en\/wp-json\/wp\/v2\/media\/1850792"}],"wp:attachment":[{"href":"https:\/\/liquidmaster.pl\/en\/wp-json\/wp\/v2\/media?parent=1807723"}],"wp:term":[{"taxonomy":"product_brand","embeddable":true,"href":"https:\/\/liquidmaster.pl\/en\/wp-json\/wp\/v2\/product_brand?post=1807723"},{"taxonomy":"product_cat","embeddable":true,"href":"https:\/\/liquidmaster.pl\/en\/wp-json\/wp\/v2\/product_cat?post=1807723"},{"taxonomy":"product_tag","embeddable":true,"href":"https:\/\/liquidmaster.pl\/en\/wp-json\/wp\/v2\/product_tag?post=1807723"}],"curies":[{"name":"wp","href":"https:\/\/api.w.org\/{rel}","templated":true}]}}