{"id":1807707,"date":"2025-03-28T18:30:28","date_gmt":"2025-03-28T16:30:28","guid":{"rendered":"https:\/\/liquidmaster.pl\/tec2000-fuel-injector-cleaner-375ml-czyszczenie-wtryskow-benzyny\/"},"modified":"2026-04-18T04:41:12","modified_gmt":"2026-04-18T02:41:12","slug":"tec2000-fuel-injector-cleaner-375ml-czyszczenie-wtryskow-benzyny","status":"publish","type":"product","link":"https:\/\/liquidmaster.pl\/en\/tec2000-fuel-injector-cleaner-375ml-czyszczenie-wtryskow-benzyny\/","title":{"rendered":"TEC2000 Fuel Injector Cleaner 375ml \u2013 cleaning gasoline injectors"},"content":{"rendered":"<p>TEC 2000 Fuel Injector Cleaner is an effective preparation for cleaning injectors in gasoline engines. It is a multifunctional agent that is often the last resort before disassembling the engine and regenerating the injectors. The preparation is very easy to use, it is administered directly to the strip using flexible tubes with a cross-section of approximately 8 mm and a length of approximately 1.5 m.<\/p>\n<p>TEC 2000 Fuel Injector Cleaner works extremely effectively, eliminating the accumulation of moisture around the injectors as well as dirt in the cylinders. Moreover, the preparation also reduces their consumption. For single use, it is enough to use one 375 ml can of the preparation. The gasoline injector cleaner meets all required quality standards, including EN ISO 9002. The product can be used in both industrial and home environments.<\/p>\n<p>When to use?<\/p>\n<ul>\n<li>when the engine is not working properly<\/li>\n<li>you suspect that the injector contamination is caused by the accumulation of carbon deposits or moisture<\/li>\n<li>when the injectors are blocked or partially blocked<\/li>\n<li>when exhaust emission standards are exceeded<\/li>\n<li>when injector corrections are too high<\/li>\n<li>when you simply want to take care of your car or motorcycle<\/li>\n<li>when the engine has no power, it vibrates, stops, and makes a loud noise<\/li>\n<li>when it smokes heavily from the exhaust<\/li>\n<li>you experience increased fuel consumption<\/li>\n<li>you bought a used car and you don&#039;t know its history<\/li>\n<li>you have never cleaned the injectors<\/li>\n<li>you want to increase engine power<\/li>\n<\/ul>\n<p>How to use<\/p>\n<p>The best solution is to apply the preparation directly to the injector rail using a universal injector cleaning device, which you can easily find on the market.<\/p>\n<p>Typically, such a device consists of two cables with a cross-section of approximately 8 mm and a length of approximately 1.5 m. We recommend installing a fuel filter on the cleaning installation (between the can and the injection rail). Injector cleaning ends when the preparation in the can runs out.<\/p>\n<p>Attention:<\/p>\n<ul>\n<li>If a cooling system failure is suspected, the preparation should be applied intermittently,<\/li>\n<li>Gasoline injector cleaner should be used with the engine cover open.<\/li>\n<\/ul>\n<p>If the injectors in your vehicle are heavily contaminated, we recommend applying the preparation a little longer (approx. 40 minutes), using two cans of TEC 2000 Fuel Injector Cleaner (2\u00d7375 ml).<\/p>\n<p>Capacity 375ml FOR APPROX. 20 MINUTES OF WORK<\/p>\n<p>Instruction<\/p>\n<li>Disconnect the fuel supply and return lines from the injector rail<\/li>\n<li>Plug the service cables (in place of the factory ones) into the universal feeding device<\/li>\n<li>Insert the ends of the service lines into a can of TEC 2000 Fuel Injector Cleaner<\/li>\n<li>Turn on the engine \u2013 the product begins working from this point. One can, i.e., 375 ml, is enough for about 20 minutes of work.<\/li>\n<li>When the can is empty, turn off the engine<\/li>\n<li>Unplug the service cables<\/li>\n<li>Plug in the factory cables<\/li>\n<p>Note: after the entire procedure, we recommend replacing the fuel filter.<\/p>","protected":false},"excerpt":{"rendered":"<p>TEC 2000 Fuel Injector Cleaner to skuteczny preparat do czyszczenia wtryskiwaczy w silnikach benzynowych. Jest to wielofunkcyjny \u015brodek, kt\u00f3ry stanowi cz\u0119sto ostateczno\u015b\u0107 przed demonta\u017cem silnika i regeneracj\u0105 wtryskiwaczy. Preparat jest bardzo \u0142atwy w u\u017cytku, podawany jest bezpo\u015brednio do listwy za pomoc\u0105 elastycznych przewod\u00f3w o przekroju ok. 8 mm i d\u0142ugo\u015bci w granicach 1,5 m. TEC&hellip;&nbsp;<a href=\"https:\/\/liquidmaster.pl\/en\/tec2000-fuel-injector-cleaner-375ml-czyszczenie-wtryskow-benzyny\/\" rel=\"bookmark\">Read More \u00bb<span class=\"screen-reader-text\">TEC2000 Fuel Injector Cleaner 375ml \u2013 cleaning gasoline injectors<\/span><\/a><\/p>","protected":false},"featured_media":1850787,"comment_status":"open","ping_status":"open","template":"","meta":{"neve_meta_sidebar":"","neve_meta_container":"","neve_meta_enable_content_width":"","neve_meta_content_width":0,"neve_meta_title_alignment":"","neve_meta_author_avatar":"","neve_post_elements_order":"","neve_meta_disable_header":"","neve_meta_disable_footer":"","neve_meta_disable_title":"","_themeisle_gutenberg_block_has_review":false},"product_brand":[],"product_cat":[757,893,846],"product_tag":[945],"class_list":{"0":"post-1807707","1":"product","2":"type-product","3":"status-publish","4":"has-post-thumbnail","6":"product_cat-akcesoria","7":"product_cat-inne","8":"product_cat-reszta","9":"product_tag-tec-2000","11":"first","12":"outofstock","13":"taxable","14":"shipping-taxable","15":"purchasable","16":"product-type-simple"},"_links":{"self":[{"href":"https:\/\/liquidmaster.pl\/en\/wp-json\/wp\/v2\/product\/1807707","targetHints":{"allow":["GET"]}}],"collection":[{"href":"https:\/\/liquidmaster.pl\/en\/wp-json\/wp\/v2\/product"}],"about":[{"href":"https:\/\/liquidmaster.pl\/en\/wp-json\/wp\/v2\/types\/product"}],"replies":[{"embeddable":true,"href":"https:\/\/liquidmaster.pl\/en\/wp-json\/wp\/v2\/comments?post=1807707"}],"wp:featuredmedia":[{"embeddable":true,"href":"https:\/\/liquidmaster.pl\/en\/wp-json\/wp\/v2\/media\/1850787"}],"wp:attachment":[{"href":"https:\/\/liquidmaster.pl\/en\/wp-json\/wp\/v2\/media?parent=1807707"}],"wp:term":[{"taxonomy":"product_brand","embeddable":true,"href":"https:\/\/liquidmaster.pl\/en\/wp-json\/wp\/v2\/product_brand?post=1807707"},{"taxonomy":"product_cat","embeddable":true,"href":"https:\/\/liquidmaster.pl\/en\/wp-json\/wp\/v2\/product_cat?post=1807707"},{"taxonomy":"product_tag","embeddable":true,"href":"https:\/\/liquidmaster.pl\/en\/wp-json\/wp\/v2\/product_tag?post=1807707"}],"curies":[{"name":"wp","href":"https:\/\/api.w.org\/{rel}","templated":true}]}}